{"id":14176,"date":"2023-08-21T08:12:18","date_gmt":"2023-08-21T08:12:18","guid":{"rendered":"https:\/\/sanatmetal.calvus.xyz\/?post_type=product&#038;p=14176"},"modified":"2023-08-21T08:12:18","modified_gmt":"2023-08-21T08:12:18","slug":"gentafix-13-csontcementek","status":"publish","type":"product","link":"https:\/\/sanatmetal.calvus.xyz\/ru\/product\/gentafix-13-csontcementek\/","title":{"rendered":"Gentafix 1&#038;3 csontcementek"},"content":{"rendered":"<p>A cementek ortop\u00e9diai haszn\u00e1latra lettek kifejlesztve, sug\u00e1rz\u00e1s\u00e1ll\u00f3ak \u00e9s magukt\u00f3l megk\u00f6tnek, tov\u00e1bb\u00e1 a legt\u00f6bb bakt\u00e9rium ellen hat\u00e9kony Gentamicin antibiotikumot tartalmaznak. A cementek antibiotikum tartalma \u00fagy lett optimaliz\u00e1lva, hogy garant\u00e1lja a hossz\u00fa t\u00e1v\u00fa hat\u00f3anyag kibocs\u00e1t\u00e1st a fert\u0151z\u00e9sek gy\u00f3gy\u00edt\u00e1sa vagy megel\u0151z\u00e9se \u00e9rdek\u00e9ben.<\/p>\n<p><strong>Gentafix 1<\/strong>: magas viszkozit\u00e1s\u00fa, k\u00e9zi cementez\u00e9shez.<\/p>\n<p><strong>Gentafix 3<\/strong>: alacsony viszkozit\u00e1s\u00fa, optim\u00e1lis foly\u00e9konys\u00e1g\u00fa fecskend\u0151vel vagy injekci\u00f3s pisztollyal t\u00f6rt\u00e9n\u0151 cementez\u00e9shez.<\/p>\n","protected":false},"excerpt":{"rendered":"<p>A cementek ortop\u00e9diai haszn\u00e1latra lettek kifejlesztve, sug\u00e1rz\u00e1s\u00e1ll\u00f3ak \u00e9s magukt\u00f3l megk\u00f6tnek, tov\u00e1bb\u00e1 a legt\u00f6bb bakt\u00e9rium ellen hat\u00e9kony Gentamicin antibiotikumot tartalmaznak. A cementek antibiotikum tartalma \u00fagy lett optimaliz\u00e1lva, hogy garant\u00e1lja a hossz\u00fa t\u00e1v\u00fa hat\u00f3anyag kibocs\u00e1t\u00e1st a fert\u0151z\u00e9sek gy\u00f3gy\u00edt\u00e1sa vagy megel\u0151z\u00e9se \u00e9rdek\u00e9ben. Gentafix 1: magas viszkozit\u00e1s\u00fa, k\u00e9zi cementez\u00e9shez. Gentafix 3: alacsony viszkozit\u00e1s\u00fa, optim\u00e1lis foly\u00e9konys\u00e1g\u00fa fecskend\u0151vel vagy injekci\u00f3s pisztollyal [&hellip;]<\/p>\n","protected":false},"featured_media":14177,"template":"","meta":[],"product_brand":[],"product_cat":[1070],"product_tag":[],"class_list":{"0":"post-14176","1":"product","2":"type-product","3":"status-publish","4":"has-post-thumbnail","6":"product_cat-csontcementek","8":"first","9":"instock","10":"shipping-taxable","11":"product-type-simple"},"yoast_head":"<!-- This site is optimized with the Yoast SEO plugin v27.2 - https:\/\/yoast.com\/product\/yoast-seo-wordpress\/ -->\n<title>Gentafix 1&amp;3 csontcementek - Sanatmetal<\/title>\n<meta name=\"robots\" content=\"index, follow, max-snippet:-1, max-image-preview:large, max-video-preview:-1\" \/>\n<link rel=\"canonical\" href=\"https:\/\/sanatmetal.calvus.xyz\/ru\/product\/gentafix-13-csontcementek\/\" \/>\n<meta property=\"og:locale\" content=\"ru_RU\" \/>\n<meta property=\"og:type\" content=\"article\" \/>\n<meta property=\"og:title\" content=\"Gentafix 1&amp;3 csontcementek - Sanatmetal\" \/>\n<meta property=\"og:description\" content=\"A cementek ortop\u00e9diai haszn\u00e1latra lettek kifejlesztve, sug\u00e1rz\u00e1s\u00e1ll\u00f3ak \u00e9s magukt\u00f3l megk\u00f6tnek, tov\u00e1bb\u00e1 a legt\u00f6bb bakt\u00e9rium ellen hat\u00e9kony Gentamicin antibiotikumot tartalmaznak. A cementek antibiotikum tartalma \u00fagy lett optimaliz\u00e1lva, hogy garant\u00e1lja a hossz\u00fa t\u00e1v\u00fa hat\u00f3anyag kibocs\u00e1t\u00e1st a fert\u0151z\u00e9sek gy\u00f3gy\u00edt\u00e1sa vagy megel\u0151z\u00e9se \u00e9rdek\u00e9ben. Gentafix 1: magas viszkozit\u00e1s\u00fa, k\u00e9zi cementez\u00e9shez. Gentafix 3: alacsony viszkozit\u00e1s\u00fa, optim\u00e1lis foly\u00e9konys\u00e1g\u00fa fecskend\u0151vel vagy injekci\u00f3s pisztollyal [&hellip;]\" \/>\n<meta property=\"og:url\" content=\"https:\/\/sanatmetal.calvus.xyz\/en\/product\/gentafix-13-csontcementek\/\" \/>\n<meta property=\"og:site_name\" content=\"Sanatmetal\" \/>\n<meta property=\"og:image\" content=\"https:\/\/sanatmetal.calvus.xyz\/wp-content\/uploads\/2023\/08\/V_Gentafix_HD-1-scaled.jpg\" \/>\n\t<meta property=\"og:image:width\" content=\"2560\" \/>\n\t<meta property=\"og:image:height\" content=\"1280\" \/>\n\t<meta property=\"og:image:type\" content=\"image\/jpeg\" \/>\n<meta name=\"twitter:card\" content=\"summary_large_image\" \/>\n<script type=\"application\/ld+json\" class=\"yoast-schema-graph\">{\"@context\":\"https:\/\/schema.org\",\"@graph\":[{\"@type\":\"WebPage\",\"@id\":\"https:\/\/sanatmetal.calvus.xyz\/en\/product\/gentafix-13-csontcementek\/\",\"url\":\"https:\/\/sanatmetal.calvus.xyz\/en\/product\/gentafix-13-csontcementek\/\",\"name\":\"Gentafix 1&3 csontcementek - Sanatmetal\",\"isPartOf\":{\"@id\":\"https:\/\/sanatmetal.calvus.xyz\/en\/#website\"},\"primaryImageOfPage\":{\"@id\":\"https:\/\/sanatmetal.calvus.xyz\/en\/product\/gentafix-13-csontcementek\/#primaryimage\"},\"image\":{\"@id\":\"https:\/\/sanatmetal.calvus.xyz\/en\/product\/gentafix-13-csontcementek\/#primaryimage\"},\"thumbnailUrl\":\"https:\/\/sanatmetal.calvus.xyz\/wp-content\/uploads\/2023\/08\/V_Gentafix_HD-1-scaled.webp\",\"datePublished\":\"2023-08-21T08:12:18+00:00\",\"breadcrumb\":{\"@id\":\"https:\/\/sanatmetal.calvus.xyz\/en\/product\/gentafix-13-csontcementek\/#breadcrumb\"},\"inLanguage\":\"ru-RU\",\"potentialAction\":[{\"@type\":\"ReadAction\",\"target\":[\"https:\/\/sanatmetal.calvus.xyz\/en\/product\/gentafix-13-csontcementek\/\"]}]},{\"@type\":\"ImageObject\",\"inLanguage\":\"ru-RU\",\"@id\":\"https:\/\/sanatmetal.calvus.xyz\/en\/product\/gentafix-13-csontcementek\/#primaryimage\",\"url\":\"https:\/\/sanatmetal.calvus.xyz\/wp-content\/uploads\/2023\/08\/V_Gentafix_HD-1-scaled.webp\",\"contentUrl\":\"https:\/\/sanatmetal.calvus.xyz\/wp-content\/uploads\/2023\/08\/V_Gentafix_HD-1-scaled.webp\",\"width\":2560,\"height\":1280},{\"@type\":\"BreadcrumbList\",\"@id\":\"https:\/\/sanatmetal.calvus.xyz\/en\/product\/gentafix-13-csontcementek\/#breadcrumb\",\"itemListElement\":[{\"@type\":\"ListItem\",\"position\":1,\"name\":\"Home\",\"item\":\"https:\/\/sanatmetal.calvus.xyz\/ru\/\"},{\"@type\":\"ListItem\",\"position\":2,\"name\":\"\u041f\u0420\u041e\u0414\u0423\u041a\u0426\u0418\u042f\",\"item\":\"https:\/\/sanatmetal.calvus.xyz\/ru\/products\/\"},{\"@type\":\"ListItem\",\"position\":3,\"name\":\"Gentafix 1&#038;3 csontcementek\"}]},{\"@type\":\"WebSite\",\"@id\":\"https:\/\/sanatmetal.calvus.xyz\/en\/#website\",\"url\":\"https:\/\/sanatmetal.calvus.xyz\/en\/\",\"name\":\"Sanatmetal\",\"description\":\"\",\"publisher\":{\"@id\":\"https:\/\/sanatmetal.calvus.xyz\/en\/#organization\"},\"potentialAction\":[{\"@type\":\"SearchAction\",\"target\":{\"@type\":\"EntryPoint\",\"urlTemplate\":\"https:\/\/sanatmetal.calvus.xyz\/en\/?s={search_term_string}\"},\"query-input\":{\"@type\":\"PropertyValueSpecification\",\"valueRequired\":true,\"valueName\":\"search_term_string\"}}],\"inLanguage\":\"ru-RU\"},{\"@type\":\"Organization\",\"@id\":\"https:\/\/sanatmetal.calvus.xyz\/en\/#organization\",\"name\":\"Sanatmetal\",\"url\":\"https:\/\/sanatmetal.calvus.xyz\/en\/\",\"logo\":{\"@type\":\"ImageObject\",\"inLanguage\":\"ru-RU\",\"@id\":\"https:\/\/sanatmetal.calvus.xyz\/en\/#\/schema\/logo\/image\/\",\"url\":\"https:\/\/sanatmetal.calvus.xyz\/wp-content\/uploads\/2024\/10\/Nevtelen-terv-5-e1728647058747.png\",\"contentUrl\":\"https:\/\/sanatmetal.calvus.xyz\/wp-content\/uploads\/2024\/10\/Nevtelen-terv-5-e1728647058747.png\",\"width\":1410,\"height\":1293,\"caption\":\"Sanatmetal\"},\"image\":{\"@id\":\"https:\/\/sanatmetal.calvus.xyz\/en\/#\/schema\/logo\/image\/\"}}]}<\/script>\n<!-- \/ Yoast SEO plugin. -->","yoast_head_json":{"title":"Gentafix 1&3 csontcementek - Sanatmetal","robots":{"index":"index","follow":"follow","max-snippet":"max-snippet:-1","max-image-preview":"max-image-preview:large","max-video-preview":"max-video-preview:-1"},"canonical":"https:\/\/sanatmetal.calvus.xyz\/ru\/product\/gentafix-13-csontcementek\/","og_locale":"ru_RU","og_type":"article","og_title":"Gentafix 1&3 csontcementek - Sanatmetal","og_description":"A cementek ortop\u00e9diai haszn\u00e1latra lettek kifejlesztve, sug\u00e1rz\u00e1s\u00e1ll\u00f3ak \u00e9s magukt\u00f3l megk\u00f6tnek, tov\u00e1bb\u00e1 a legt\u00f6bb bakt\u00e9rium ellen hat\u00e9kony Gentamicin antibiotikumot tartalmaznak. A cementek antibiotikum tartalma \u00fagy lett optimaliz\u00e1lva, hogy garant\u00e1lja a hossz\u00fa t\u00e1v\u00fa hat\u00f3anyag kibocs\u00e1t\u00e1st a fert\u0151z\u00e9sek gy\u00f3gy\u00edt\u00e1sa vagy megel\u0151z\u00e9se \u00e9rdek\u00e9ben. Gentafix 1: magas viszkozit\u00e1s\u00fa, k\u00e9zi cementez\u00e9shez. Gentafix 3: alacsony viszkozit\u00e1s\u00fa, optim\u00e1lis foly\u00e9konys\u00e1g\u00fa fecskend\u0151vel vagy injekci\u00f3s pisztollyal [&hellip;]","og_url":"https:\/\/sanatmetal.calvus.xyz\/en\/product\/gentafix-13-csontcementek\/","og_site_name":"Sanatmetal","og_image":[{"width":2560,"height":1280,"url":"https:\/\/sanatmetal.calvus.xyz\/wp-content\/uploads\/2023\/08\/V_Gentafix_HD-1-scaled.jpg","type":"image\/jpeg"}],"twitter_card":"summary_large_image","schema":{"@context":"https:\/\/schema.org","@graph":[{"@type":"WebPage","@id":"https:\/\/sanatmetal.calvus.xyz\/en\/product\/gentafix-13-csontcementek\/","url":"https:\/\/sanatmetal.calvus.xyz\/en\/product\/gentafix-13-csontcementek\/","name":"Gentafix 1&3 csontcementek - Sanatmetal","isPartOf":{"@id":"https:\/\/sanatmetal.calvus.xyz\/en\/#website"},"primaryImageOfPage":{"@id":"https:\/\/sanatmetal.calvus.xyz\/en\/product\/gentafix-13-csontcementek\/#primaryimage"},"image":{"@id":"https:\/\/sanatmetal.calvus.xyz\/en\/product\/gentafix-13-csontcementek\/#primaryimage"},"thumbnailUrl":"https:\/\/sanatmetal.calvus.xyz\/wp-content\/uploads\/2023\/08\/V_Gentafix_HD-1-scaled.webp","datePublished":"2023-08-21T08:12:18+00:00","breadcrumb":{"@id":"https:\/\/sanatmetal.calvus.xyz\/en\/product\/gentafix-13-csontcementek\/#breadcrumb"},"inLanguage":"ru-RU","potentialAction":[{"@type":"ReadAction","target":["https:\/\/sanatmetal.calvus.xyz\/en\/product\/gentafix-13-csontcementek\/"]}]},{"@type":"ImageObject","inLanguage":"ru-RU","@id":"https:\/\/sanatmetal.calvus.xyz\/en\/product\/gentafix-13-csontcementek\/#primaryimage","url":"https:\/\/sanatmetal.calvus.xyz\/wp-content\/uploads\/2023\/08\/V_Gentafix_HD-1-scaled.webp","contentUrl":"https:\/\/sanatmetal.calvus.xyz\/wp-content\/uploads\/2023\/08\/V_Gentafix_HD-1-scaled.webp","width":2560,"height":1280},{"@type":"BreadcrumbList","@id":"https:\/\/sanatmetal.calvus.xyz\/en\/product\/gentafix-13-csontcementek\/#breadcrumb","itemListElement":[{"@type":"ListItem","position":1,"name":"Home","item":"https:\/\/sanatmetal.calvus.xyz\/ru\/"},{"@type":"ListItem","position":2,"name":"\u041f\u0420\u041e\u0414\u0423\u041a\u0426\u0418\u042f","item":"https:\/\/sanatmetal.calvus.xyz\/ru\/products\/"},{"@type":"ListItem","position":3,"name":"Gentafix 1&#038;3 csontcementek"}]},{"@type":"WebSite","@id":"https:\/\/sanatmetal.calvus.xyz\/en\/#website","url":"https:\/\/sanatmetal.calvus.xyz\/en\/","name":"Sanatmetal","description":"","publisher":{"@id":"https:\/\/sanatmetal.calvus.xyz\/en\/#organization"},"potentialAction":[{"@type":"SearchAction","target":{"@type":"EntryPoint","urlTemplate":"https:\/\/sanatmetal.calvus.xyz\/en\/?s={search_term_string}"},"query-input":{"@type":"PropertyValueSpecification","valueRequired":true,"valueName":"search_term_string"}}],"inLanguage":"ru-RU"},{"@type":"Organization","@id":"https:\/\/sanatmetal.calvus.xyz\/en\/#organization","name":"Sanatmetal","url":"https:\/\/sanatmetal.calvus.xyz\/en\/","logo":{"@type":"ImageObject","inLanguage":"ru-RU","@id":"https:\/\/sanatmetal.calvus.xyz\/en\/#\/schema\/logo\/image\/","url":"https:\/\/sanatmetal.calvus.xyz\/wp-content\/uploads\/2024\/10\/Nevtelen-terv-5-e1728647058747.png","contentUrl":"https:\/\/sanatmetal.calvus.xyz\/wp-content\/uploads\/2024\/10\/Nevtelen-terv-5-e1728647058747.png","width":1410,"height":1293,"caption":"Sanatmetal"},"image":{"@id":"https:\/\/sanatmetal.calvus.xyz\/en\/#\/schema\/logo\/image\/"}}]}},"_links":{"self":[{"href":"https:\/\/sanatmetal.calvus.xyz\/ru\/wp-json\/wp\/v2\/product\/14176","targetHints":{"allow":["GET"]}}],"collection":[{"href":"https:\/\/sanatmetal.calvus.xyz\/ru\/wp-json\/wp\/v2\/product"}],"about":[{"href":"https:\/\/sanatmetal.calvus.xyz\/ru\/wp-json\/wp\/v2\/types\/product"}],"wp:featuredmedia":[{"embeddable":true,"href":"https:\/\/sanatmetal.calvus.xyz\/ru\/wp-json\/wp\/v2\/media\/14177"}],"wp:attachment":[{"href":"https:\/\/sanatmetal.calvus.xyz\/ru\/wp-json\/wp\/v2\/media?parent=14176"}],"wp:term":[{"taxonomy":"product_brand","embeddable":true,"href":"https:\/\/sanatmetal.calvus.xyz\/ru\/wp-json\/wp\/v2\/product_brand?post=14176"},{"taxonomy":"product_cat","embeddable":true,"href":"https:\/\/sanatmetal.calvus.xyz\/ru\/wp-json\/wp\/v2\/product_cat?post=14176"},{"taxonomy":"product_tag","embeddable":true,"href":"https:\/\/sanatmetal.calvus.xyz\/ru\/wp-json\/wp\/v2\/product_tag?post=14176"}],"curies":[{"name":"wp","href":"https:\/\/api.w.org\/{rel}","templated":true}]}}