{"id":10384,"date":"2020-03-02T14:59:25","date_gmt":"2020-03-02T14:59:25","guid":{"rendered":"https:\/\/sanatmetal.calvus.xyz\/privacy-statement\/"},"modified":"2021-09-30T09:45:17","modified_gmt":"2021-09-30T09:45:17","slug":"privacy-statement","status":"publish","type":"page","link":"https:\/\/sanatmetal.calvus.xyz\/ro\/privacy-statement\/","title":{"rendered":"Declara\u021bie de confiden\u021bialitate"},"content":{"rendered":"<p><strong>Scopul gestion\u0103rii datelor<\/strong><\/p>\n<ul>\n<li>\u00a0Informa\u021bii profesionale despre produsele Sanatmetal SRL<\/li>\n<li>Livrarea de prezent\u0103ri de produse \u0219i scrisori de marketing<\/li>\n<li>Prezent\u0103ri \u0219i prezentare de informa\u021bii tehnice noi.<\/li>\n<\/ul>\n<p>Securitatea \u0219i protec\u021bia datelor dvs. sunt importante pentru Sanatmetal SRL., Deci, v\u0103 rug\u0103m s\u0103 citi\u021bi cu aten\u021bie informa\u021biile noastre! Dorim s\u0103 v\u0103 inform\u0103m c\u0103, f\u0103c\u00e2nd clic pe butonul de abonare, sunte\u021bi de acord cu gestionarea numelui \u0219i adresei dvs. de e-mail de c\u0103tre noi pentru a fi informa\u021bi cu privire la informatiile noastre. Regulamentul (UE) 2016\/679 din GDPR, Parlamentul European \u0219i Consiliul a intrat \u00een vigoare la 25 mai 2018 \u0219i au fost introduse reglement\u0103ri stricte pentru a proteja datele cu caracter personal ale persoanelor. \u00cen consecin\u021b\u0103, Sanatmetal SRL Dore\u0219te s\u0103 v\u0103 asigure c\u0103 va utiliza datele dvs. personale (\u00een acest caz: numele \u0219i adresa de e-mail) numai cu acordul dvs. \u00een leg\u0103tur\u0103 cu buletinele sale informative \u0219i nu le va transmite ter\u021bilor. V\u0103 rug\u0103m s\u0103 re\u021bine\u021bi c\u0103 ave\u021bi dreptul de a solicita modificarea sau \u0219tergerea datelor dvs. personale din lista buletinului informativ \u00een orice moment. Este posibil s\u0103 v\u0103 dezabona\u021bi la adresa de e-mail <a href=\"mailto:metal@sanatmetal.calvus.xyz\">metal@sanatmetal.calvus.xyz<\/a> sau f\u0103c\u00e2nd clic pe butonul de dezabonare din newsletter.<\/p>\n","protected":false},"excerpt":{"rendered":"<p>Scopul gestion\u0103rii datelor \u00a0Informa\u021bii profesionale despre produsele Sanatmetal SRL Livrarea de prezent\u0103ri de produse \u0219i scrisori de marketing Prezent\u0103ri \u0219i prezentare de informa\u021bii tehnice noi. Securitatea \u0219i protec\u021bia datelor dvs. sunt importante pentru Sanatmetal SRL., Deci, v\u0103 rug\u0103m s\u0103 citi\u021bi cu aten\u021bie informa\u021biile noastre! Dorim s\u0103 v\u0103 inform\u0103m c\u0103, f\u0103c\u00e2nd clic pe butonul de abonare, [&hellip;]<\/p>\n","protected":false},"author":1,"featured_media":0,"parent":0,"menu_order":0,"comment_status":"closed","ping_status":"closed","template":"","meta":{"footnotes":""},"class_list":["post-10384","page","type-page","status-publish","hentry"],"yoast_head":"<!-- This site is optimized with the Yoast SEO plugin v27.2 - https:\/\/yoast.com\/product\/yoast-seo-wordpress\/ -->\n<title>Declara\u021bie de confiden\u021bialitate - Sanatmetal<\/title>\n<meta name=\"robots\" content=\"index, follow, max-snippet:-1, max-image-preview:large, max-video-preview:-1\" \/>\n<link rel=\"canonical\" href=\"https:\/\/sanatmetal.calvus.xyz\/ro\/privacy-statement\/\" \/>\n<meta property=\"og:locale\" content=\"ro_RO\" \/>\n<meta property=\"og:type\" content=\"article\" \/>\n<meta property=\"og:title\" content=\"Declara\u021bie de confiden\u021bialitate - Sanatmetal\" \/>\n<meta property=\"og:description\" content=\"Scopul gestion\u0103rii datelor \u00a0Informa\u021bii profesionale despre produsele Sanatmetal SRL Livrarea de prezent\u0103ri de produse \u0219i scrisori de marketing Prezent\u0103ri \u0219i prezentare de informa\u021bii tehnice noi. Securitatea \u0219i protec\u021bia datelor dvs. sunt importante pentru Sanatmetal SRL., Deci, v\u0103 rug\u0103m s\u0103 citi\u021bi cu aten\u021bie informa\u021biile noastre! Dorim s\u0103 v\u0103 inform\u0103m c\u0103, f\u0103c\u00e2nd clic pe butonul de abonare, [&hellip;]\" \/>\n<meta property=\"og:url\" content=\"https:\/\/sanatmetal.calvus.xyz\/ro\/privacy-statement\/\" \/>\n<meta property=\"og:site_name\" content=\"Sanatmetal\" \/>\n<meta property=\"article:modified_time\" content=\"2021-09-30T09:45:17+00:00\" \/>\n<meta name=\"twitter:card\" content=\"summary_large_image\" \/>\n<meta name=\"twitter:label1\" content=\"Est. reading time\" \/>\n\t<meta name=\"twitter:data1\" content=\"1 minute\" \/>\n<script type=\"application\/ld+json\" class=\"yoast-schema-graph\">{\"@context\":\"https:\/\/schema.org\",\"@graph\":[{\"@type\":\"WebPage\",\"@id\":\"https:\/\/sanatmetal.calvus.xyz\/ro\/privacy-statement\/\",\"url\":\"https:\/\/sanatmetal.calvus.xyz\/ro\/privacy-statement\/\",\"name\":\"Declara\u021bie de confiden\u021bialitate - Sanatmetal\",\"isPartOf\":{\"@id\":\"https:\/\/sanatmetal.calvus.xyz\/en\/#website\"},\"datePublished\":\"2020-03-02T14:59:25+00:00\",\"dateModified\":\"2021-09-30T09:45:17+00:00\",\"breadcrumb\":{\"@id\":\"https:\/\/sanatmetal.calvus.xyz\/ro\/privacy-statement\/#breadcrumb\"},\"inLanguage\":\"ro-RO\",\"potentialAction\":[{\"@type\":\"ReadAction\",\"target\":[\"https:\/\/sanatmetal.calvus.xyz\/ro\/privacy-statement\/\"]}]},{\"@type\":\"BreadcrumbList\",\"@id\":\"https:\/\/sanatmetal.calvus.xyz\/ro\/privacy-statement\/#breadcrumb\",\"itemListElement\":[{\"@type\":\"ListItem\",\"position\":1,\"name\":\"Home\",\"item\":\"https:\/\/sanatmetal.calvus.xyz\/ro\/\"},{\"@type\":\"ListItem\",\"position\":2,\"name\":\"Declara\u021bie de confiden\u021bialitate\"}]},{\"@type\":\"WebSite\",\"@id\":\"https:\/\/sanatmetal.calvus.xyz\/en\/#website\",\"url\":\"https:\/\/sanatmetal.calvus.xyz\/en\/\",\"name\":\"Sanatmetal\",\"description\":\"\",\"publisher\":{\"@id\":\"https:\/\/sanatmetal.calvus.xyz\/en\/#organization\"},\"potentialAction\":[{\"@type\":\"SearchAction\",\"target\":{\"@type\":\"EntryPoint\",\"urlTemplate\":\"https:\/\/sanatmetal.calvus.xyz\/en\/?s={search_term_string}\"},\"query-input\":{\"@type\":\"PropertyValueSpecification\",\"valueRequired\":true,\"valueName\":\"search_term_string\"}}],\"inLanguage\":\"ro-RO\"},{\"@type\":\"Organization\",\"@id\":\"https:\/\/sanatmetal.calvus.xyz\/en\/#organization\",\"name\":\"Sanatmetal\",\"url\":\"https:\/\/sanatmetal.calvus.xyz\/en\/\",\"logo\":{\"@type\":\"ImageObject\",\"inLanguage\":\"ro-RO\",\"@id\":\"https:\/\/sanatmetal.calvus.xyz\/en\/#\/schema\/logo\/image\/\",\"url\":\"https:\/\/sanatmetal.calvus.xyz\/wp-content\/uploads\/2024\/10\/Nevtelen-terv-5-e1728647058747.png\",\"contentUrl\":\"https:\/\/sanatmetal.calvus.xyz\/wp-content\/uploads\/2024\/10\/Nevtelen-terv-5-e1728647058747.png\",\"width\":1410,\"height\":1293,\"caption\":\"Sanatmetal\"},\"image\":{\"@id\":\"https:\/\/sanatmetal.calvus.xyz\/en\/#\/schema\/logo\/image\/\"}}]}<\/script>\n<!-- \/ Yoast SEO plugin. -->","yoast_head_json":{"title":"Declara\u021bie de confiden\u021bialitate - Sanatmetal","robots":{"index":"index","follow":"follow","max-snippet":"max-snippet:-1","max-image-preview":"max-image-preview:large","max-video-preview":"max-video-preview:-1"},"canonical":"https:\/\/sanatmetal.calvus.xyz\/ro\/privacy-statement\/","og_locale":"ro_RO","og_type":"article","og_title":"Declara\u021bie de confiden\u021bialitate - Sanatmetal","og_description":"Scopul gestion\u0103rii datelor \u00a0Informa\u021bii profesionale despre produsele Sanatmetal SRL Livrarea de prezent\u0103ri de produse \u0219i scrisori de marketing Prezent\u0103ri \u0219i prezentare de informa\u021bii tehnice noi. Securitatea \u0219i protec\u021bia datelor dvs. sunt importante pentru Sanatmetal SRL., Deci, v\u0103 rug\u0103m s\u0103 citi\u021bi cu aten\u021bie informa\u021biile noastre! Dorim s\u0103 v\u0103 inform\u0103m c\u0103, f\u0103c\u00e2nd clic pe butonul de abonare, [&hellip;]","og_url":"https:\/\/sanatmetal.calvus.xyz\/ro\/privacy-statement\/","og_site_name":"Sanatmetal","article_modified_time":"2021-09-30T09:45:17+00:00","twitter_card":"summary_large_image","twitter_misc":{"Est. reading time":"1 minute"},"schema":{"@context":"https:\/\/schema.org","@graph":[{"@type":"WebPage","@id":"https:\/\/sanatmetal.calvus.xyz\/ro\/privacy-statement\/","url":"https:\/\/sanatmetal.calvus.xyz\/ro\/privacy-statement\/","name":"Declara\u021bie de confiden\u021bialitate - Sanatmetal","isPartOf":{"@id":"https:\/\/sanatmetal.calvus.xyz\/en\/#website"},"datePublished":"2020-03-02T14:59:25+00:00","dateModified":"2021-09-30T09:45:17+00:00","breadcrumb":{"@id":"https:\/\/sanatmetal.calvus.xyz\/ro\/privacy-statement\/#breadcrumb"},"inLanguage":"ro-RO","potentialAction":[{"@type":"ReadAction","target":["https:\/\/sanatmetal.calvus.xyz\/ro\/privacy-statement\/"]}]},{"@type":"BreadcrumbList","@id":"https:\/\/sanatmetal.calvus.xyz\/ro\/privacy-statement\/#breadcrumb","itemListElement":[{"@type":"ListItem","position":1,"name":"Home","item":"https:\/\/sanatmetal.calvus.xyz\/ro\/"},{"@type":"ListItem","position":2,"name":"Declara\u021bie de confiden\u021bialitate"}]},{"@type":"WebSite","@id":"https:\/\/sanatmetal.calvus.xyz\/en\/#website","url":"https:\/\/sanatmetal.calvus.xyz\/en\/","name":"Sanatmetal","description":"","publisher":{"@id":"https:\/\/sanatmetal.calvus.xyz\/en\/#organization"},"potentialAction":[{"@type":"SearchAction","target":{"@type":"EntryPoint","urlTemplate":"https:\/\/sanatmetal.calvus.xyz\/en\/?s={search_term_string}"},"query-input":{"@type":"PropertyValueSpecification","valueRequired":true,"valueName":"search_term_string"}}],"inLanguage":"ro-RO"},{"@type":"Organization","@id":"https:\/\/sanatmetal.calvus.xyz\/en\/#organization","name":"Sanatmetal","url":"https:\/\/sanatmetal.calvus.xyz\/en\/","logo":{"@type":"ImageObject","inLanguage":"ro-RO","@id":"https:\/\/sanatmetal.calvus.xyz\/en\/#\/schema\/logo\/image\/","url":"https:\/\/sanatmetal.calvus.xyz\/wp-content\/uploads\/2024\/10\/Nevtelen-terv-5-e1728647058747.png","contentUrl":"https:\/\/sanatmetal.calvus.xyz\/wp-content\/uploads\/2024\/10\/Nevtelen-terv-5-e1728647058747.png","width":1410,"height":1293,"caption":"Sanatmetal"},"image":{"@id":"https:\/\/sanatmetal.calvus.xyz\/en\/#\/schema\/logo\/image\/"}}]}},"_links":{"self":[{"href":"https:\/\/sanatmetal.calvus.xyz\/ro\/wp-json\/wp\/v2\/pages\/10384","targetHints":{"allow":["GET"]}}],"collection":[{"href":"https:\/\/sanatmetal.calvus.xyz\/ro\/wp-json\/wp\/v2\/pages"}],"about":[{"href":"https:\/\/sanatmetal.calvus.xyz\/ro\/wp-json\/wp\/v2\/types\/page"}],"author":[{"embeddable":true,"href":"https:\/\/sanatmetal.calvus.xyz\/ro\/wp-json\/wp\/v2\/users\/1"}],"replies":[{"embeddable":true,"href":"https:\/\/sanatmetal.calvus.xyz\/ro\/wp-json\/wp\/v2\/comments?post=10384"}],"version-history":[{"count":2,"href":"https:\/\/sanatmetal.calvus.xyz\/ro\/wp-json\/wp\/v2\/pages\/10384\/revisions"}],"predecessor-version":[{"id":10395,"href":"https:\/\/sanatmetal.calvus.xyz\/ro\/wp-json\/wp\/v2\/pages\/10384\/revisions\/10395"}],"wp:attachment":[{"href":"https:\/\/sanatmetal.calvus.xyz\/ro\/wp-json\/wp\/v2\/media?parent=10384"}],"curies":[{"name":"wp","href":"https:\/\/api.w.org\/{rel}","templated":true}]}}