{"id":10365,"date":"2020-03-10T12:25:34","date_gmt":"2020-03-10T12:25:34","guid":{"rendered":"https:\/\/sanatmetal.calvus.xyz\/news\/"},"modified":"2021-09-30T09:41:10","modified_gmt":"2021-09-30T09:41:10","slug":"news","status":"publish","type":"page","link":"https:\/\/sanatmetal.calvus.xyz\/ro\/news\/","title":{"rendered":"Stiri"},"content":{"rendered":"","protected":false},"excerpt":{"rendered":"","protected":false},"author":1,"featured_media":10366,"parent":0,"menu_order":0,"comment_status":"closed","ping_status":"closed","template":"","meta":{"footnotes":""},"class_list":["post-10365","page","type-page","status-publish","has-post-thumbnail","hentry"],"yoast_head":"<!-- This site is optimized with the Yoast SEO plugin v27.2 - https:\/\/yoast.com\/product\/yoast-seo-wordpress\/ -->\n<title>Stiri - Sanatmetal<\/title>\n<meta name=\"robots\" content=\"index, follow, max-snippet:-1, max-image-preview:large, max-video-preview:-1\" \/>\n<link rel=\"canonical\" href=\"https:\/\/sanatmetal.calvus.xyz\/ro\/news\/\" \/>\n<meta property=\"og:locale\" content=\"ro_RO\" \/>\n<meta property=\"og:type\" content=\"article\" \/>\n<meta property=\"og:title\" content=\"Stiri - Sanatmetal\" \/>\n<meta property=\"og:url\" content=\"https:\/\/sanatmetal.calvus.xyz\/ro\/news\/\" \/>\n<meta property=\"og:site_name\" content=\"Sanatmetal\" \/>\n<meta property=\"article:modified_time\" content=\"2021-09-30T09:41:10+00:00\" \/>\n<meta property=\"og:image\" content=\"https:\/\/sanatmetal.calvus.xyz\/wp-content\/uploads\/2020\/03\/h\u00edrek_fejl\u00e9c_k\u00e9p-min-scaled.jpg\" \/>\n\t<meta property=\"og:image:width\" content=\"2560\" \/>\n\t<meta property=\"og:image:height\" content=\"1036\" \/>\n\t<meta property=\"og:image:type\" content=\"image\/jpeg\" \/>\n<meta name=\"twitter:card\" content=\"summary_large_image\" \/>\n<script type=\"application\/ld+json\" class=\"yoast-schema-graph\">{\"@context\":\"https:\/\/schema.org\",\"@graph\":[{\"@type\":\"WebPage\",\"@id\":\"https:\/\/sanatmetal.calvus.xyz\/ro\/news\/\",\"url\":\"https:\/\/sanatmetal.calvus.xyz\/ro\/news\/\",\"name\":\"Stiri - Sanatmetal\",\"isPartOf\":{\"@id\":\"https:\/\/sanatmetal.calvus.xyz\/en\/#website\"},\"primaryImageOfPage\":{\"@id\":\"https:\/\/sanatmetal.calvus.xyz\/ro\/news\/#primaryimage\"},\"image\":{\"@id\":\"https:\/\/sanatmetal.calvus.xyz\/ro\/news\/#primaryimage\"},\"thumbnailUrl\":\"https:\/\/sanatmetal.calvus.xyz\/wp-content\/uploads\/2020\/03\/h\u00edrek_fejl\u00e9c_k\u00e9p-min-scaled.jpg\",\"datePublished\":\"2020-03-10T12:25:34+00:00\",\"dateModified\":\"2021-09-30T09:41:10+00:00\",\"breadcrumb\":{\"@id\":\"https:\/\/sanatmetal.calvus.xyz\/ro\/news\/#breadcrumb\"},\"inLanguage\":\"ro-RO\",\"potentialAction\":[{\"@type\":\"ReadAction\",\"target\":[\"https:\/\/sanatmetal.calvus.xyz\/ro\/news\/\"]}]},{\"@type\":\"ImageObject\",\"inLanguage\":\"ro-RO\",\"@id\":\"https:\/\/sanatmetal.calvus.xyz\/ro\/news\/#primaryimage\",\"url\":\"https:\/\/sanatmetal.calvus.xyz\/wp-content\/uploads\/2020\/03\/h\u00edrek_fejl\u00e9c_k\u00e9p-min-scaled.jpg\",\"contentUrl\":\"https:\/\/sanatmetal.calvus.xyz\/wp-content\/uploads\/2020\/03\/h\u00edrek_fejl\u00e9c_k\u00e9p-min-scaled.jpg\",\"width\":2560,\"height\":1036},{\"@type\":\"BreadcrumbList\",\"@id\":\"https:\/\/sanatmetal.calvus.xyz\/ro\/news\/#breadcrumb\",\"itemListElement\":[{\"@type\":\"ListItem\",\"position\":1,\"name\":\"Home\",\"item\":\"https:\/\/sanatmetal.calvus.xyz\/ro\/\"},{\"@type\":\"ListItem\",\"position\":2,\"name\":\"Stiri\"}]},{\"@type\":\"WebSite\",\"@id\":\"https:\/\/sanatmetal.calvus.xyz\/en\/#website\",\"url\":\"https:\/\/sanatmetal.calvus.xyz\/en\/\",\"name\":\"Sanatmetal\",\"description\":\"\",\"publisher\":{\"@id\":\"https:\/\/sanatmetal.calvus.xyz\/en\/#organization\"},\"potentialAction\":[{\"@type\":\"SearchAction\",\"target\":{\"@type\":\"EntryPoint\",\"urlTemplate\":\"https:\/\/sanatmetal.calvus.xyz\/en\/?s={search_term_string}\"},\"query-input\":{\"@type\":\"PropertyValueSpecification\",\"valueRequired\":true,\"valueName\":\"search_term_string\"}}],\"inLanguage\":\"ro-RO\"},{\"@type\":\"Organization\",\"@id\":\"https:\/\/sanatmetal.calvus.xyz\/en\/#organization\",\"name\":\"Sanatmetal\",\"url\":\"https:\/\/sanatmetal.calvus.xyz\/en\/\",\"logo\":{\"@type\":\"ImageObject\",\"inLanguage\":\"ro-RO\",\"@id\":\"https:\/\/sanatmetal.calvus.xyz\/en\/#\/schema\/logo\/image\/\",\"url\":\"https:\/\/sanatmetal.calvus.xyz\/wp-content\/uploads\/2024\/10\/Nevtelen-terv-5-e1728647058747.png\",\"contentUrl\":\"https:\/\/sanatmetal.calvus.xyz\/wp-content\/uploads\/2024\/10\/Nevtelen-terv-5-e1728647058747.png\",\"width\":1410,\"height\":1293,\"caption\":\"Sanatmetal\"},\"image\":{\"@id\":\"https:\/\/sanatmetal.calvus.xyz\/en\/#\/schema\/logo\/image\/\"}}]}<\/script>\n<!-- \/ Yoast SEO plugin. -->","yoast_head_json":{"title":"Stiri - Sanatmetal","robots":{"index":"index","follow":"follow","max-snippet":"max-snippet:-1","max-image-preview":"max-image-preview:large","max-video-preview":"max-video-preview:-1"},"canonical":"https:\/\/sanatmetal.calvus.xyz\/ro\/news\/","og_locale":"ro_RO","og_type":"article","og_title":"Stiri - Sanatmetal","og_url":"https:\/\/sanatmetal.calvus.xyz\/ro\/news\/","og_site_name":"Sanatmetal","article_modified_time":"2021-09-30T09:41:10+00:00","og_image":[{"width":2560,"height":1036,"url":"https:\/\/sanatmetal.calvus.xyz\/wp-content\/uploads\/2020\/03\/h\u00edrek_fejl\u00e9c_k\u00e9p-min-scaled.jpg","type":"image\/jpeg"}],"twitter_card":"summary_large_image","schema":{"@context":"https:\/\/schema.org","@graph":[{"@type":"WebPage","@id":"https:\/\/sanatmetal.calvus.xyz\/ro\/news\/","url":"https:\/\/sanatmetal.calvus.xyz\/ro\/news\/","name":"Stiri - Sanatmetal","isPartOf":{"@id":"https:\/\/sanatmetal.calvus.xyz\/en\/#website"},"primaryImageOfPage":{"@id":"https:\/\/sanatmetal.calvus.xyz\/ro\/news\/#primaryimage"},"image":{"@id":"https:\/\/sanatmetal.calvus.xyz\/ro\/news\/#primaryimage"},"thumbnailUrl":"https:\/\/sanatmetal.calvus.xyz\/wp-content\/uploads\/2020\/03\/h\u00edrek_fejl\u00e9c_k\u00e9p-min-scaled.jpg","datePublished":"2020-03-10T12:25:34+00:00","dateModified":"2021-09-30T09:41:10+00:00","breadcrumb":{"@id":"https:\/\/sanatmetal.calvus.xyz\/ro\/news\/#breadcrumb"},"inLanguage":"ro-RO","potentialAction":[{"@type":"ReadAction","target":["https:\/\/sanatmetal.calvus.xyz\/ro\/news\/"]}]},{"@type":"ImageObject","inLanguage":"ro-RO","@id":"https:\/\/sanatmetal.calvus.xyz\/ro\/news\/#primaryimage","url":"https:\/\/sanatmetal.calvus.xyz\/wp-content\/uploads\/2020\/03\/h\u00edrek_fejl\u00e9c_k\u00e9p-min-scaled.jpg","contentUrl":"https:\/\/sanatmetal.calvus.xyz\/wp-content\/uploads\/2020\/03\/h\u00edrek_fejl\u00e9c_k\u00e9p-min-scaled.jpg","width":2560,"height":1036},{"@type":"BreadcrumbList","@id":"https:\/\/sanatmetal.calvus.xyz\/ro\/news\/#breadcrumb","itemListElement":[{"@type":"ListItem","position":1,"name":"Home","item":"https:\/\/sanatmetal.calvus.xyz\/ro\/"},{"@type":"ListItem","position":2,"name":"Stiri"}]},{"@type":"WebSite","@id":"https:\/\/sanatmetal.calvus.xyz\/en\/#website","url":"https:\/\/sanatmetal.calvus.xyz\/en\/","name":"Sanatmetal","description":"","publisher":{"@id":"https:\/\/sanatmetal.calvus.xyz\/en\/#organization"},"potentialAction":[{"@type":"SearchAction","target":{"@type":"EntryPoint","urlTemplate":"https:\/\/sanatmetal.calvus.xyz\/en\/?s={search_term_string}"},"query-input":{"@type":"PropertyValueSpecification","valueRequired":true,"valueName":"search_term_string"}}],"inLanguage":"ro-RO"},{"@type":"Organization","@id":"https:\/\/sanatmetal.calvus.xyz\/en\/#organization","name":"Sanatmetal","url":"https:\/\/sanatmetal.calvus.xyz\/en\/","logo":{"@type":"ImageObject","inLanguage":"ro-RO","@id":"https:\/\/sanatmetal.calvus.xyz\/en\/#\/schema\/logo\/image\/","url":"https:\/\/sanatmetal.calvus.xyz\/wp-content\/uploads\/2024\/10\/Nevtelen-terv-5-e1728647058747.png","contentUrl":"https:\/\/sanatmetal.calvus.xyz\/wp-content\/uploads\/2024\/10\/Nevtelen-terv-5-e1728647058747.png","width":1410,"height":1293,"caption":"Sanatmetal"},"image":{"@id":"https:\/\/sanatmetal.calvus.xyz\/en\/#\/schema\/logo\/image\/"}}]}},"_links":{"self":[{"href":"https:\/\/sanatmetal.calvus.xyz\/ro\/wp-json\/wp\/v2\/pages\/10365","targetHints":{"allow":["GET"]}}],"collection":[{"href":"https:\/\/sanatmetal.calvus.xyz\/ro\/wp-json\/wp\/v2\/pages"}],"about":[{"href":"https:\/\/sanatmetal.calvus.xyz\/ro\/wp-json\/wp\/v2\/types\/page"}],"author":[{"embeddable":true,"href":"https:\/\/sanatmetal.calvus.xyz\/ro\/wp-json\/wp\/v2\/users\/1"}],"replies":[{"embeddable":true,"href":"https:\/\/sanatmetal.calvus.xyz\/ro\/wp-json\/wp\/v2\/comments?post=10365"}],"version-history":[{"count":1,"href":"https:\/\/sanatmetal.calvus.xyz\/ro\/wp-json\/wp\/v2\/pages\/10365\/revisions"}],"predecessor-version":[{"id":10372,"href":"https:\/\/sanatmetal.calvus.xyz\/ro\/wp-json\/wp\/v2\/pages\/10365\/revisions\/10372"}],"wp:featuredmedia":[{"embeddable":true,"href":"https:\/\/sanatmetal.calvus.xyz\/ro\/wp-json\/wp\/v2\/media\/10366"}],"wp:attachment":[{"href":"https:\/\/sanatmetal.calvus.xyz\/ro\/wp-json\/wp\/v2\/media?parent=10365"}],"curies":[{"name":"wp","href":"https:\/\/api.w.org\/{rel}","templated":true}]}}