{"id":10324,"date":"2020-03-17T10:26:51","date_gmt":"2020-03-17T10:26:51","guid":{"rendered":"https:\/\/sanatmetal.calvus.xyz\/careerpage\/"},"modified":"2021-09-30T16:45:22","modified_gmt":"2021-09-30T16:45:22","slug":"careerpage","status":"publish","type":"page","link":"https:\/\/sanatmetal.calvus.xyz\/ro\/careerpage\/","title":{"rendered":"Cariera"},"content":{"rendered":"<ul>\n<li>Salariu atractiv<\/li>\n<li>Sarcini provocatoare<\/li>\n<li>Atmosfer\u0103 placuta, echip\u0103 plin\u0103 de via\u021b\u0103<\/li>\n<li>Oportunit\u0103\u021bi de training si de cursuri<\/li>\n<li>Campanie de lunga durata, asigurarea unui loc de munc\u0103 sigur<\/li>\n<li>Avem balanta intre viata sociala si munca<\/li>\n<li>Proiecte \u0219i misiuni interna\u021bionale<\/li>\n<li>Progres profesional cu sprijinul colegilor cu experien\u021b\u0103<\/li>\n<\/ul>\n","protected":false},"excerpt":{"rendered":"<p>Ce putem oferi?<\/p>\n","protected":false},"author":1,"featured_media":10325,"parent":0,"menu_order":0,"comment_status":"closed","ping_status":"closed","template":"page-karrier.php","meta":{"footnotes":""},"class_list":["post-10324","page","type-page","status-publish","has-post-thumbnail","hentry"],"yoast_head":"<!-- This site is optimized with the Yoast SEO plugin v27.2 - https:\/\/yoast.com\/product\/yoast-seo-wordpress\/ -->\n<title>Cariera - Sanatmetal<\/title>\n<meta name=\"robots\" content=\"index, follow, max-snippet:-1, max-image-preview:large, max-video-preview:-1\" \/>\n<link rel=\"canonical\" href=\"https:\/\/sanatmetal.calvus.xyz\/ro\/careerpage\/\" \/>\n<meta property=\"og:locale\" content=\"ro_RO\" \/>\n<meta property=\"og:type\" content=\"article\" \/>\n<meta property=\"og:title\" content=\"Cariera - Sanatmetal\" \/>\n<meta property=\"og:description\" content=\"Ce putem oferi?\" \/>\n<meta property=\"og:url\" content=\"https:\/\/sanatmetal.calvus.xyz\/ro\/careerpage\/\" \/>\n<meta property=\"og:site_name\" content=\"Sanatmetal\" \/>\n<meta property=\"article:modified_time\" content=\"2021-09-30T16:45:22+00:00\" \/>\n<meta property=\"og:image\" content=\"https:\/\/sanatmetal.calvus.xyz\/wp-content\/uploads\/2020\/03\/shutterstock_697484575-scaled.jpg\" \/>\n\t<meta property=\"og:image:width\" content=\"2560\" \/>\n\t<meta property=\"og:image:height\" content=\"497\" \/>\n\t<meta property=\"og:image:type\" content=\"image\/jpeg\" \/>\n<meta name=\"twitter:card\" content=\"summary_large_image\" \/>\n<script type=\"application\/ld+json\" class=\"yoast-schema-graph\">{\"@context\":\"https:\/\/schema.org\",\"@graph\":[{\"@type\":\"WebPage\",\"@id\":\"https:\/\/sanatmetal.calvus.xyz\/ro\/careerpage\/\",\"url\":\"https:\/\/sanatmetal.calvus.xyz\/ro\/careerpage\/\",\"name\":\"Cariera - Sanatmetal\",\"isPartOf\":{\"@id\":\"https:\/\/sanatmetal.calvus.xyz\/en\/#website\"},\"primaryImageOfPage\":{\"@id\":\"https:\/\/sanatmetal.calvus.xyz\/ro\/careerpage\/#primaryimage\"},\"image\":{\"@id\":\"https:\/\/sanatmetal.calvus.xyz\/ro\/careerpage\/#primaryimage\"},\"thumbnailUrl\":\"https:\/\/sanatmetal.calvus.xyz\/wp-content\/uploads\/2020\/03\/shutterstock_697484575-scaled.webp\",\"datePublished\":\"2020-03-17T10:26:51+00:00\",\"dateModified\":\"2021-09-30T16:45:22+00:00\",\"breadcrumb\":{\"@id\":\"https:\/\/sanatmetal.calvus.xyz\/ro\/careerpage\/#breadcrumb\"},\"inLanguage\":\"ro-RO\",\"potentialAction\":[{\"@type\":\"ReadAction\",\"target\":[\"https:\/\/sanatmetal.calvus.xyz\/ro\/careerpage\/\"]}]},{\"@type\":\"ImageObject\",\"inLanguage\":\"ro-RO\",\"@id\":\"https:\/\/sanatmetal.calvus.xyz\/ro\/careerpage\/#primaryimage\",\"url\":\"https:\/\/sanatmetal.calvus.xyz\/wp-content\/uploads\/2020\/03\/shutterstock_697484575-scaled.webp\",\"contentUrl\":\"https:\/\/sanatmetal.calvus.xyz\/wp-content\/uploads\/2020\/03\/shutterstock_697484575-scaled.webp\",\"width\":2560,\"height\":497},{\"@type\":\"BreadcrumbList\",\"@id\":\"https:\/\/sanatmetal.calvus.xyz\/ro\/careerpage\/#breadcrumb\",\"itemListElement\":[{\"@type\":\"ListItem\",\"position\":1,\"name\":\"Home\",\"item\":\"https:\/\/sanatmetal.calvus.xyz\/ro\/\"},{\"@type\":\"ListItem\",\"position\":2,\"name\":\"Cariera\"}]},{\"@type\":\"WebSite\",\"@id\":\"https:\/\/sanatmetal.calvus.xyz\/en\/#website\",\"url\":\"https:\/\/sanatmetal.calvus.xyz\/en\/\",\"name\":\"Sanatmetal\",\"description\":\"\",\"publisher\":{\"@id\":\"https:\/\/sanatmetal.calvus.xyz\/en\/#organization\"},\"potentialAction\":[{\"@type\":\"SearchAction\",\"target\":{\"@type\":\"EntryPoint\",\"urlTemplate\":\"https:\/\/sanatmetal.calvus.xyz\/en\/?s={search_term_string}\"},\"query-input\":{\"@type\":\"PropertyValueSpecification\",\"valueRequired\":true,\"valueName\":\"search_term_string\"}}],\"inLanguage\":\"ro-RO\"},{\"@type\":\"Organization\",\"@id\":\"https:\/\/sanatmetal.calvus.xyz\/en\/#organization\",\"name\":\"Sanatmetal\",\"url\":\"https:\/\/sanatmetal.calvus.xyz\/en\/\",\"logo\":{\"@type\":\"ImageObject\",\"inLanguage\":\"ro-RO\",\"@id\":\"https:\/\/sanatmetal.calvus.xyz\/en\/#\/schema\/logo\/image\/\",\"url\":\"https:\/\/sanatmetal.calvus.xyz\/wp-content\/uploads\/2024\/10\/Nevtelen-terv-5-e1728647058747.png\",\"contentUrl\":\"https:\/\/sanatmetal.calvus.xyz\/wp-content\/uploads\/2024\/10\/Nevtelen-terv-5-e1728647058747.png\",\"width\":1410,\"height\":1293,\"caption\":\"Sanatmetal\"},\"image\":{\"@id\":\"https:\/\/sanatmetal.calvus.xyz\/en\/#\/schema\/logo\/image\/\"}}]}<\/script>\n<!-- \/ Yoast SEO plugin. -->","yoast_head_json":{"title":"Cariera - Sanatmetal","robots":{"index":"index","follow":"follow","max-snippet":"max-snippet:-1","max-image-preview":"max-image-preview:large","max-video-preview":"max-video-preview:-1"},"canonical":"https:\/\/sanatmetal.calvus.xyz\/ro\/careerpage\/","og_locale":"ro_RO","og_type":"article","og_title":"Cariera - Sanatmetal","og_description":"Ce putem oferi?","og_url":"https:\/\/sanatmetal.calvus.xyz\/ro\/careerpage\/","og_site_name":"Sanatmetal","article_modified_time":"2021-09-30T16:45:22+00:00","og_image":[{"width":2560,"height":497,"url":"https:\/\/sanatmetal.calvus.xyz\/wp-content\/uploads\/2020\/03\/shutterstock_697484575-scaled.jpg","type":"image\/jpeg"}],"twitter_card":"summary_large_image","schema":{"@context":"https:\/\/schema.org","@graph":[{"@type":"WebPage","@id":"https:\/\/sanatmetal.calvus.xyz\/ro\/careerpage\/","url":"https:\/\/sanatmetal.calvus.xyz\/ro\/careerpage\/","name":"Cariera - Sanatmetal","isPartOf":{"@id":"https:\/\/sanatmetal.calvus.xyz\/en\/#website"},"primaryImageOfPage":{"@id":"https:\/\/sanatmetal.calvus.xyz\/ro\/careerpage\/#primaryimage"},"image":{"@id":"https:\/\/sanatmetal.calvus.xyz\/ro\/careerpage\/#primaryimage"},"thumbnailUrl":"https:\/\/sanatmetal.calvus.xyz\/wp-content\/uploads\/2020\/03\/shutterstock_697484575-scaled.webp","datePublished":"2020-03-17T10:26:51+00:00","dateModified":"2021-09-30T16:45:22+00:00","breadcrumb":{"@id":"https:\/\/sanatmetal.calvus.xyz\/ro\/careerpage\/#breadcrumb"},"inLanguage":"ro-RO","potentialAction":[{"@type":"ReadAction","target":["https:\/\/sanatmetal.calvus.xyz\/ro\/careerpage\/"]}]},{"@type":"ImageObject","inLanguage":"ro-RO","@id":"https:\/\/sanatmetal.calvus.xyz\/ro\/careerpage\/#primaryimage","url":"https:\/\/sanatmetal.calvus.xyz\/wp-content\/uploads\/2020\/03\/shutterstock_697484575-scaled.webp","contentUrl":"https:\/\/sanatmetal.calvus.xyz\/wp-content\/uploads\/2020\/03\/shutterstock_697484575-scaled.webp","width":2560,"height":497},{"@type":"BreadcrumbList","@id":"https:\/\/sanatmetal.calvus.xyz\/ro\/careerpage\/#breadcrumb","itemListElement":[{"@type":"ListItem","position":1,"name":"Home","item":"https:\/\/sanatmetal.calvus.xyz\/ro\/"},{"@type":"ListItem","position":2,"name":"Cariera"}]},{"@type":"WebSite","@id":"https:\/\/sanatmetal.calvus.xyz\/en\/#website","url":"https:\/\/sanatmetal.calvus.xyz\/en\/","name":"Sanatmetal","description":"","publisher":{"@id":"https:\/\/sanatmetal.calvus.xyz\/en\/#organization"},"potentialAction":[{"@type":"SearchAction","target":{"@type":"EntryPoint","urlTemplate":"https:\/\/sanatmetal.calvus.xyz\/en\/?s={search_term_string}"},"query-input":{"@type":"PropertyValueSpecification","valueRequired":true,"valueName":"search_term_string"}}],"inLanguage":"ro-RO"},{"@type":"Organization","@id":"https:\/\/sanatmetal.calvus.xyz\/en\/#organization","name":"Sanatmetal","url":"https:\/\/sanatmetal.calvus.xyz\/en\/","logo":{"@type":"ImageObject","inLanguage":"ro-RO","@id":"https:\/\/sanatmetal.calvus.xyz\/en\/#\/schema\/logo\/image\/","url":"https:\/\/sanatmetal.calvus.xyz\/wp-content\/uploads\/2024\/10\/Nevtelen-terv-5-e1728647058747.png","contentUrl":"https:\/\/sanatmetal.calvus.xyz\/wp-content\/uploads\/2024\/10\/Nevtelen-terv-5-e1728647058747.png","width":1410,"height":1293,"caption":"Sanatmetal"},"image":{"@id":"https:\/\/sanatmetal.calvus.xyz\/en\/#\/schema\/logo\/image\/"}}]}},"_links":{"self":[{"href":"https:\/\/sanatmetal.calvus.xyz\/ro\/wp-json\/wp\/v2\/pages\/10324","targetHints":{"allow":["GET"]}}],"collection":[{"href":"https:\/\/sanatmetal.calvus.xyz\/ro\/wp-json\/wp\/v2\/pages"}],"about":[{"href":"https:\/\/sanatmetal.calvus.xyz\/ro\/wp-json\/wp\/v2\/types\/page"}],"author":[{"embeddable":true,"href":"https:\/\/sanatmetal.calvus.xyz\/ro\/wp-json\/wp\/v2\/users\/1"}],"replies":[{"embeddable":true,"href":"https:\/\/sanatmetal.calvus.xyz\/ro\/wp-json\/wp\/v2\/comments?post=10324"}],"version-history":[{"count":3,"href":"https:\/\/sanatmetal.calvus.xyz\/ro\/wp-json\/wp\/v2\/pages\/10324\/revisions"}],"predecessor-version":[{"id":11414,"href":"https:\/\/sanatmetal.calvus.xyz\/ro\/wp-json\/wp\/v2\/pages\/10324\/revisions\/11414"}],"wp:featuredmedia":[{"embeddable":true,"href":"https:\/\/sanatmetal.calvus.xyz\/ro\/wp-json\/wp\/v2\/media\/10325"}],"wp:attachment":[{"href":"https:\/\/sanatmetal.calvus.xyz\/ro\/wp-json\/wp\/v2\/media?parent=10324"}],"curies":[{"name":"wp","href":"https:\/\/api.w.org\/{rel}","templated":true}]}}