{"id":10139,"date":"2020-03-17T11:10:05","date_gmt":"2020-03-17T11:10:05","guid":{"rendered":"https:\/\/sanatmetal.calvus.xyz\/privacy-policy\/"},"modified":"2026-03-02T17:03:14","modified_gmt":"2026-03-02T16:03:14","slug":"privacy-policy","status":"publish","type":"page","link":"https:\/\/sanatmetal.calvus.xyz\/ro\/privacy-policy\/","title":{"rendered":"Declara\u021bie de confiden\u021bialitate"},"content":{"rendered":"\r\n<h1 class=\"wp-block-heading\"><strong>Cine suntem<\/strong><\/h1>\r\n\r\n\r\n\r\n<p>Adresa site-ului nostru web: https:\/\/sanatmetal.calvus.xyz.<\/p>\r\n<p>&nbsp;<\/p>\r\n\r\n\r\n\r\n\r\n<h1 class=\"wp-block-heading\"><strong>Ce date cu caracter personal colect\u0103m \u0219i \u00een ce scop le colect\u0103m?<\/strong><\/h1>\r\n<p>&nbsp;<\/p>\r\n<h3><em>Comentarii<\/em><\/h3>\r\n\r\n\r\n\r\n\r\n\r\n<p>La trimiterea unui comentariu, adresa IP a comentatorului \u0219i identificatorul browserului vor fi colectate pe l\u00e2ng\u0103 cele furnizate \u00een formular de comentarii. \u0219ir de caractere pentru a filtra spamul.<\/p>\r\n\r\n\r\n\r\n<p>Un \u0219ir depersonalizat (adesea numit hash) generat de adresa de e-mail este trimis serviciului Gravatar, dac\u0103 este utilizat pe site. Termenii serviciului Gravatar pot fi vizualiza\u021bi la https:\/\/automattic.com\/privacy\/. Dup\u0103 ce comentariul este acceptat, con\u021binutul comentariului nostru \u0219i fotografia noastr\u0103 de profil vor fi afi\u0219ate public.<\/p>\r\n\r\n\r\n\r\n<h3 class=\"wp-block-heading\"><em>Media<\/em><\/h3>\r\n\r\n\r\n\r\n<p>Dac\u0103 un utilizator \u00eenregistrat \u00eencarc\u0103 o imagine pe site, ar trebui evitate fi\u0219ierele EXIF \u200b\u200bcare includ date despre pozi\u021bia GPS. Vizitatorii site-ului web le pot desc\u0103rca \u0219i pot extrage date despre loca\u021bie din imaginile de pe site.<\/p>\r\n<p>&nbsp;<\/p>\r\n\r\n\r\n\r\n<h1 class=\"wp-block-heading\">Formulare de contact<\/h1>\r\n<p>&nbsp;<\/p>\r\n<h3><em>Cookie-uri<\/em><\/h3>\r\n\r\n\r\n\r\n\r\n\r\n<p>Dac\u0103 l\u0103sa\u021bi un comentariu pe site-ul nostru web, v\u0103 putem men\u021bine conectat prin stocarea numelui, adresei de e-mail \u0219i a site-ului web \u00eentr-un cookie. Acest lucru este pentru confortul dumneavoastr\u0103, astfel \u00eenc\u00e2t s\u0103 nu fie nevoie s\u0103 completa\u021bi din nou aceste c\u00e2mpuri atunci c\u00e2nd comenta\u021bi din nou. Aceste cookie-uri au o dat\u0103 de expirare de 1 an.<\/p>\r\n\r\n\r\n\r\n\r\n<p>C\u00e2nd vizita\u021bi pagina noastr\u0103 de conectare, vom seta un cookie temporar pentru a determina dac\u0103 browserul dvs. accept\u0103 cookie-uri. Acest cookie nu con\u021bine nicio informa\u021bie personal\u0103 \u0219i este \u0219ters c\u00e2nd \u00eenchide\u021bi browserul.<\/p>\r\n\r\n\r\n\r\n\r\n<p>C\u00e2nd v\u0103 conecta\u021bi la site-ul web, vom crea mai multe cookie-uri care v\u0103 salveaz\u0103 informa\u021biile de conectare \u0219i op\u021biunile de afi\u0219are ale editorului. Cookie-urile de conectare sunt valabile timp de dou\u0103 zile, cookie-ul care stocheaz\u0103 op\u021biunile de afi\u0219are ale editorului timp de un an. Dac\u0103 selecta\u021bi op\u021biunea \u201e\u021aine-m\u0103 minte\u201d, conectarea va continua timp de dou\u0103 s\u0103pt\u0103m\u00e2ni. C\u00e2nd v\u0103 deconecta\u021bi, cookie-urile de conectare sunt eliminate.<\/p>\r\n\r\n\r\n\r\n<p>C\u00e2nd edita\u021bi o postare sau o pagin\u0103, un alt cookie este stocat de browserul dvs. Acest cookie nu con\u021bine date personale, ci stocheaz\u0103 pur \u0219i simplu num\u0103rul de identificare al post\u0103rii pe care a\u021bi editat-o. Expir\u0103 \u00eentr-o zi.<\/p>\r\n\r\n\r\n\r\n<h3 class=\"wp-block-heading\"><em>Con\u021binut \u00eencorporat de pe alte site-uri web<\/em><\/h3>\r\n\r\n\r\n\r\n<p>Post\u0103rile disponibile pe site pot utiliza con\u021binut \u00eencorporat din surse externe (de exemplu, videoclipuri, imagini, articole etc.). Con\u021binutul \u00eencorporat din surse externe se comport\u0103 exact ca \u0219i cum am fi vizitat un alt site web.<\/p>\r\n\r\n\r\n\r\n<p>Aceste site-uri web pot colecta date despre vizitatori, pot utiliza cookie-uri sau coduri de urm\u0103rire ter\u021be, pot monitoriza comportamentul utilizatorilor \u00een leg\u0103tur\u0103 cu con\u021binutul \u00eencorporat dac\u0103 avem un cont de utilizator \u0219i suntem conecta\u021bi la site.<\/p>\r\n<p>&nbsp;<\/p>\r\n<h1 data-start=\"1926\" data-end=\"1957\">Cookie-uri utilizate pe site<\/h1>\r\n<h3 data-start=\"1959\" data-end=\"1990\">Cookie-uri esen\u021biale<\/h3>\r\n<p data-start=\"1992\" data-end=\"2183\">Aceste cookie-uri sunt necesare pentru func\u021bionarea site-ului web \u0219i nu pot fi dezactivate \u00een sistemul nostru. Acestea pot fi utilizate pentru a asigura, de exemplu, gestionarea sesiunilor, func\u021bionalitatea co\u0219ului de cump\u0103r\u0103turi sau autentificarea securizat\u0103.<\/p>\r\n<p data-start=\"2185\" data-end=\"2199\"><strong>PHPSESSID<\/strong><\/p>\r\n<p data-start=\"2201\" data-end=\"2436\"><strong data-start=\"2201\" data-end=\"2209\">Scop:<\/strong><br data-start=\"2209\" data-end=\"2212\" \/>Cookie-ul PHPSESSID este utilizat pentru a identifica sesiunea utilizatorului. Permite site-ului web s\u0103 memoreze date legate de sesiunea curent\u0103 \u00een timpul navig\u0103rii (de exemplu, con\u021binutul co\u0219ului de cump\u0103r\u0103turi, starea de conectare).<\/p>\r\n<p data-start=\"2438\" data-end=\"2493\"><strong data-start=\"2438\" data-end=\"2455\">Perioada de stocare:<\/strong><br data-start=\"2455\" data-end=\"2458\" \/>Sesiune (p\u00e2n\u0103 la \u00eenchiderea browserului).<\/p>\r\n<p data-start=\"2495\" data-end=\"2612\"><strong data-start=\"2495\" data-end=\"2507\">Temei juridic:<\/strong><br data-start=\"2507\" data-end=\"2510\" \/>Necesar pentru furnizarea serviciilor de comer\u021b electronic, func\u021bionarea site-ului web esen\u021bial pentru func\u021bionarea site-ului web.<\/p>\r\n<h3 data-start=\"2619\" data-end=\"2691\">Cookie-uri analitice \u0219i de marketing (WooCommerce \/ Sourcebuster)<\/h3>\r\n<p data-start=\"2693\" data-end=\"2888\">Site-ul web utilizeaz\u0103 un sistem de magazin web bazat pe WooCommerce. Urm\u0103toarele cookie-uri sunt utilizate pentru a analiza sursele de trafic \u0219i comportamentul vizitatorilor, \u00een special pentru a m\u0103sura eficacitatea campaniilor de marketing.<\/p>\r\n<p data-start=\"2890\" data-end=\"2941\">Utilizarea acestor cookie-uri se bazeaz\u0103 pe consim\u021b\u0103m\u00e2ntul dumneavoastr\u0103.<\/p>\r\n<p data-start=\"2943\" data-end=\"2962\"><strong>sbjs_current<\/strong><\/p>\r\n<p data-start=\"2963\" data-end=\"3112\"><strong data-start=\"2963\" data-end=\"2971\">Scop:<\/strong> \u00cenregistrarea sursei vizitei curente (de exemplu, motor de c\u0103utare, publicitate, re\u021bele sociale).<br data-start=\"3055\" data-end=\"3058\" \/><strong data-start=\"3058\" data-end=\"3075\">Perioada de stocare:<\/strong> Permanent\u0103 (6 luni \u00een mod implicit).<\/p>\r\n<p data-start=\"3114\" data-end=\"3137\"><strong>sbjs_current_add<\/strong><br \/><strong data-start=\"3138\" data-end=\"3146\">Scop:<\/strong> Stocarea informa\u021biilor suplimentare despre surs\u0103 legate de vizita curent\u0103.<br data-start=\"3221\" data-end=\"3224\" \/><strong data-start=\"3224\" data-end=\"3241\">Perioada de stocare:<\/strong> Permanent\u0103 (implicit 6 luni).<\/p>\r\n<p data-start=\"3280\" data-end=\"3297\"><strong>sbjs_first<\/strong><br \/><strong data-start=\"3298\" data-end=\"3306\">Scop:<\/strong> \u00cenregistrarea sursei primei vizite \u00een scopuri de analiz\u0103 de marketing.<br data-start=\"3373\" data-end=\"3376\" \/><strong data-start=\"3376\" data-end=\"3393\">Timp de stocare:<\/strong> Permanent (implicit 6 luni).<\/p>\r\n<p data-start=\"3432\" data-end=\"3453\"><strong>sbjs_first_add<br \/><\/strong><strong data-start=\"3454\" data-end=\"3462\">Scop:<\/strong> Stocarea informa\u021biilor de marketing suplimentare legate de prima vizit\u0103.<br data-start=\"3534\" data-end=\"3537\" \/><strong data-start=\"3537\" data-end=\"3554\">Timp de stocare:<\/strong> Permanent (implicit 6 luni).<\/p>\r\n<p data-start=\"3593\" data-end=\"3615\"><strong>sbjs_migrations<\/strong><br \/><strong data-start=\"3616\" data-end=\"3624\">Scop:<\/strong> Gestionarea migr\u0103rii datelor de urm\u0103rire a sursei \u0219i stocarea informa\u021biilor de compatibilitate.<br data-start=\"3712\" data-end=\"3715\" \/><strong data-start=\"3715\" data-end=\"3732\">Timp de p\u0103strare:<\/strong> Permanent.<\/p>\r\n<p data-start=\"3743\" data-end=\"3762\"><strong>sbjs_session<\/strong><br \/><strong data-start=\"3763\" data-end=\"3771\">Scop:<\/strong> Stocarea temporar\u0103 a informa\u021biilor despre resurse legate de sesiunea utilizatorului.<br data-start=\"3850\" data-end=\"3853\" \/><strong data-start=\"3853\" data-end=\"3870\">Timp de p\u0103strare:<\/strong> Sesiune.<\/p>\r\n<p data-start=\"3884\" data-end=\"3901\"><strong>sbjs_udata<\/strong><br \/><strong data-start=\"3902\" data-end=\"3910\">Scop:<\/strong> Datele despre resursele utilizatorului sunt stocate \u00een scopuri de marketing \u0219i m\u0103surare a conversiilor.<br data-start=\"3983\" data-end=\"3986\" \/><strong data-start=\"3986\" data-end=\"4003\">Perioada de stocare:<\/strong> Permanent\u0103 (implicit 6 luni).<\/p>\r\n<p data-start=\"4042\" data-end=\"4119\"><strong data-start=\"4042\" data-end=\"4054\" data-end=\"4057\" \/>Consim\u021b\u0103m\u00e2ntul persoanei vizate (GDPR Articolul 6 (1) (a)).<\/p>\r\n<p><\/p>\r\n\r\n\r\n\r\n<h1 class=\"wp-block-heading\">Analitic\u0103<\/h1>\r\n<p><\/p>\r\n\r\n\r\n\r\n<p><em>\r\n\r\n<\/em><\/p>\r\n<h3 class=\"wp-block-heading\"><em>C\u00e2t timp p\u0103str\u0103m datele dumneavoastr\u0103 personale?<\/em><\/h3>\r\n\r\n\r\n\r\n<p>Dac\u0103 comenta\u021bi, comentariul \u0219i metadatele sale vor r\u0103m\u00e2ne \u00een sistem pentru o perioad\u0103 nedeterminat\u0103 de timp. Scopul acestui lucru este de a ne asigura c\u0103 toate comentariile ulterioare sunt cunoscute \u0219i aprobate de noi, adic\u0103 nu vor fi incluse \u00een lista de comentarii care urmeaz\u0103 s\u0103 fie moderate.<\/p>\r\n\r\n\r\n\r\n<p>Datele personale ale utilizatorilor \u00eenregistra\u021bi pe site (dac\u0103 exist\u0103) sunt, de asemenea, stocate \u00een propriul profil de utilizator. Fiecare utilizator \u00ee\u0219i poate vizualiza, edita sau \u0219terge datele personale \u00een orice moment (cu excep\u021bia faptului c\u0103 nu \u00ee\u0219i poate schimba propriul nume de utilizator). Administratorii site-ului web pot, de asemenea, vizualiza \u0219i edita aceste informa\u021bii.<\/p>\r\n<p>&nbsp;<\/p>\r\n\r\n\r\n\r\n\r\n<h3 class=\"wp-block-heading\"><em>Ce drepturi au utilizatorii cu privire la propriile date?<\/em><\/h3>\r\n\r\n\r\n\r\n\r\n<p>Dac\u0103 v\u0103 \u00eenregistra\u021bi un cont pe site sau scrie\u021bi un comentariu, pute\u021bi solicita trimiterea datelor dvs. personale \u00eentr-un fi\u0219ier de export, care con\u021bine orice date pe care utilizatorul ni le-a furnizat anterior. De asemenea, pute\u021bi solicita s\u0103 \u0219tergem orice date personale pe care le-a\u021bi furnizat anterior. Aceasta nu se aplic\u0103 datelor pe care suntem obliga\u021bi s\u0103 le p\u0103str\u0103m din motive administrative, legale sau de securitate.<\/p>\r\n<p>&nbsp;<\/p>\r\n\r\n\r\n\r\n<h3 class=\"wp-block-heading\"><em>Unde <strong>transfer\u0103m<\/strong> datele<\/em><\/h3>\r\n\r\n\r\n\r\n<p>Comentariile trimise de vizitatori pot fi verificate de un filtru automat de spam.<\/p>\r\n<p>&nbsp;<\/p>\r\n\r\n\r\n\r\n\r\n\r\n<h1 class=\"wp-block-heading\">Mai multe informa\u021bii<\/h1>\r\n<p><\/p>\r\n\r\n\r\n\r\n<h3 class=\"wp-block-heading\"><em>Cum v\u0103 protej\u0103m datele cu caracter personal<\/em><\/h3>\r\n<p>Utiliz\u0103m m\u0103suri tehnice \u0219i organizatorice adecvate pentru a v\u0103 proteja datele, inclusiv controlul accesului \u0219i utilizarea conexiunilor de date criptate.<\/p>\r\n<p><\/p>\r\n\r\n\r\n\r\n<h3 class=\"wp-block-heading\"><em>Proceduri \u00een vigoare \u00een cazul unei \u00eenc\u0103lc\u0103ri a securit\u0103\u021bii datelor<\/em><\/h3>\r\n<p>\u00cen cazul unui incident de protec\u021bie a datelor, vom lua m\u0103suri imediate \u0219i, dac\u0103 este necesar, vom notifica persoanele vizate \u0219i autorit\u0103\u021bile \u00een conformitate cu GDPR conform reglement\u0103rilor sale.<\/p>\r\n\r\n\r\n\r\n<h3 class=\"wp-block-heading\"> <\/h3>\r\n\r\n\r\n\r\n<h3 class=\"wp-block-heading\"><em>Ce procese decizionale automate \u0219i\/sau profilare efectu\u0103m cu datele utilizatorilor<\/em><\/h3>\r\n<p>Site-ul web nu utilizeaz\u0103 procese decizionale automate sau profilare bazate pe date cu caracter personal.<\/p>\r\n<p>&nbsp;<\/p>\r\n\r\n\r\n\r\n<h3 class=\"wp-block-heading\"><em>Cerin\u021be de divulgare reglementate \u00een industrie<\/em><\/h3>\r\n<p>Dac\u0103 o lege sau o cerin\u021b\u0103 de reglementare impune p\u0103strarea obligatorie a datelor, operatorul de date va ac\u021biona \u00een consecin\u021b\u0103.<\/p>\r\n","protected":false},"excerpt":{"rendered":"<p>Cine suntem Adresa site-ului nostru web: https:\/\/sanatmetal.calvus.xyz. &nbsp; Ce date cu caracter personal colect\u0103m \u0219i \u00een ce scop le colect\u0103m? &nbsp; Comentarii La trimiterea unui comentariu, adresa IP a comentatorului \u0219i identificatorul browserului vor fi colectate pe l\u00e2ng\u0103 cele furnizate \u00een formular de comentarii. \u0219ir de caractere pentru a filtra spamul. Un \u0219ir depersonalizat (adesea [&hellip;]<\/p>\n","protected":false},"author":1,"featured_media":0,"parent":0,"menu_order":0,"comment_status":"closed","ping_status":"open","template":"","meta":{"footnotes":""},"class_list":["post-10139","page","type-page","status-publish","hentry"],"yoast_head":"<!-- This site is optimized with the Yoast SEO plugin v27.2 - https:\/\/yoast.com\/product\/yoast-seo-wordpress\/ -->\n<title>Declara\u021bie de confiden\u021bialitate - Sanatmetal<\/title>\n<meta name=\"robots\" content=\"index, follow, max-snippet:-1, max-image-preview:large, max-video-preview:-1\" \/>\n<link rel=\"canonical\" href=\"https:\/\/sanatmetal.calvus.xyz\/ro\/privacy-policy\/\" \/>\n<meta property=\"og:locale\" content=\"ro_RO\" \/>\n<meta property=\"og:type\" content=\"article\" \/>\n<meta property=\"og:title\" content=\"Declara\u021bie de confiden\u021bialitate - Sanatmetal\" \/>\n<meta property=\"og:description\" content=\"Cine suntem Adresa site-ului nostru web: https:\/\/sanatmetal.calvus.xyz. &nbsp; Ce date cu caracter personal colect\u0103m \u0219i \u00een ce scop le colect\u0103m? &nbsp; Comentarii La trimiterea unui comentariu, adresa IP a comentatorului \u0219i identificatorul browserului vor fi colectate pe l\u00e2ng\u0103 cele furnizate \u00een formular de comentarii. \u0219ir de caractere pentru a filtra spamul. Un \u0219ir depersonalizat (adesea [&hellip;]\" \/>\n<meta property=\"og:url\" content=\"https:\/\/sanatmetal.calvus.xyz\/ro\/privacy-policy\/\" \/>\n<meta property=\"og:site_name\" content=\"Sanatmetal\" \/>\n<meta property=\"article:modified_time\" content=\"2026-03-02T16:03:14+00:00\" \/>\n<meta name=\"twitter:card\" content=\"summary_large_image\" \/>\n<meta name=\"twitter:label1\" content=\"Est. reading time\" \/>\n\t<meta name=\"twitter:data1\" content=\"6 minutes\" \/>\n<script type=\"application\/ld+json\" class=\"yoast-schema-graph\">{\"@context\":\"https:\/\/schema.org\",\"@graph\":[{\"@type\":\"WebPage\",\"@id\":\"https:\/\/sanatmetal.calvus.xyz\/ro\/privacy-policy\/\",\"url\":\"https:\/\/sanatmetal.calvus.xyz\/ro\/privacy-policy\/\",\"name\":\"Declara\u021bie de confiden\u021bialitate - Sanatmetal\",\"isPartOf\":{\"@id\":\"https:\/\/sanatmetal.calvus.xyz\/en\/#website\"},\"datePublished\":\"2020-03-17T11:10:05+00:00\",\"dateModified\":\"2026-03-02T16:03:14+00:00\",\"breadcrumb\":{\"@id\":\"https:\/\/sanatmetal.calvus.xyz\/ro\/privacy-policy\/#breadcrumb\"},\"inLanguage\":\"ro-RO\",\"potentialAction\":[{\"@type\":\"ReadAction\",\"target\":[\"https:\/\/sanatmetal.calvus.xyz\/ro\/privacy-policy\/\"]}]},{\"@type\":\"BreadcrumbList\",\"@id\":\"https:\/\/sanatmetal.calvus.xyz\/ro\/privacy-policy\/#breadcrumb\",\"itemListElement\":[{\"@type\":\"ListItem\",\"position\":1,\"name\":\"Home\",\"item\":\"https:\/\/sanatmetal.calvus.xyz\/ro\/\"},{\"@type\":\"ListItem\",\"position\":2,\"name\":\"Declara\u021bie de confiden\u021bialitate\"}]},{\"@type\":\"WebSite\",\"@id\":\"https:\/\/sanatmetal.calvus.xyz\/en\/#website\",\"url\":\"https:\/\/sanatmetal.calvus.xyz\/en\/\",\"name\":\"Sanatmetal\",\"description\":\"\",\"publisher\":{\"@id\":\"https:\/\/sanatmetal.calvus.xyz\/en\/#organization\"},\"potentialAction\":[{\"@type\":\"SearchAction\",\"target\":{\"@type\":\"EntryPoint\",\"urlTemplate\":\"https:\/\/sanatmetal.calvus.xyz\/en\/?s={search_term_string}\"},\"query-input\":{\"@type\":\"PropertyValueSpecification\",\"valueRequired\":true,\"valueName\":\"search_term_string\"}}],\"inLanguage\":\"ro-RO\"},{\"@type\":\"Organization\",\"@id\":\"https:\/\/sanatmetal.calvus.xyz\/en\/#organization\",\"name\":\"Sanatmetal\",\"url\":\"https:\/\/sanatmetal.calvus.xyz\/en\/\",\"logo\":{\"@type\":\"ImageObject\",\"inLanguage\":\"ro-RO\",\"@id\":\"https:\/\/sanatmetal.calvus.xyz\/en\/#\/schema\/logo\/image\/\",\"url\":\"https:\/\/sanatmetal.calvus.xyz\/wp-content\/uploads\/2024\/10\/Nevtelen-terv-5-e1728647058747.png\",\"contentUrl\":\"https:\/\/sanatmetal.calvus.xyz\/wp-content\/uploads\/2024\/10\/Nevtelen-terv-5-e1728647058747.png\",\"width\":1410,\"height\":1293,\"caption\":\"Sanatmetal\"},\"image\":{\"@id\":\"https:\/\/sanatmetal.calvus.xyz\/en\/#\/schema\/logo\/image\/\"}}]}<\/script>\n<!-- \/ Yoast SEO plugin. -->","yoast_head_json":{"title":"Declara\u021bie de confiden\u021bialitate - Sanatmetal","robots":{"index":"index","follow":"follow","max-snippet":"max-snippet:-1","max-image-preview":"max-image-preview:large","max-video-preview":"max-video-preview:-1"},"canonical":"https:\/\/sanatmetal.calvus.xyz\/ro\/privacy-policy\/","og_locale":"ro_RO","og_type":"article","og_title":"Declara\u021bie de confiden\u021bialitate - Sanatmetal","og_description":"Cine suntem Adresa site-ului nostru web: https:\/\/sanatmetal.calvus.xyz. &nbsp; Ce date cu caracter personal colect\u0103m \u0219i \u00een ce scop le colect\u0103m? &nbsp; Comentarii La trimiterea unui comentariu, adresa IP a comentatorului \u0219i identificatorul browserului vor fi colectate pe l\u00e2ng\u0103 cele furnizate \u00een formular de comentarii. \u0219ir de caractere pentru a filtra spamul. Un \u0219ir depersonalizat (adesea [&hellip;]","og_url":"https:\/\/sanatmetal.calvus.xyz\/ro\/privacy-policy\/","og_site_name":"Sanatmetal","article_modified_time":"2026-03-02T16:03:14+00:00","twitter_card":"summary_large_image","twitter_misc":{"Est. reading time":"6 minutes"},"schema":{"@context":"https:\/\/schema.org","@graph":[{"@type":"WebPage","@id":"https:\/\/sanatmetal.calvus.xyz\/ro\/privacy-policy\/","url":"https:\/\/sanatmetal.calvus.xyz\/ro\/privacy-policy\/","name":"Declara\u021bie de confiden\u021bialitate - Sanatmetal","isPartOf":{"@id":"https:\/\/sanatmetal.calvus.xyz\/en\/#website"},"datePublished":"2020-03-17T11:10:05+00:00","dateModified":"2026-03-02T16:03:14+00:00","breadcrumb":{"@id":"https:\/\/sanatmetal.calvus.xyz\/ro\/privacy-policy\/#breadcrumb"},"inLanguage":"ro-RO","potentialAction":[{"@type":"ReadAction","target":["https:\/\/sanatmetal.calvus.xyz\/ro\/privacy-policy\/"]}]},{"@type":"BreadcrumbList","@id":"https:\/\/sanatmetal.calvus.xyz\/ro\/privacy-policy\/#breadcrumb","itemListElement":[{"@type":"ListItem","position":1,"name":"Home","item":"https:\/\/sanatmetal.calvus.xyz\/ro\/"},{"@type":"ListItem","position":2,"name":"Declara\u021bie de confiden\u021bialitate"}]},{"@type":"WebSite","@id":"https:\/\/sanatmetal.calvus.xyz\/en\/#website","url":"https:\/\/sanatmetal.calvus.xyz\/en\/","name":"Sanatmetal","description":"","publisher":{"@id":"https:\/\/sanatmetal.calvus.xyz\/en\/#organization"},"potentialAction":[{"@type":"SearchAction","target":{"@type":"EntryPoint","urlTemplate":"https:\/\/sanatmetal.calvus.xyz\/en\/?s={search_term_string}"},"query-input":{"@type":"PropertyValueSpecification","valueRequired":true,"valueName":"search_term_string"}}],"inLanguage":"ro-RO"},{"@type":"Organization","@id":"https:\/\/sanatmetal.calvus.xyz\/en\/#organization","name":"Sanatmetal","url":"https:\/\/sanatmetal.calvus.xyz\/en\/","logo":{"@type":"ImageObject","inLanguage":"ro-RO","@id":"https:\/\/sanatmetal.calvus.xyz\/en\/#\/schema\/logo\/image\/","url":"https:\/\/sanatmetal.calvus.xyz\/wp-content\/uploads\/2024\/10\/Nevtelen-terv-5-e1728647058747.png","contentUrl":"https:\/\/sanatmetal.calvus.xyz\/wp-content\/uploads\/2024\/10\/Nevtelen-terv-5-e1728647058747.png","width":1410,"height":1293,"caption":"Sanatmetal"},"image":{"@id":"https:\/\/sanatmetal.calvus.xyz\/en\/#\/schema\/logo\/image\/"}}]}},"_links":{"self":[{"href":"https:\/\/sanatmetal.calvus.xyz\/ro\/wp-json\/wp\/v2\/pages\/10139","targetHints":{"allow":["GET"]}}],"collection":[{"href":"https:\/\/sanatmetal.calvus.xyz\/ro\/wp-json\/wp\/v2\/pages"}],"about":[{"href":"https:\/\/sanatmetal.calvus.xyz\/ro\/wp-json\/wp\/v2\/types\/page"}],"author":[{"embeddable":true,"href":"https:\/\/sanatmetal.calvus.xyz\/ro\/wp-json\/wp\/v2\/users\/1"}],"replies":[{"embeddable":true,"href":"https:\/\/sanatmetal.calvus.xyz\/ro\/wp-json\/wp\/v2\/comments?post=10139"}],"version-history":[{"count":2,"href":"https:\/\/sanatmetal.calvus.xyz\/ro\/wp-json\/wp\/v2\/pages\/10139\/revisions"}],"predecessor-version":[{"id":16442,"href":"https:\/\/sanatmetal.calvus.xyz\/ro\/wp-json\/wp\/v2\/pages\/10139\/revisions\/16442"}],"wp:attachment":[{"href":"https:\/\/sanatmetal.calvus.xyz\/ro\/wp-json\/wp\/v2\/media?parent=10139"}],"curies":[{"name":"wp","href":"https:\/\/api.w.org\/{rel}","templated":true}]}}