{"id":7533,"date":"2020-03-04T11:08:21","date_gmt":"2020-05-06T13:20:08","guid":{"rendered":"https:\/\/sanatmetal.calvus.xyz\/product\/csfn-cannulated-screw-fixation\/"},"modified":"2020-10-20T13:15:03","modified_gmt":"2020-10-20T13:15:03","slug":"csfn-cannulated-screw-fixation","status":"publish","type":"product","link":"https:\/\/sanatmetal.calvus.xyz\/es\/product\/csfn-cannulated-screw-fixation\/","title":{"rendered":"CSFN cannulated screw fixation"},"content":{"rendered":"<p>La fijaci\u00f3n con doble tornillo canulado es r\u00e1pida y sencilla y ofrece m\u00faltiples ventajas. La m\u00e1s importante es que mantiene la cabeza del f\u00e9mur en su sitio, de manera que se evita la inserci\u00f3n temprana de pr\u00f3tesis. Se trata de una t\u00e9cnica que ide\u00f3 el profesor Jen\u0151 Manninger.<\/p>\n<p>Ventajas principales:<br \/>\n&#8211; Tornillos espec\u00edficos reforzados y con rosca.<br \/>\n&#8211; T\u00e9cnica y sistema canulados.<br \/>\n&#8211; El instrumental garantiza un correcto paralelismo (se pueden producir desplazamientos).<br \/>\n&#8211; Intervenci\u00f3n r\u00e1pida. Requiere poco personal sanitario.<\/p>\n","protected":false},"excerpt":{"rendered":"<p>La fijaci\u00f3n con doble tornillo canulado es r\u00e1pida y sencilla y ofrece m\u00faltiples ventajas. La m\u00e1s importante es que mantiene la cabeza del f\u00e9mur en su sitio, de manera que se evita la inserci\u00f3n temprana de pr\u00f3tesis. Se trata de una t\u00e9cnica que ide\u00f3 el profesor Jen\u0151 Manninger. Ventajas principales: &#8211; Tornillos espec\u00edficos reforzados y [&hellip;]<\/p>\n","protected":false},"featured_media":7535,"template":"","meta":[],"product_brand":[],"product_cat":[728],"product_tag":[],"class_list":{"0":"post-7533","1":"product","2":"type-product","3":"status-publish","4":"has-post-thumbnail","6":"product_cat-trochanter-es-2","7":"testtaj-femur-es","8":"testtaj-screwing-es","9":"testtaj-trochanter-area-es","10":"testtaj-lower-limb-es","12":"first","13":"instock","14":"shipping-taxable","15":"product-type-simple"},"yoast_head":"<!-- This site is optimized with the Yoast SEO plugin v27.2 - https:\/\/yoast.com\/product\/yoast-seo-wordpress\/ -->\n<title>CSFN cannulated screw fixation - Sanatmetal<\/title>\n<meta name=\"robots\" content=\"index, follow, max-snippet:-1, max-image-preview:large, max-video-preview:-1\" \/>\n<link rel=\"canonical\" href=\"https:\/\/sanatmetal.calvus.xyz\/es\/product\/csfn-cannulated-screw-fixation\/\" \/>\n<meta property=\"og:locale\" content=\"es_ES\" \/>\n<meta property=\"og:type\" content=\"article\" \/>\n<meta property=\"og:title\" content=\"CSFN cannulated screw fixation - Sanatmetal\" \/>\n<meta property=\"og:description\" content=\"La fijaci\u00f3n con doble tornillo canulado es r\u00e1pida y sencilla y ofrece m\u00faltiples ventajas. La m\u00e1s importante es que mantiene la cabeza del f\u00e9mur en su sitio, de manera que se evita la inserci\u00f3n temprana de pr\u00f3tesis. Se trata de una t\u00e9cnica que ide\u00f3 el profesor Jen\u0151 Manninger. Ventajas principales: &#8211; Tornillos espec\u00edficos reforzados y [&hellip;]\" \/>\n<meta property=\"og:url\" content=\"https:\/\/sanatmetal.calvus.xyz\/es\/product\/csfn-cannulated-screw-fixation\/\" \/>\n<meta property=\"og:site_name\" content=\"Sanatmetal\" \/>\n<meta property=\"article:modified_time\" content=\"2020-10-20T13:15:03+00:00\" \/>\n<meta property=\"og:image\" content=\"https:\/\/sanatmetal.calvus.xyz\/wp-content\/uploads\/2020\/06\/csfn.jpg\" \/>\n\t<meta property=\"og:image:width\" content=\"2560\" \/>\n\t<meta property=\"og:image:height\" content=\"1980\" \/>\n\t<meta property=\"og:image:type\" content=\"image\/jpeg\" \/>\n<meta name=\"twitter:card\" content=\"summary_large_image\" \/>\n<script type=\"application\/ld+json\" class=\"yoast-schema-graph\">{\"@context\":\"https:\/\/schema.org\",\"@graph\":[{\"@type\":\"WebPage\",\"@id\":\"https:\/\/sanatmetal.calvus.xyz\/es\/product\/csfn-cannulated-screw-fixation\/\",\"url\":\"https:\/\/sanatmetal.calvus.xyz\/es\/product\/csfn-cannulated-screw-fixation\/\",\"name\":\"CSFN cannulated screw fixation - Sanatmetal\",\"isPartOf\":{\"@id\":\"https:\/\/sanatmetal.calvus.xyz\/en\/#website\"},\"primaryImageOfPage\":{\"@id\":\"https:\/\/sanatmetal.calvus.xyz\/es\/product\/csfn-cannulated-screw-fixation\/#primaryimage\"},\"image\":{\"@id\":\"https:\/\/sanatmetal.calvus.xyz\/es\/product\/csfn-cannulated-screw-fixation\/#primaryimage\"},\"thumbnailUrl\":\"https:\/\/sanatmetal.calvus.xyz\/wp-content\/uploads\/2020\/06\/csfn.webp\",\"datePublished\":\"2020-05-06T13:20:08+00:00\",\"dateModified\":\"2020-10-20T13:15:03+00:00\",\"breadcrumb\":{\"@id\":\"https:\/\/sanatmetal.calvus.xyz\/es\/product\/csfn-cannulated-screw-fixation\/#breadcrumb\"},\"inLanguage\":\"es-ES\",\"potentialAction\":[{\"@type\":\"ReadAction\",\"target\":[\"https:\/\/sanatmetal.calvus.xyz\/es\/product\/csfn-cannulated-screw-fixation\/\"]}]},{\"@type\":\"ImageObject\",\"inLanguage\":\"es-ES\",\"@id\":\"https:\/\/sanatmetal.calvus.xyz\/es\/product\/csfn-cannulated-screw-fixation\/#primaryimage\",\"url\":\"https:\/\/sanatmetal.calvus.xyz\/wp-content\/uploads\/2020\/06\/csfn.webp\",\"contentUrl\":\"https:\/\/sanatmetal.calvus.xyz\/wp-content\/uploads\/2020\/06\/csfn.webp\",\"width\":2560,\"height\":1980},{\"@type\":\"BreadcrumbList\",\"@id\":\"https:\/\/sanatmetal.calvus.xyz\/es\/product\/csfn-cannulated-screw-fixation\/#breadcrumb\",\"itemListElement\":[{\"@type\":\"ListItem\",\"position\":1,\"name\":\"Home\",\"item\":\"https:\/\/sanatmetal.calvus.xyz\/es\/\"},{\"@type\":\"ListItem\",\"position\":2,\"name\":\"PRODUCTOS\",\"item\":\"https:\/\/sanatmetal.calvus.xyz\/es\/our-products\/\"},{\"@type\":\"ListItem\",\"position\":3,\"name\":\"CSFN cannulated screw fixation\"}]},{\"@type\":\"WebSite\",\"@id\":\"https:\/\/sanatmetal.calvus.xyz\/en\/#website\",\"url\":\"https:\/\/sanatmetal.calvus.xyz\/en\/\",\"name\":\"Sanatmetal\",\"description\":\"\",\"publisher\":{\"@id\":\"https:\/\/sanatmetal.calvus.xyz\/en\/#organization\"},\"potentialAction\":[{\"@type\":\"SearchAction\",\"target\":{\"@type\":\"EntryPoint\",\"urlTemplate\":\"https:\/\/sanatmetal.calvus.xyz\/en\/?s={search_term_string}\"},\"query-input\":{\"@type\":\"PropertyValueSpecification\",\"valueRequired\":true,\"valueName\":\"search_term_string\"}}],\"inLanguage\":\"es-ES\"},{\"@type\":\"Organization\",\"@id\":\"https:\/\/sanatmetal.calvus.xyz\/en\/#organization\",\"name\":\"Sanatmetal\",\"url\":\"https:\/\/sanatmetal.calvus.xyz\/en\/\",\"logo\":{\"@type\":\"ImageObject\",\"inLanguage\":\"es-ES\",\"@id\":\"https:\/\/sanatmetal.calvus.xyz\/en\/#\/schema\/logo\/image\/\",\"url\":\"https:\/\/sanatmetal.calvus.xyz\/wp-content\/uploads\/2024\/10\/Nevtelen-terv-5-e1728647058747.png\",\"contentUrl\":\"https:\/\/sanatmetal.calvus.xyz\/wp-content\/uploads\/2024\/10\/Nevtelen-terv-5-e1728647058747.png\",\"width\":1410,\"height\":1293,\"caption\":\"Sanatmetal\"},\"image\":{\"@id\":\"https:\/\/sanatmetal.calvus.xyz\/en\/#\/schema\/logo\/image\/\"}}]}<\/script>\n<!-- \/ Yoast SEO plugin. -->","yoast_head_json":{"title":"CSFN cannulated screw fixation - Sanatmetal","robots":{"index":"index","follow":"follow","max-snippet":"max-snippet:-1","max-image-preview":"max-image-preview:large","max-video-preview":"max-video-preview:-1"},"canonical":"https:\/\/sanatmetal.calvus.xyz\/es\/product\/csfn-cannulated-screw-fixation\/","og_locale":"es_ES","og_type":"article","og_title":"CSFN cannulated screw fixation - Sanatmetal","og_description":"La fijaci\u00f3n con doble tornillo canulado es r\u00e1pida y sencilla y ofrece m\u00faltiples ventajas. La m\u00e1s importante es que mantiene la cabeza del f\u00e9mur en su sitio, de manera que se evita la inserci\u00f3n temprana de pr\u00f3tesis. Se trata de una t\u00e9cnica que ide\u00f3 el profesor Jen\u0151 Manninger. Ventajas principales: &#8211; Tornillos espec\u00edficos reforzados y [&hellip;]","og_url":"https:\/\/sanatmetal.calvus.xyz\/es\/product\/csfn-cannulated-screw-fixation\/","og_site_name":"Sanatmetal","article_modified_time":"2020-10-20T13:15:03+00:00","og_image":[{"width":2560,"height":1980,"url":"https:\/\/sanatmetal.calvus.xyz\/wp-content\/uploads\/2020\/06\/csfn.jpg","type":"image\/jpeg"}],"twitter_card":"summary_large_image","schema":{"@context":"https:\/\/schema.org","@graph":[{"@type":"WebPage","@id":"https:\/\/sanatmetal.calvus.xyz\/es\/product\/csfn-cannulated-screw-fixation\/","url":"https:\/\/sanatmetal.calvus.xyz\/es\/product\/csfn-cannulated-screw-fixation\/","name":"CSFN cannulated screw fixation - Sanatmetal","isPartOf":{"@id":"https:\/\/sanatmetal.calvus.xyz\/en\/#website"},"primaryImageOfPage":{"@id":"https:\/\/sanatmetal.calvus.xyz\/es\/product\/csfn-cannulated-screw-fixation\/#primaryimage"},"image":{"@id":"https:\/\/sanatmetal.calvus.xyz\/es\/product\/csfn-cannulated-screw-fixation\/#primaryimage"},"thumbnailUrl":"https:\/\/sanatmetal.calvus.xyz\/wp-content\/uploads\/2020\/06\/csfn.webp","datePublished":"2020-05-06T13:20:08+00:00","dateModified":"2020-10-20T13:15:03+00:00","breadcrumb":{"@id":"https:\/\/sanatmetal.calvus.xyz\/es\/product\/csfn-cannulated-screw-fixation\/#breadcrumb"},"inLanguage":"es-ES","potentialAction":[{"@type":"ReadAction","target":["https:\/\/sanatmetal.calvus.xyz\/es\/product\/csfn-cannulated-screw-fixation\/"]}]},{"@type":"ImageObject","inLanguage":"es-ES","@id":"https:\/\/sanatmetal.calvus.xyz\/es\/product\/csfn-cannulated-screw-fixation\/#primaryimage","url":"https:\/\/sanatmetal.calvus.xyz\/wp-content\/uploads\/2020\/06\/csfn.webp","contentUrl":"https:\/\/sanatmetal.calvus.xyz\/wp-content\/uploads\/2020\/06\/csfn.webp","width":2560,"height":1980},{"@type":"BreadcrumbList","@id":"https:\/\/sanatmetal.calvus.xyz\/es\/product\/csfn-cannulated-screw-fixation\/#breadcrumb","itemListElement":[{"@type":"ListItem","position":1,"name":"Home","item":"https:\/\/sanatmetal.calvus.xyz\/es\/"},{"@type":"ListItem","position":2,"name":"PRODUCTOS","item":"https:\/\/sanatmetal.calvus.xyz\/es\/our-products\/"},{"@type":"ListItem","position":3,"name":"CSFN cannulated screw fixation"}]},{"@type":"WebSite","@id":"https:\/\/sanatmetal.calvus.xyz\/en\/#website","url":"https:\/\/sanatmetal.calvus.xyz\/en\/","name":"Sanatmetal","description":"","publisher":{"@id":"https:\/\/sanatmetal.calvus.xyz\/en\/#organization"},"potentialAction":[{"@type":"SearchAction","target":{"@type":"EntryPoint","urlTemplate":"https:\/\/sanatmetal.calvus.xyz\/en\/?s={search_term_string}"},"query-input":{"@type":"PropertyValueSpecification","valueRequired":true,"valueName":"search_term_string"}}],"inLanguage":"es-ES"},{"@type":"Organization","@id":"https:\/\/sanatmetal.calvus.xyz\/en\/#organization","name":"Sanatmetal","url":"https:\/\/sanatmetal.calvus.xyz\/en\/","logo":{"@type":"ImageObject","inLanguage":"es-ES","@id":"https:\/\/sanatmetal.calvus.xyz\/en\/#\/schema\/logo\/image\/","url":"https:\/\/sanatmetal.calvus.xyz\/wp-content\/uploads\/2024\/10\/Nevtelen-terv-5-e1728647058747.png","contentUrl":"https:\/\/sanatmetal.calvus.xyz\/wp-content\/uploads\/2024\/10\/Nevtelen-terv-5-e1728647058747.png","width":1410,"height":1293,"caption":"Sanatmetal"},"image":{"@id":"https:\/\/sanatmetal.calvus.xyz\/en\/#\/schema\/logo\/image\/"}}]}},"_links":{"self":[{"href":"https:\/\/sanatmetal.calvus.xyz\/es\/wp-json\/wp\/v2\/product\/7533","targetHints":{"allow":["GET"]}}],"collection":[{"href":"https:\/\/sanatmetal.calvus.xyz\/es\/wp-json\/wp\/v2\/product"}],"about":[{"href":"https:\/\/sanatmetal.calvus.xyz\/es\/wp-json\/wp\/v2\/types\/product"}],"wp:featuredmedia":[{"embeddable":true,"href":"https:\/\/sanatmetal.calvus.xyz\/es\/wp-json\/wp\/v2\/media\/7535"}],"wp:attachment":[{"href":"https:\/\/sanatmetal.calvus.xyz\/es\/wp-json\/wp\/v2\/media?parent=7533"}],"wp:term":[{"taxonomy":"product_brand","embeddable":true,"href":"https:\/\/sanatmetal.calvus.xyz\/es\/wp-json\/wp\/v2\/product_brand?post=7533"},{"taxonomy":"product_cat","embeddable":true,"href":"https:\/\/sanatmetal.calvus.xyz\/es\/wp-json\/wp\/v2\/product_cat?post=7533"},{"taxonomy":"product_tag","embeddable":true,"href":"https:\/\/sanatmetal.calvus.xyz\/es\/wp-json\/wp\/v2\/product_tag?post=7533"}],"curies":[{"name":"wp","href":"https:\/\/api.w.org\/{rel}","templated":true}]}}