{"id":7359,"date":"2020-03-04T11:03:09","date_gmt":"2020-05-06T13:29:27","guid":{"rendered":"https:\/\/sanatmetal.calvus.xyz\/product\/fi-can-nail\/"},"modified":"2020-10-20T12:15:01","modified_gmt":"2020-10-20T12:15:01","slug":"fi-can-nail","status":"publish","type":"product","link":"https:\/\/sanatmetal.calvus.xyz\/es\/product\/fi-can-nail\/","title":{"rendered":"Fi Can nail"},"content":{"rendered":"<p>Nuestros m\u00e1s de 15 a\u00f1os de experiencia demuestran la importancia de la t\u00e9cnica a la hora de tratar fracturas trocant\u00e9reas.<\/p>\n<p>Ventajas principales:<\/p>\n<p>&#8211; M\u00e9todo de doble tornillo para garantizar una rotaci\u00f3n estable.<br \/>\n&#8211; T\u00e9cnica de canulaci\u00f3n proximal para mantener fija la recolocaci\u00f3n.<br \/>\n&#8211; Especialmente indicado para huesos finos de 15\u2009mm de di\u00e1metro proximal.<br \/>\n&#8211; Clavo de larga longitud y forma anat\u00f3mica apto para fracturas combinadas.<\/p>\n<p>&nbsp;<\/p>\n","protected":false},"excerpt":{"rendered":"<p>Nuestros m\u00e1s de 15 a\u00f1os de experiencia demuestran la importancia de la t\u00e9cnica a la hora de tratar fracturas trocant\u00e9reas. Ventajas principales: &#8211; M\u00e9todo de doble tornillo para garantizar una rotaci\u00f3n estable. &#8211; T\u00e9cnica de canulaci\u00f3n proximal para mantener fija la recolocaci\u00f3n. &#8211; Especialmente indicado para huesos finos de 15\u2009mm de di\u00e1metro proximal. &#8211; Clavo [&hellip;]<\/p>\n","protected":false},"featured_media":7362,"template":"","meta":[],"product_brand":[],"product_cat":[712],"product_tag":[],"class_list":{"0":"post-7359","1":"product","2":"type-product","3":"status-publish","4":"has-post-thumbnail","6":"product_cat-trochanter-es","7":"testtaj-femur-es","9":"first","10":"instock","11":"shipping-taxable","12":"product-type-simple"},"yoast_head":"<!-- This site is optimized with the Yoast SEO plugin v27.2 - https:\/\/yoast.com\/product\/yoast-seo-wordpress\/ -->\n<title>Fi Can nail - Sanatmetal<\/title>\n<meta name=\"robots\" content=\"index, follow, max-snippet:-1, max-image-preview:large, max-video-preview:-1\" \/>\n<link rel=\"canonical\" href=\"https:\/\/sanatmetal.calvus.xyz\/es\/product\/fi-can-nail\/\" \/>\n<meta property=\"og:locale\" content=\"es_ES\" \/>\n<meta property=\"og:type\" content=\"article\" \/>\n<meta property=\"og:title\" content=\"Fi Can nail - Sanatmetal\" \/>\n<meta property=\"og:description\" content=\"Nuestros m\u00e1s de 15 a\u00f1os de experiencia demuestran la importancia de la t\u00e9cnica a la hora de tratar fracturas trocant\u00e9reas. Ventajas principales: &#8211; M\u00e9todo de doble tornillo para garantizar una rotaci\u00f3n estable. &#8211; T\u00e9cnica de canulaci\u00f3n proximal para mantener fija la recolocaci\u00f3n. &#8211; Especialmente indicado para huesos finos de 15\u2009mm de di\u00e1metro proximal. &#8211; Clavo [&hellip;]\" \/>\n<meta property=\"og:url\" content=\"https:\/\/sanatmetal.calvus.xyz\/es\/product\/fi-can-nail\/\" \/>\n<meta property=\"og:site_name\" content=\"Sanatmetal\" \/>\n<meta property=\"article:modified_time\" content=\"2020-10-20T12:15:01+00:00\" \/>\n<meta property=\"og:image\" content=\"https:\/\/sanatmetal.calvus.xyz\/wp-content\/uploads\/2020\/06\/fi_2.jpg\" \/>\n\t<meta property=\"og:image:width\" content=\"2560\" \/>\n\t<meta property=\"og:image:height\" content=\"1980\" \/>\n\t<meta property=\"og:image:type\" content=\"image\/jpeg\" \/>\n<meta name=\"twitter:card\" content=\"summary_large_image\" \/>\n<script type=\"application\/ld+json\" class=\"yoast-schema-graph\">{\"@context\":\"https:\/\/schema.org\",\"@graph\":[{\"@type\":\"WebPage\",\"@id\":\"https:\/\/sanatmetal.calvus.xyz\/es\/product\/fi-can-nail\/\",\"url\":\"https:\/\/sanatmetal.calvus.xyz\/es\/product\/fi-can-nail\/\",\"name\":\"Fi Can nail - Sanatmetal\",\"isPartOf\":{\"@id\":\"https:\/\/sanatmetal.calvus.xyz\/en\/#website\"},\"primaryImageOfPage\":{\"@id\":\"https:\/\/sanatmetal.calvus.xyz\/es\/product\/fi-can-nail\/#primaryimage\"},\"image\":{\"@id\":\"https:\/\/sanatmetal.calvus.xyz\/es\/product\/fi-can-nail\/#primaryimage\"},\"thumbnailUrl\":\"https:\/\/sanatmetal.calvus.xyz\/wp-content\/uploads\/2020\/06\/fi_2.webp\",\"datePublished\":\"2020-05-06T13:29:27+00:00\",\"dateModified\":\"2020-10-20T12:15:01+00:00\",\"breadcrumb\":{\"@id\":\"https:\/\/sanatmetal.calvus.xyz\/es\/product\/fi-can-nail\/#breadcrumb\"},\"inLanguage\":\"es-ES\",\"potentialAction\":[{\"@type\":\"ReadAction\",\"target\":[\"https:\/\/sanatmetal.calvus.xyz\/es\/product\/fi-can-nail\/\"]}]},{\"@type\":\"ImageObject\",\"inLanguage\":\"es-ES\",\"@id\":\"https:\/\/sanatmetal.calvus.xyz\/es\/product\/fi-can-nail\/#primaryimage\",\"url\":\"https:\/\/sanatmetal.calvus.xyz\/wp-content\/uploads\/2020\/06\/fi_2.webp\",\"contentUrl\":\"https:\/\/sanatmetal.calvus.xyz\/wp-content\/uploads\/2020\/06\/fi_2.webp\",\"width\":2560,\"height\":1980},{\"@type\":\"BreadcrumbList\",\"@id\":\"https:\/\/sanatmetal.calvus.xyz\/es\/product\/fi-can-nail\/#breadcrumb\",\"itemListElement\":[{\"@type\":\"ListItem\",\"position\":1,\"name\":\"Home\",\"item\":\"https:\/\/sanatmetal.calvus.xyz\/es\/\"},{\"@type\":\"ListItem\",\"position\":2,\"name\":\"PRODUCTOS\",\"item\":\"https:\/\/sanatmetal.calvus.xyz\/es\/our-products\/\"},{\"@type\":\"ListItem\",\"position\":3,\"name\":\"Fi Can nail\"}]},{\"@type\":\"WebSite\",\"@id\":\"https:\/\/sanatmetal.calvus.xyz\/en\/#website\",\"url\":\"https:\/\/sanatmetal.calvus.xyz\/en\/\",\"name\":\"Sanatmetal\",\"description\":\"\",\"publisher\":{\"@id\":\"https:\/\/sanatmetal.calvus.xyz\/en\/#organization\"},\"potentialAction\":[{\"@type\":\"SearchAction\",\"target\":{\"@type\":\"EntryPoint\",\"urlTemplate\":\"https:\/\/sanatmetal.calvus.xyz\/en\/?s={search_term_string}\"},\"query-input\":{\"@type\":\"PropertyValueSpecification\",\"valueRequired\":true,\"valueName\":\"search_term_string\"}}],\"inLanguage\":\"es-ES\"},{\"@type\":\"Organization\",\"@id\":\"https:\/\/sanatmetal.calvus.xyz\/en\/#organization\",\"name\":\"Sanatmetal\",\"url\":\"https:\/\/sanatmetal.calvus.xyz\/en\/\",\"logo\":{\"@type\":\"ImageObject\",\"inLanguage\":\"es-ES\",\"@id\":\"https:\/\/sanatmetal.calvus.xyz\/en\/#\/schema\/logo\/image\/\",\"url\":\"https:\/\/sanatmetal.calvus.xyz\/wp-content\/uploads\/2024\/10\/Nevtelen-terv-5-e1728647058747.png\",\"contentUrl\":\"https:\/\/sanatmetal.calvus.xyz\/wp-content\/uploads\/2024\/10\/Nevtelen-terv-5-e1728647058747.png\",\"width\":1410,\"height\":1293,\"caption\":\"Sanatmetal\"},\"image\":{\"@id\":\"https:\/\/sanatmetal.calvus.xyz\/en\/#\/schema\/logo\/image\/\"}}]}<\/script>\n<!-- \/ Yoast SEO plugin. -->","yoast_head_json":{"title":"Fi Can nail - Sanatmetal","robots":{"index":"index","follow":"follow","max-snippet":"max-snippet:-1","max-image-preview":"max-image-preview:large","max-video-preview":"max-video-preview:-1"},"canonical":"https:\/\/sanatmetal.calvus.xyz\/es\/product\/fi-can-nail\/","og_locale":"es_ES","og_type":"article","og_title":"Fi Can nail - Sanatmetal","og_description":"Nuestros m\u00e1s de 15 a\u00f1os de experiencia demuestran la importancia de la t\u00e9cnica a la hora de tratar fracturas trocant\u00e9reas. Ventajas principales: &#8211; M\u00e9todo de doble tornillo para garantizar una rotaci\u00f3n estable. &#8211; T\u00e9cnica de canulaci\u00f3n proximal para mantener fija la recolocaci\u00f3n. &#8211; Especialmente indicado para huesos finos de 15\u2009mm de di\u00e1metro proximal. &#8211; Clavo [&hellip;]","og_url":"https:\/\/sanatmetal.calvus.xyz\/es\/product\/fi-can-nail\/","og_site_name":"Sanatmetal","article_modified_time":"2020-10-20T12:15:01+00:00","og_image":[{"width":2560,"height":1980,"url":"https:\/\/sanatmetal.calvus.xyz\/wp-content\/uploads\/2020\/06\/fi_2.jpg","type":"image\/jpeg"}],"twitter_card":"summary_large_image","schema":{"@context":"https:\/\/schema.org","@graph":[{"@type":"WebPage","@id":"https:\/\/sanatmetal.calvus.xyz\/es\/product\/fi-can-nail\/","url":"https:\/\/sanatmetal.calvus.xyz\/es\/product\/fi-can-nail\/","name":"Fi Can nail - Sanatmetal","isPartOf":{"@id":"https:\/\/sanatmetal.calvus.xyz\/en\/#website"},"primaryImageOfPage":{"@id":"https:\/\/sanatmetal.calvus.xyz\/es\/product\/fi-can-nail\/#primaryimage"},"image":{"@id":"https:\/\/sanatmetal.calvus.xyz\/es\/product\/fi-can-nail\/#primaryimage"},"thumbnailUrl":"https:\/\/sanatmetal.calvus.xyz\/wp-content\/uploads\/2020\/06\/fi_2.webp","datePublished":"2020-05-06T13:29:27+00:00","dateModified":"2020-10-20T12:15:01+00:00","breadcrumb":{"@id":"https:\/\/sanatmetal.calvus.xyz\/es\/product\/fi-can-nail\/#breadcrumb"},"inLanguage":"es-ES","potentialAction":[{"@type":"ReadAction","target":["https:\/\/sanatmetal.calvus.xyz\/es\/product\/fi-can-nail\/"]}]},{"@type":"ImageObject","inLanguage":"es-ES","@id":"https:\/\/sanatmetal.calvus.xyz\/es\/product\/fi-can-nail\/#primaryimage","url":"https:\/\/sanatmetal.calvus.xyz\/wp-content\/uploads\/2020\/06\/fi_2.webp","contentUrl":"https:\/\/sanatmetal.calvus.xyz\/wp-content\/uploads\/2020\/06\/fi_2.webp","width":2560,"height":1980},{"@type":"BreadcrumbList","@id":"https:\/\/sanatmetal.calvus.xyz\/es\/product\/fi-can-nail\/#breadcrumb","itemListElement":[{"@type":"ListItem","position":1,"name":"Home","item":"https:\/\/sanatmetal.calvus.xyz\/es\/"},{"@type":"ListItem","position":2,"name":"PRODUCTOS","item":"https:\/\/sanatmetal.calvus.xyz\/es\/our-products\/"},{"@type":"ListItem","position":3,"name":"Fi Can nail"}]},{"@type":"WebSite","@id":"https:\/\/sanatmetal.calvus.xyz\/en\/#website","url":"https:\/\/sanatmetal.calvus.xyz\/en\/","name":"Sanatmetal","description":"","publisher":{"@id":"https:\/\/sanatmetal.calvus.xyz\/en\/#organization"},"potentialAction":[{"@type":"SearchAction","target":{"@type":"EntryPoint","urlTemplate":"https:\/\/sanatmetal.calvus.xyz\/en\/?s={search_term_string}"},"query-input":{"@type":"PropertyValueSpecification","valueRequired":true,"valueName":"search_term_string"}}],"inLanguage":"es-ES"},{"@type":"Organization","@id":"https:\/\/sanatmetal.calvus.xyz\/en\/#organization","name":"Sanatmetal","url":"https:\/\/sanatmetal.calvus.xyz\/en\/","logo":{"@type":"ImageObject","inLanguage":"es-ES","@id":"https:\/\/sanatmetal.calvus.xyz\/en\/#\/schema\/logo\/image\/","url":"https:\/\/sanatmetal.calvus.xyz\/wp-content\/uploads\/2024\/10\/Nevtelen-terv-5-e1728647058747.png","contentUrl":"https:\/\/sanatmetal.calvus.xyz\/wp-content\/uploads\/2024\/10\/Nevtelen-terv-5-e1728647058747.png","width":1410,"height":1293,"caption":"Sanatmetal"},"image":{"@id":"https:\/\/sanatmetal.calvus.xyz\/en\/#\/schema\/logo\/image\/"}}]}},"_links":{"self":[{"href":"https:\/\/sanatmetal.calvus.xyz\/es\/wp-json\/wp\/v2\/product\/7359","targetHints":{"allow":["GET"]}}],"collection":[{"href":"https:\/\/sanatmetal.calvus.xyz\/es\/wp-json\/wp\/v2\/product"}],"about":[{"href":"https:\/\/sanatmetal.calvus.xyz\/es\/wp-json\/wp\/v2\/types\/product"}],"wp:featuredmedia":[{"embeddable":true,"href":"https:\/\/sanatmetal.calvus.xyz\/es\/wp-json\/wp\/v2\/media\/7362"}],"wp:attachment":[{"href":"https:\/\/sanatmetal.calvus.xyz\/es\/wp-json\/wp\/v2\/media?parent=7359"}],"wp:term":[{"taxonomy":"product_brand","embeddable":true,"href":"https:\/\/sanatmetal.calvus.xyz\/es\/wp-json\/wp\/v2\/product_brand?post=7359"},{"taxonomy":"product_cat","embeddable":true,"href":"https:\/\/sanatmetal.calvus.xyz\/es\/wp-json\/wp\/v2\/product_cat?post=7359"},{"taxonomy":"product_tag","embeddable":true,"href":"https:\/\/sanatmetal.calvus.xyz\/es\/wp-json\/wp\/v2\/product_tag?post=7359"}],"curies":[{"name":"wp","href":"https:\/\/api.w.org\/{rel}","templated":true}]}}