{"id":7293,"date":"2020-03-04T10:52:03","date_gmt":"2020-05-06T13:38:47","guid":{"rendered":"https:\/\/sanatmetal.calvus.xyz\/product\/magic-humerus-nail\/"},"modified":"2020-10-20T12:06:58","modified_gmt":"2020-10-20T12:06:58","slug":"magic-humerus-nail","status":"publish","type":"product","link":"https:\/\/sanatmetal.calvus.xyz\/es\/product\/magic-humerus-nail\/","title":{"rendered":"Magic Humerus nail"},"content":{"rendered":"<p>A diferencia del resto de los sistemas de enclavado de Sanatmetal, el sistema Magic Humero tiene como objetivo reducir la cantidad de radiaci\u00f3n que se utiliza durante la cirug\u00eda. Los clavos, de forma recta tanto en las longitudes largas como en las cortas, minimizan las lesiones en el manguito de los rotadores y aumentan la seguridad del paciente durante la intervenci\u00f3n.<\/p>\n<p>Ventajas principales:<\/p>\n<p>&#8211; Bloqueo proximal multiplanar.<br \/>\n&#8211; Brazo de localizaci\u00f3n proximal con rotaci\u00f3n al presionar un bot\u00f3n.<br \/>\n&#8211; Tornillo de bloqueo proximal con cabeza plana apto para compactaci\u00f3n \u00f3sea y suturaci\u00f3n.<br \/>\n&#8211; Posibilidad de compresi\u00f3n.<br \/>\n&#8211; Bloqueo sin rayos X en el caso del clavo de mayor longitud.<\/p>\n<p><iframe loading=\"lazy\" title=\"MAGIC - Distal targeting without X-Ray - promotional video\" width=\"500\" height=\"281\" src=\"https:\/\/www.youtube.com\/embed\/UoFdHPE_3EU?start=5&#038;feature=oembed\" frameborder=\"0\" allow=\"accelerometer; autoplay; clipboard-write; encrypted-media; gyroscope; picture-in-picture; web-share\" referrerpolicy=\"strict-origin-when-cross-origin\" allowfullscreen><\/iframe><\/p>\n","protected":false},"excerpt":{"rendered":"<p>A diferencia del resto de los sistemas de enclavado de Sanatmetal, el sistema Magic Humero tiene como objetivo reducir la cantidad de radiaci\u00f3n que se utiliza durante la cirug\u00eda. Los clavos, de forma recta tanto en las longitudes largas como en las cortas, minimizan las lesiones en el manguito de los rotadores y aumentan la [&hellip;]<\/p>\n","protected":false},"featured_media":7294,"template":"","meta":[],"product_brand":[],"product_cat":[711],"product_tag":[],"class_list":{"0":"post-7293","1":"product","2":"type-product","3":"status-publish","4":"has-post-thumbnail","6":"product_cat-humerus-es","7":"testtaj-upper-limb-es","8":"testtaj-humerus-es","9":"testtaj-nailing-es-2","10":"markanev-magic-es","12":"first","13":"instock","14":"shipping-taxable","15":"product-type-simple"},"yoast_head":"<!-- This site is optimized with the Yoast SEO plugin v27.2 - https:\/\/yoast.com\/product\/yoast-seo-wordpress\/ -->\n<title>Magic Humerus nail - Sanatmetal<\/title>\n<meta name=\"robots\" content=\"index, follow, max-snippet:-1, max-image-preview:large, max-video-preview:-1\" \/>\n<link rel=\"canonical\" href=\"https:\/\/sanatmetal.calvus.xyz\/es\/product\/magic-humerus-nail\/\" \/>\n<meta property=\"og:locale\" content=\"es_ES\" \/>\n<meta property=\"og:type\" content=\"article\" \/>\n<meta property=\"og:title\" content=\"Magic Humerus nail - Sanatmetal\" \/>\n<meta property=\"og:description\" content=\"A diferencia del resto de los sistemas de enclavado de Sanatmetal, el sistema Magic Humero tiene como objetivo reducir la cantidad de radiaci\u00f3n que se utiliza durante la cirug\u00eda. Los clavos, de forma recta tanto en las longitudes largas como en las cortas, minimizan las lesiones en el manguito de los rotadores y aumentan la [&hellip;]\" \/>\n<meta property=\"og:url\" content=\"https:\/\/sanatmetal.calvus.xyz\/es\/product\/magic-humerus-nail\/\" \/>\n<meta property=\"og:site_name\" content=\"Sanatmetal\" \/>\n<meta property=\"article:modified_time\" content=\"2020-10-20T12:06:58+00:00\" \/>\n<meta property=\"og:image\" content=\"https:\/\/sanatmetal.calvus.xyz\/wp-content\/uploads\/2020\/03\/18-scaled.jpg\" \/>\n\t<meta property=\"og:image:width\" content=\"2560\" \/>\n\t<meta property=\"og:image:height\" content=\"1920\" \/>\n\t<meta property=\"og:image:type\" content=\"image\/jpeg\" \/>\n<meta name=\"twitter:card\" content=\"summary_large_image\" \/>\n<meta name=\"twitter:label1\" content=\"Est. reading time\" \/>\n\t<meta name=\"twitter:data1\" content=\"1 minute\" \/>\n<script type=\"application\/ld+json\" class=\"yoast-schema-graph\">{\"@context\":\"https:\/\/schema.org\",\"@graph\":[{\"@type\":\"WebPage\",\"@id\":\"https:\/\/sanatmetal.calvus.xyz\/es\/product\/magic-humerus-nail\/\",\"url\":\"https:\/\/sanatmetal.calvus.xyz\/es\/product\/magic-humerus-nail\/\",\"name\":\"Magic Humerus nail - Sanatmetal\",\"isPartOf\":{\"@id\":\"https:\/\/sanatmetal.calvus.xyz\/en\/#website\"},\"primaryImageOfPage\":{\"@id\":\"https:\/\/sanatmetal.calvus.xyz\/es\/product\/magic-humerus-nail\/#primaryimage\"},\"image\":{\"@id\":\"https:\/\/sanatmetal.calvus.xyz\/es\/product\/magic-humerus-nail\/#primaryimage\"},\"thumbnailUrl\":\"https:\/\/sanatmetal.calvus.xyz\/wp-content\/uploads\/2020\/03\/18-scaled.webp\",\"datePublished\":\"2020-05-06T13:38:47+00:00\",\"dateModified\":\"2020-10-20T12:06:58+00:00\",\"breadcrumb\":{\"@id\":\"https:\/\/sanatmetal.calvus.xyz\/es\/product\/magic-humerus-nail\/#breadcrumb\"},\"inLanguage\":\"es-ES\",\"potentialAction\":[{\"@type\":\"ReadAction\",\"target\":[\"https:\/\/sanatmetal.calvus.xyz\/es\/product\/magic-humerus-nail\/\"]}]},{\"@type\":\"ImageObject\",\"inLanguage\":\"es-ES\",\"@id\":\"https:\/\/sanatmetal.calvus.xyz\/es\/product\/magic-humerus-nail\/#primaryimage\",\"url\":\"https:\/\/sanatmetal.calvus.xyz\/wp-content\/uploads\/2020\/03\/18-scaled.webp\",\"contentUrl\":\"https:\/\/sanatmetal.calvus.xyz\/wp-content\/uploads\/2020\/03\/18-scaled.webp\",\"width\":2560,\"height\":1920},{\"@type\":\"BreadcrumbList\",\"@id\":\"https:\/\/sanatmetal.calvus.xyz\/es\/product\/magic-humerus-nail\/#breadcrumb\",\"itemListElement\":[{\"@type\":\"ListItem\",\"position\":1,\"name\":\"Home\",\"item\":\"https:\/\/sanatmetal.calvus.xyz\/es\/\"},{\"@type\":\"ListItem\",\"position\":2,\"name\":\"PRODUCTOS\",\"item\":\"https:\/\/sanatmetal.calvus.xyz\/es\/our-products\/\"},{\"@type\":\"ListItem\",\"position\":3,\"name\":\"Magic Humerus nail\"}]},{\"@type\":\"WebSite\",\"@id\":\"https:\/\/sanatmetal.calvus.xyz\/en\/#website\",\"url\":\"https:\/\/sanatmetal.calvus.xyz\/en\/\",\"name\":\"Sanatmetal\",\"description\":\"\",\"publisher\":{\"@id\":\"https:\/\/sanatmetal.calvus.xyz\/en\/#organization\"},\"potentialAction\":[{\"@type\":\"SearchAction\",\"target\":{\"@type\":\"EntryPoint\",\"urlTemplate\":\"https:\/\/sanatmetal.calvus.xyz\/en\/?s={search_term_string}\"},\"query-input\":{\"@type\":\"PropertyValueSpecification\",\"valueRequired\":true,\"valueName\":\"search_term_string\"}}],\"inLanguage\":\"es-ES\"},{\"@type\":\"Organization\",\"@id\":\"https:\/\/sanatmetal.calvus.xyz\/en\/#organization\",\"name\":\"Sanatmetal\",\"url\":\"https:\/\/sanatmetal.calvus.xyz\/en\/\",\"logo\":{\"@type\":\"ImageObject\",\"inLanguage\":\"es-ES\",\"@id\":\"https:\/\/sanatmetal.calvus.xyz\/en\/#\/schema\/logo\/image\/\",\"url\":\"https:\/\/sanatmetal.calvus.xyz\/wp-content\/uploads\/2024\/10\/Nevtelen-terv-5-e1728647058747.png\",\"contentUrl\":\"https:\/\/sanatmetal.calvus.xyz\/wp-content\/uploads\/2024\/10\/Nevtelen-terv-5-e1728647058747.png\",\"width\":1410,\"height\":1293,\"caption\":\"Sanatmetal\"},\"image\":{\"@id\":\"https:\/\/sanatmetal.calvus.xyz\/en\/#\/schema\/logo\/image\/\"}}]}<\/script>\n<!-- \/ Yoast SEO plugin. -->","yoast_head_json":{"title":"Magic Humerus nail - Sanatmetal","robots":{"index":"index","follow":"follow","max-snippet":"max-snippet:-1","max-image-preview":"max-image-preview:large","max-video-preview":"max-video-preview:-1"},"canonical":"https:\/\/sanatmetal.calvus.xyz\/es\/product\/magic-humerus-nail\/","og_locale":"es_ES","og_type":"article","og_title":"Magic Humerus nail - Sanatmetal","og_description":"A diferencia del resto de los sistemas de enclavado de Sanatmetal, el sistema Magic Humero tiene como objetivo reducir la cantidad de radiaci\u00f3n que se utiliza durante la cirug\u00eda. Los clavos, de forma recta tanto en las longitudes largas como en las cortas, minimizan las lesiones en el manguito de los rotadores y aumentan la [&hellip;]","og_url":"https:\/\/sanatmetal.calvus.xyz\/es\/product\/magic-humerus-nail\/","og_site_name":"Sanatmetal","article_modified_time":"2020-10-20T12:06:58+00:00","og_image":[{"width":2560,"height":1920,"url":"https:\/\/sanatmetal.calvus.xyz\/wp-content\/uploads\/2020\/03\/18-scaled.jpg","type":"image\/jpeg"}],"twitter_card":"summary_large_image","twitter_misc":{"Est. reading time":"1 minute"},"schema":{"@context":"https:\/\/schema.org","@graph":[{"@type":"WebPage","@id":"https:\/\/sanatmetal.calvus.xyz\/es\/product\/magic-humerus-nail\/","url":"https:\/\/sanatmetal.calvus.xyz\/es\/product\/magic-humerus-nail\/","name":"Magic Humerus nail - Sanatmetal","isPartOf":{"@id":"https:\/\/sanatmetal.calvus.xyz\/en\/#website"},"primaryImageOfPage":{"@id":"https:\/\/sanatmetal.calvus.xyz\/es\/product\/magic-humerus-nail\/#primaryimage"},"image":{"@id":"https:\/\/sanatmetal.calvus.xyz\/es\/product\/magic-humerus-nail\/#primaryimage"},"thumbnailUrl":"https:\/\/sanatmetal.calvus.xyz\/wp-content\/uploads\/2020\/03\/18-scaled.webp","datePublished":"2020-05-06T13:38:47+00:00","dateModified":"2020-10-20T12:06:58+00:00","breadcrumb":{"@id":"https:\/\/sanatmetal.calvus.xyz\/es\/product\/magic-humerus-nail\/#breadcrumb"},"inLanguage":"es-ES","potentialAction":[{"@type":"ReadAction","target":["https:\/\/sanatmetal.calvus.xyz\/es\/product\/magic-humerus-nail\/"]}]},{"@type":"ImageObject","inLanguage":"es-ES","@id":"https:\/\/sanatmetal.calvus.xyz\/es\/product\/magic-humerus-nail\/#primaryimage","url":"https:\/\/sanatmetal.calvus.xyz\/wp-content\/uploads\/2020\/03\/18-scaled.webp","contentUrl":"https:\/\/sanatmetal.calvus.xyz\/wp-content\/uploads\/2020\/03\/18-scaled.webp","width":2560,"height":1920},{"@type":"BreadcrumbList","@id":"https:\/\/sanatmetal.calvus.xyz\/es\/product\/magic-humerus-nail\/#breadcrumb","itemListElement":[{"@type":"ListItem","position":1,"name":"Home","item":"https:\/\/sanatmetal.calvus.xyz\/es\/"},{"@type":"ListItem","position":2,"name":"PRODUCTOS","item":"https:\/\/sanatmetal.calvus.xyz\/es\/our-products\/"},{"@type":"ListItem","position":3,"name":"Magic Humerus nail"}]},{"@type":"WebSite","@id":"https:\/\/sanatmetal.calvus.xyz\/en\/#website","url":"https:\/\/sanatmetal.calvus.xyz\/en\/","name":"Sanatmetal","description":"","publisher":{"@id":"https:\/\/sanatmetal.calvus.xyz\/en\/#organization"},"potentialAction":[{"@type":"SearchAction","target":{"@type":"EntryPoint","urlTemplate":"https:\/\/sanatmetal.calvus.xyz\/en\/?s={search_term_string}"},"query-input":{"@type":"PropertyValueSpecification","valueRequired":true,"valueName":"search_term_string"}}],"inLanguage":"es-ES"},{"@type":"Organization","@id":"https:\/\/sanatmetal.calvus.xyz\/en\/#organization","name":"Sanatmetal","url":"https:\/\/sanatmetal.calvus.xyz\/en\/","logo":{"@type":"ImageObject","inLanguage":"es-ES","@id":"https:\/\/sanatmetal.calvus.xyz\/en\/#\/schema\/logo\/image\/","url":"https:\/\/sanatmetal.calvus.xyz\/wp-content\/uploads\/2024\/10\/Nevtelen-terv-5-e1728647058747.png","contentUrl":"https:\/\/sanatmetal.calvus.xyz\/wp-content\/uploads\/2024\/10\/Nevtelen-terv-5-e1728647058747.png","width":1410,"height":1293,"caption":"Sanatmetal"},"image":{"@id":"https:\/\/sanatmetal.calvus.xyz\/en\/#\/schema\/logo\/image\/"}}]}},"_links":{"self":[{"href":"https:\/\/sanatmetal.calvus.xyz\/es\/wp-json\/wp\/v2\/product\/7293","targetHints":{"allow":["GET"]}}],"collection":[{"href":"https:\/\/sanatmetal.calvus.xyz\/es\/wp-json\/wp\/v2\/product"}],"about":[{"href":"https:\/\/sanatmetal.calvus.xyz\/es\/wp-json\/wp\/v2\/types\/product"}],"wp:featuredmedia":[{"embeddable":true,"href":"https:\/\/sanatmetal.calvus.xyz\/es\/wp-json\/wp\/v2\/media\/7294"}],"wp:attachment":[{"href":"https:\/\/sanatmetal.calvus.xyz\/es\/wp-json\/wp\/v2\/media?parent=7293"}],"wp:term":[{"taxonomy":"product_brand","embeddable":true,"href":"https:\/\/sanatmetal.calvus.xyz\/es\/wp-json\/wp\/v2\/product_brand?post=7293"},{"taxonomy":"product_cat","embeddable":true,"href":"https:\/\/sanatmetal.calvus.xyz\/es\/wp-json\/wp\/v2\/product_cat?post=7293"},{"taxonomy":"product_tag","embeddable":true,"href":"https:\/\/sanatmetal.calvus.xyz\/es\/wp-json\/wp\/v2\/product_tag?post=7293"}],"curies":[{"name":"wp","href":"https:\/\/api.w.org\/{rel}","templated":true}]}}