{"id":7234,"date":"2020-03-04T11:30:08","date_gmt":"2020-05-06T11:35:45","guid":{"rendered":"https:\/\/sanatmetal.calvus.xyz\/product\/pannon-cementless-prosthesis-stem\/"},"modified":"2020-10-20T12:02:51","modified_gmt":"2020-10-20T12:02:51","slug":"pannon-cementless-prosthesis-stem","status":"publish","type":"product","link":"https:\/\/sanatmetal.calvus.xyz\/es\/product\/pannon-cementless-prosthesis-stem\/","title":{"rendered":"Pannon cementless prosthesis stem"},"content":{"rendered":"<p>V\u00e1stagos de M\u00fcller de geometr\u00eda probada y forma de doble cu\u00f1a con un \u00e1ngulo cervicodiafisiario est\u00e1ndar de 135 grados en los modelos cementados, no cementados, lateralizados y para revisi\u00f3n. Sus materiales han demostrado tener la mayor resistencia a la fatiga y al desgaste: los v\u00e1stagos cementados est\u00e1n fabricados con acero REX, mientras que los no cimentados son de titanio. Adem\u00e1s, los v\u00e1stagos no cimentados pueden tener una superficie micropor\u00f3tica de plasma de titanio o de hidroxiapatita. Cuenta con una amplia variedad de v\u00e1stagos que pueden utilizarse como v\u00e1stagos de prueba, lo que hace de este set de instrumentos m\u00e9dicos uno de los sistemas de pr\u00f3tesis de cadera m\u00e1s modernos del mercado. Las cabezas se conectan a los v\u00e1stagos con un Eurocono 12\/14. Tienen un di\u00e1metro de 28\u2009mm y est\u00e1n disponibles en versiones de mayor tama\u00f1o. El material es de cobalto-cromo o cer\u00e1mica.<\/p>\n<p>&nbsp;<\/p>\n","protected":false},"excerpt":{"rendered":"<p>V\u00e1stagos de M\u00fcller de geometr\u00eda probada y forma de doble cu\u00f1a con un \u00e1ngulo cervicodiafisiario est\u00e1ndar de 135 grados en los modelos cementados, no cementados, lateralizados y para revisi\u00f3n. Sus materiales han demostrado tener la mayor resistencia a la fatiga y al desgaste: los v\u00e1stagos cementados est\u00e1n fabricados con acero REX, mientras que los no [&hellip;]<\/p>\n","protected":false},"featured_media":7236,"template":"","meta":[],"product_brand":[],"product_cat":[739],"product_tag":[],"class_list":{"0":"post-7234","1":"product","2":"type-product","3":"status-publish","4":"has-post-thumbnail","6":"product_cat-primer-hip-stems-es","7":"testtaj-hip-es","8":"markanev-pannon-es","10":"first","11":"instock","12":"shipping-taxable","13":"product-type-simple"},"yoast_head":"<!-- This site is optimized with the Yoast SEO plugin v27.2 - https:\/\/yoast.com\/product\/yoast-seo-wordpress\/ -->\n<title>Pannon cementless prosthesis stem - Sanatmetal<\/title>\n<meta name=\"robots\" content=\"index, follow, max-snippet:-1, max-image-preview:large, max-video-preview:-1\" \/>\n<link rel=\"canonical\" href=\"https:\/\/sanatmetal.calvus.xyz\/es\/product\/pannon-cementless-prosthesis-stem\/\" \/>\n<meta property=\"og:locale\" content=\"es_ES\" \/>\n<meta property=\"og:type\" content=\"article\" \/>\n<meta property=\"og:title\" content=\"Pannon cementless prosthesis stem - Sanatmetal\" \/>\n<meta property=\"og:description\" content=\"V\u00e1stagos de M\u00fcller de geometr\u00eda probada y forma de doble cu\u00f1a con un \u00e1ngulo cervicodiafisiario est\u00e1ndar de 135 grados en los modelos cementados, no cementados, lateralizados y para revisi\u00f3n. Sus materiales han demostrado tener la mayor resistencia a la fatiga y al desgaste: los v\u00e1stagos cementados est\u00e1n fabricados con acero REX, mientras que los no [&hellip;]\" \/>\n<meta property=\"og:url\" content=\"https:\/\/sanatmetal.calvus.xyz\/es\/product\/pannon-cementless-prosthesis-stem\/\" \/>\n<meta property=\"og:site_name\" content=\"Sanatmetal\" \/>\n<meta property=\"article:modified_time\" content=\"2020-10-20T12:02:51+00:00\" \/>\n<meta property=\"og:image\" content=\"https:\/\/sanatmetal.calvus.xyz\/wp-content\/uploads\/2020\/03\/pannoncllattest.png\" \/>\n\t<meta property=\"og:image:width\" content=\"2560\" \/>\n\t<meta property=\"og:image:height\" content=\"1980\" \/>\n\t<meta property=\"og:image:type\" content=\"image\/png\" \/>\n<meta name=\"twitter:card\" content=\"summary_large_image\" \/>\n<meta name=\"twitter:label1\" content=\"Est. reading time\" \/>\n\t<meta name=\"twitter:data1\" content=\"1 minute\" \/>\n<script type=\"application\/ld+json\" class=\"yoast-schema-graph\">{\"@context\":\"https:\/\/schema.org\",\"@graph\":[{\"@type\":\"WebPage\",\"@id\":\"https:\/\/sanatmetal.calvus.xyz\/es\/product\/pannon-cementless-prosthesis-stem\/\",\"url\":\"https:\/\/sanatmetal.calvus.xyz\/es\/product\/pannon-cementless-prosthesis-stem\/\",\"name\":\"Pannon cementless prosthesis stem - Sanatmetal\",\"isPartOf\":{\"@id\":\"https:\/\/sanatmetal.calvus.xyz\/en\/#website\"},\"primaryImageOfPage\":{\"@id\":\"https:\/\/sanatmetal.calvus.xyz\/es\/product\/pannon-cementless-prosthesis-stem\/#primaryimage\"},\"image\":{\"@id\":\"https:\/\/sanatmetal.calvus.xyz\/es\/product\/pannon-cementless-prosthesis-stem\/#primaryimage\"},\"thumbnailUrl\":\"https:\/\/sanatmetal.calvus.xyz\/wp-content\/uploads\/2020\/03\/pannoncllattest.webp\",\"datePublished\":\"2020-05-06T11:35:45+00:00\",\"dateModified\":\"2020-10-20T12:02:51+00:00\",\"breadcrumb\":{\"@id\":\"https:\/\/sanatmetal.calvus.xyz\/es\/product\/pannon-cementless-prosthesis-stem\/#breadcrumb\"},\"inLanguage\":\"es-ES\",\"potentialAction\":[{\"@type\":\"ReadAction\",\"target\":[\"https:\/\/sanatmetal.calvus.xyz\/es\/product\/pannon-cementless-prosthesis-stem\/\"]}]},{\"@type\":\"ImageObject\",\"inLanguage\":\"es-ES\",\"@id\":\"https:\/\/sanatmetal.calvus.xyz\/es\/product\/pannon-cementless-prosthesis-stem\/#primaryimage\",\"url\":\"https:\/\/sanatmetal.calvus.xyz\/wp-content\/uploads\/2020\/03\/pannoncllattest.webp\",\"contentUrl\":\"https:\/\/sanatmetal.calvus.xyz\/wp-content\/uploads\/2020\/03\/pannoncllattest.webp\",\"width\":2560,\"height\":1980},{\"@type\":\"BreadcrumbList\",\"@id\":\"https:\/\/sanatmetal.calvus.xyz\/es\/product\/pannon-cementless-prosthesis-stem\/#breadcrumb\",\"itemListElement\":[{\"@type\":\"ListItem\",\"position\":1,\"name\":\"Home\",\"item\":\"https:\/\/sanatmetal.calvus.xyz\/es\/\"},{\"@type\":\"ListItem\",\"position\":2,\"name\":\"PRODUCTOS\",\"item\":\"https:\/\/sanatmetal.calvus.xyz\/es\/our-products\/\"},{\"@type\":\"ListItem\",\"position\":3,\"name\":\"Pannon cementless prosthesis stem\"}]},{\"@type\":\"WebSite\",\"@id\":\"https:\/\/sanatmetal.calvus.xyz\/en\/#website\",\"url\":\"https:\/\/sanatmetal.calvus.xyz\/en\/\",\"name\":\"Sanatmetal\",\"description\":\"\",\"publisher\":{\"@id\":\"https:\/\/sanatmetal.calvus.xyz\/en\/#organization\"},\"potentialAction\":[{\"@type\":\"SearchAction\",\"target\":{\"@type\":\"EntryPoint\",\"urlTemplate\":\"https:\/\/sanatmetal.calvus.xyz\/en\/?s={search_term_string}\"},\"query-input\":{\"@type\":\"PropertyValueSpecification\",\"valueRequired\":true,\"valueName\":\"search_term_string\"}}],\"inLanguage\":\"es-ES\"},{\"@type\":\"Organization\",\"@id\":\"https:\/\/sanatmetal.calvus.xyz\/en\/#organization\",\"name\":\"Sanatmetal\",\"url\":\"https:\/\/sanatmetal.calvus.xyz\/en\/\",\"logo\":{\"@type\":\"ImageObject\",\"inLanguage\":\"es-ES\",\"@id\":\"https:\/\/sanatmetal.calvus.xyz\/en\/#\/schema\/logo\/image\/\",\"url\":\"https:\/\/sanatmetal.calvus.xyz\/wp-content\/uploads\/2024\/10\/Nevtelen-terv-5-e1728647058747.png\",\"contentUrl\":\"https:\/\/sanatmetal.calvus.xyz\/wp-content\/uploads\/2024\/10\/Nevtelen-terv-5-e1728647058747.png\",\"width\":1410,\"height\":1293,\"caption\":\"Sanatmetal\"},\"image\":{\"@id\":\"https:\/\/sanatmetal.calvus.xyz\/en\/#\/schema\/logo\/image\/\"}}]}<\/script>\n<!-- \/ Yoast SEO plugin. -->","yoast_head_json":{"title":"Pannon cementless prosthesis stem - Sanatmetal","robots":{"index":"index","follow":"follow","max-snippet":"max-snippet:-1","max-image-preview":"max-image-preview:large","max-video-preview":"max-video-preview:-1"},"canonical":"https:\/\/sanatmetal.calvus.xyz\/es\/product\/pannon-cementless-prosthesis-stem\/","og_locale":"es_ES","og_type":"article","og_title":"Pannon cementless prosthesis stem - Sanatmetal","og_description":"V\u00e1stagos de M\u00fcller de geometr\u00eda probada y forma de doble cu\u00f1a con un \u00e1ngulo cervicodiafisiario est\u00e1ndar de 135 grados en los modelos cementados, no cementados, lateralizados y para revisi\u00f3n. Sus materiales han demostrado tener la mayor resistencia a la fatiga y al desgaste: los v\u00e1stagos cementados est\u00e1n fabricados con acero REX, mientras que los no [&hellip;]","og_url":"https:\/\/sanatmetal.calvus.xyz\/es\/product\/pannon-cementless-prosthesis-stem\/","og_site_name":"Sanatmetal","article_modified_time":"2020-10-20T12:02:51+00:00","og_image":[{"width":2560,"height":1980,"url":"https:\/\/sanatmetal.calvus.xyz\/wp-content\/uploads\/2020\/03\/pannoncllattest.png","type":"image\/png"}],"twitter_card":"summary_large_image","twitter_misc":{"Est. reading time":"1 minute"},"schema":{"@context":"https:\/\/schema.org","@graph":[{"@type":"WebPage","@id":"https:\/\/sanatmetal.calvus.xyz\/es\/product\/pannon-cementless-prosthesis-stem\/","url":"https:\/\/sanatmetal.calvus.xyz\/es\/product\/pannon-cementless-prosthesis-stem\/","name":"Pannon cementless prosthesis stem - Sanatmetal","isPartOf":{"@id":"https:\/\/sanatmetal.calvus.xyz\/en\/#website"},"primaryImageOfPage":{"@id":"https:\/\/sanatmetal.calvus.xyz\/es\/product\/pannon-cementless-prosthesis-stem\/#primaryimage"},"image":{"@id":"https:\/\/sanatmetal.calvus.xyz\/es\/product\/pannon-cementless-prosthesis-stem\/#primaryimage"},"thumbnailUrl":"https:\/\/sanatmetal.calvus.xyz\/wp-content\/uploads\/2020\/03\/pannoncllattest.webp","datePublished":"2020-05-06T11:35:45+00:00","dateModified":"2020-10-20T12:02:51+00:00","breadcrumb":{"@id":"https:\/\/sanatmetal.calvus.xyz\/es\/product\/pannon-cementless-prosthesis-stem\/#breadcrumb"},"inLanguage":"es-ES","potentialAction":[{"@type":"ReadAction","target":["https:\/\/sanatmetal.calvus.xyz\/es\/product\/pannon-cementless-prosthesis-stem\/"]}]},{"@type":"ImageObject","inLanguage":"es-ES","@id":"https:\/\/sanatmetal.calvus.xyz\/es\/product\/pannon-cementless-prosthesis-stem\/#primaryimage","url":"https:\/\/sanatmetal.calvus.xyz\/wp-content\/uploads\/2020\/03\/pannoncllattest.webp","contentUrl":"https:\/\/sanatmetal.calvus.xyz\/wp-content\/uploads\/2020\/03\/pannoncllattest.webp","width":2560,"height":1980},{"@type":"BreadcrumbList","@id":"https:\/\/sanatmetal.calvus.xyz\/es\/product\/pannon-cementless-prosthesis-stem\/#breadcrumb","itemListElement":[{"@type":"ListItem","position":1,"name":"Home","item":"https:\/\/sanatmetal.calvus.xyz\/es\/"},{"@type":"ListItem","position":2,"name":"PRODUCTOS","item":"https:\/\/sanatmetal.calvus.xyz\/es\/our-products\/"},{"@type":"ListItem","position":3,"name":"Pannon cementless prosthesis stem"}]},{"@type":"WebSite","@id":"https:\/\/sanatmetal.calvus.xyz\/en\/#website","url":"https:\/\/sanatmetal.calvus.xyz\/en\/","name":"Sanatmetal","description":"","publisher":{"@id":"https:\/\/sanatmetal.calvus.xyz\/en\/#organization"},"potentialAction":[{"@type":"SearchAction","target":{"@type":"EntryPoint","urlTemplate":"https:\/\/sanatmetal.calvus.xyz\/en\/?s={search_term_string}"},"query-input":{"@type":"PropertyValueSpecification","valueRequired":true,"valueName":"search_term_string"}}],"inLanguage":"es-ES"},{"@type":"Organization","@id":"https:\/\/sanatmetal.calvus.xyz\/en\/#organization","name":"Sanatmetal","url":"https:\/\/sanatmetal.calvus.xyz\/en\/","logo":{"@type":"ImageObject","inLanguage":"es-ES","@id":"https:\/\/sanatmetal.calvus.xyz\/en\/#\/schema\/logo\/image\/","url":"https:\/\/sanatmetal.calvus.xyz\/wp-content\/uploads\/2024\/10\/Nevtelen-terv-5-e1728647058747.png","contentUrl":"https:\/\/sanatmetal.calvus.xyz\/wp-content\/uploads\/2024\/10\/Nevtelen-terv-5-e1728647058747.png","width":1410,"height":1293,"caption":"Sanatmetal"},"image":{"@id":"https:\/\/sanatmetal.calvus.xyz\/en\/#\/schema\/logo\/image\/"}}]}},"_links":{"self":[{"href":"https:\/\/sanatmetal.calvus.xyz\/es\/wp-json\/wp\/v2\/product\/7234","targetHints":{"allow":["GET"]}}],"collection":[{"href":"https:\/\/sanatmetal.calvus.xyz\/es\/wp-json\/wp\/v2\/product"}],"about":[{"href":"https:\/\/sanatmetal.calvus.xyz\/es\/wp-json\/wp\/v2\/types\/product"}],"wp:featuredmedia":[{"embeddable":true,"href":"https:\/\/sanatmetal.calvus.xyz\/es\/wp-json\/wp\/v2\/media\/7236"}],"wp:attachment":[{"href":"https:\/\/sanatmetal.calvus.xyz\/es\/wp-json\/wp\/v2\/media?parent=7234"}],"wp:term":[{"taxonomy":"product_brand","embeddable":true,"href":"https:\/\/sanatmetal.calvus.xyz\/es\/wp-json\/wp\/v2\/product_brand?post=7234"},{"taxonomy":"product_cat","embeddable":true,"href":"https:\/\/sanatmetal.calvus.xyz\/es\/wp-json\/wp\/v2\/product_cat?post=7234"},{"taxonomy":"product_tag","embeddable":true,"href":"https:\/\/sanatmetal.calvus.xyz\/es\/wp-json\/wp\/v2\/product_tag?post=7234"}],"curies":[{"name":"wp","href":"https:\/\/api.w.org\/{rel}","templated":true}]}}