{"id":7182,"date":"2020-03-04T11:36:19","date_gmt":"2020-05-06T10:38:14","guid":{"rendered":"https:\/\/sanatmetal.calvus.xyz\/product\/swing-tin-knee-prosthesis\/"},"modified":"2020-10-20T11:54:27","modified_gmt":"2020-10-20T11:54:27","slug":"swing-tin-knee-prosthesis","status":"publish","type":"product","link":"https:\/\/sanatmetal.calvus.xyz\/es\/product\/swing-tin-knee-prosthesis\/","title":{"rendered":"Swing TiN knee prosthesis"},"content":{"rendered":"<p>Un sistema de pr\u00f3tesis de rodilla completo de eficacia probada que reduce el dolor del posoperatorio. Este producto se lanz\u00f3 al mercado en el a\u00f1o 2007 y, desde entonces, se ha utilizado en m\u00e1s de 20\u2009000 implantes. El sistema primario permite una flexi\u00f3n de hasta 155 grados y ofrece la posibilidad de enclavar las fracturas periimplante gracias a su elevado dise\u00f1o intercond\u00edleo. El sistema se completa con las versiones CR, PS y CC. Adem\u00e1s, contamos con modelos no cementados y fabricados con nitruto de titanio para aquellos pacientes al\u00e9rgicos al cemento y al metal. Swing puede utilizarse para pr\u00f3tesis de revisi\u00f3n, en parte o en su totalidad, con el sistema CC.<\/p>\n","protected":false},"excerpt":{"rendered":"<p>Un sistema de pr\u00f3tesis de rodilla completo de eficacia probada que reduce el dolor del posoperatorio. Este producto se lanz\u00f3 al mercado en el a\u00f1o 2007 y, desde entonces, se ha utilizado en m\u00e1s de 20\u2009000 implantes. El sistema primario permite una flexi\u00f3n de hasta 155 grados y ofrece la posibilidad de enclavar las fracturas [&hellip;]<\/p>\n","protected":false},"featured_media":7183,"template":"","meta":[],"product_brand":[],"product_cat":[737],"product_tag":[],"class_list":{"0":"post-7182","1":"product","2":"type-product","3":"status-publish","4":"has-post-thumbnail","6":"product_cat-primer-knee-es","7":"testtaj-knee-es","8":"markanev-swing-es","10":"first","11":"instock","12":"shipping-taxable","13":"product-type-simple"},"yoast_head":"<!-- This site is optimized with the Yoast SEO plugin v27.2 - https:\/\/yoast.com\/product\/yoast-seo-wordpress\/ -->\n<title>Swing TiN knee prosthesis - Sanatmetal<\/title>\n<meta name=\"robots\" content=\"index, follow, max-snippet:-1, max-image-preview:large, max-video-preview:-1\" \/>\n<link rel=\"canonical\" href=\"https:\/\/sanatmetal.calvus.xyz\/es\/product\/swing-tin-knee-prosthesis\/\" \/>\n<meta property=\"og:locale\" content=\"es_ES\" \/>\n<meta property=\"og:type\" content=\"article\" \/>\n<meta property=\"og:title\" content=\"Swing TiN knee prosthesis - Sanatmetal\" \/>\n<meta property=\"og:description\" content=\"Un sistema de pr\u00f3tesis de rodilla completo de eficacia probada que reduce el dolor del posoperatorio. Este producto se lanz\u00f3 al mercado en el a\u00f1o 2007 y, desde entonces, se ha utilizado en m\u00e1s de 20\u2009000 implantes. El sistema primario permite una flexi\u00f3n de hasta 155 grados y ofrece la posibilidad de enclavar las fracturas [&hellip;]\" \/>\n<meta property=\"og:url\" content=\"https:\/\/sanatmetal.calvus.xyz\/es\/product\/swing-tin-knee-prosthesis\/\" \/>\n<meta property=\"og:site_name\" content=\"Sanatmetal\" \/>\n<meta property=\"article:modified_time\" content=\"2020-10-20T11:54:27+00:00\" \/>\n<meta property=\"og:image\" content=\"https:\/\/sanatmetal.calvus.xyz\/wp-content\/uploads\/2020\/03\/126-scaled.jpg\" \/>\n\t<meta property=\"og:image:width\" content=\"2560\" \/>\n\t<meta property=\"og:image:height\" content=\"1920\" \/>\n\t<meta property=\"og:image:type\" content=\"image\/jpeg\" \/>\n<meta name=\"twitter:card\" content=\"summary_large_image\" \/>\n<meta name=\"twitter:label1\" content=\"Est. reading time\" \/>\n\t<meta name=\"twitter:data1\" content=\"1 minute\" \/>\n<script type=\"application\/ld+json\" class=\"yoast-schema-graph\">{\"@context\":\"https:\/\/schema.org\",\"@graph\":[{\"@type\":\"WebPage\",\"@id\":\"https:\/\/sanatmetal.calvus.xyz\/es\/product\/swing-tin-knee-prosthesis\/\",\"url\":\"https:\/\/sanatmetal.calvus.xyz\/es\/product\/swing-tin-knee-prosthesis\/\",\"name\":\"Swing TiN knee prosthesis - Sanatmetal\",\"isPartOf\":{\"@id\":\"https:\/\/sanatmetal.calvus.xyz\/en\/#website\"},\"primaryImageOfPage\":{\"@id\":\"https:\/\/sanatmetal.calvus.xyz\/es\/product\/swing-tin-knee-prosthesis\/#primaryimage\"},\"image\":{\"@id\":\"https:\/\/sanatmetal.calvus.xyz\/es\/product\/swing-tin-knee-prosthesis\/#primaryimage\"},\"thumbnailUrl\":\"https:\/\/sanatmetal.calvus.xyz\/wp-content\/uploads\/2020\/03\/126-scaled.webp\",\"datePublished\":\"2020-05-06T10:38:14+00:00\",\"dateModified\":\"2020-10-20T11:54:27+00:00\",\"breadcrumb\":{\"@id\":\"https:\/\/sanatmetal.calvus.xyz\/es\/product\/swing-tin-knee-prosthesis\/#breadcrumb\"},\"inLanguage\":\"es-ES\",\"potentialAction\":[{\"@type\":\"ReadAction\",\"target\":[\"https:\/\/sanatmetal.calvus.xyz\/es\/product\/swing-tin-knee-prosthesis\/\"]}]},{\"@type\":\"ImageObject\",\"inLanguage\":\"es-ES\",\"@id\":\"https:\/\/sanatmetal.calvus.xyz\/es\/product\/swing-tin-knee-prosthesis\/#primaryimage\",\"url\":\"https:\/\/sanatmetal.calvus.xyz\/wp-content\/uploads\/2020\/03\/126-scaled.webp\",\"contentUrl\":\"https:\/\/sanatmetal.calvus.xyz\/wp-content\/uploads\/2020\/03\/126-scaled.webp\",\"width\":2560,\"height\":1920},{\"@type\":\"BreadcrumbList\",\"@id\":\"https:\/\/sanatmetal.calvus.xyz\/es\/product\/swing-tin-knee-prosthesis\/#breadcrumb\",\"itemListElement\":[{\"@type\":\"ListItem\",\"position\":1,\"name\":\"Home\",\"item\":\"https:\/\/sanatmetal.calvus.xyz\/es\/\"},{\"@type\":\"ListItem\",\"position\":2,\"name\":\"PRODUCTOS\",\"item\":\"https:\/\/sanatmetal.calvus.xyz\/es\/our-products\/\"},{\"@type\":\"ListItem\",\"position\":3,\"name\":\"Swing TiN knee prosthesis\"}]},{\"@type\":\"WebSite\",\"@id\":\"https:\/\/sanatmetal.calvus.xyz\/en\/#website\",\"url\":\"https:\/\/sanatmetal.calvus.xyz\/en\/\",\"name\":\"Sanatmetal\",\"description\":\"\",\"publisher\":{\"@id\":\"https:\/\/sanatmetal.calvus.xyz\/en\/#organization\"},\"potentialAction\":[{\"@type\":\"SearchAction\",\"target\":{\"@type\":\"EntryPoint\",\"urlTemplate\":\"https:\/\/sanatmetal.calvus.xyz\/en\/?s={search_term_string}\"},\"query-input\":{\"@type\":\"PropertyValueSpecification\",\"valueRequired\":true,\"valueName\":\"search_term_string\"}}],\"inLanguage\":\"es-ES\"},{\"@type\":\"Organization\",\"@id\":\"https:\/\/sanatmetal.calvus.xyz\/en\/#organization\",\"name\":\"Sanatmetal\",\"url\":\"https:\/\/sanatmetal.calvus.xyz\/en\/\",\"logo\":{\"@type\":\"ImageObject\",\"inLanguage\":\"es-ES\",\"@id\":\"https:\/\/sanatmetal.calvus.xyz\/en\/#\/schema\/logo\/image\/\",\"url\":\"https:\/\/sanatmetal.calvus.xyz\/wp-content\/uploads\/2024\/10\/Nevtelen-terv-5-e1728647058747.png\",\"contentUrl\":\"https:\/\/sanatmetal.calvus.xyz\/wp-content\/uploads\/2024\/10\/Nevtelen-terv-5-e1728647058747.png\",\"width\":1410,\"height\":1293,\"caption\":\"Sanatmetal\"},\"image\":{\"@id\":\"https:\/\/sanatmetal.calvus.xyz\/en\/#\/schema\/logo\/image\/\"}}]}<\/script>\n<!-- \/ Yoast SEO plugin. -->","yoast_head_json":{"title":"Swing TiN knee prosthesis - Sanatmetal","robots":{"index":"index","follow":"follow","max-snippet":"max-snippet:-1","max-image-preview":"max-image-preview:large","max-video-preview":"max-video-preview:-1"},"canonical":"https:\/\/sanatmetal.calvus.xyz\/es\/product\/swing-tin-knee-prosthesis\/","og_locale":"es_ES","og_type":"article","og_title":"Swing TiN knee prosthesis - Sanatmetal","og_description":"Un sistema de pr\u00f3tesis de rodilla completo de eficacia probada que reduce el dolor del posoperatorio. Este producto se lanz\u00f3 al mercado en el a\u00f1o 2007 y, desde entonces, se ha utilizado en m\u00e1s de 20\u2009000 implantes. El sistema primario permite una flexi\u00f3n de hasta 155 grados y ofrece la posibilidad de enclavar las fracturas [&hellip;]","og_url":"https:\/\/sanatmetal.calvus.xyz\/es\/product\/swing-tin-knee-prosthesis\/","og_site_name":"Sanatmetal","article_modified_time":"2020-10-20T11:54:27+00:00","og_image":[{"width":2560,"height":1920,"url":"https:\/\/sanatmetal.calvus.xyz\/wp-content\/uploads\/2020\/03\/126-scaled.jpg","type":"image\/jpeg"}],"twitter_card":"summary_large_image","twitter_misc":{"Est. reading time":"1 minute"},"schema":{"@context":"https:\/\/schema.org","@graph":[{"@type":"WebPage","@id":"https:\/\/sanatmetal.calvus.xyz\/es\/product\/swing-tin-knee-prosthesis\/","url":"https:\/\/sanatmetal.calvus.xyz\/es\/product\/swing-tin-knee-prosthesis\/","name":"Swing TiN knee prosthesis - Sanatmetal","isPartOf":{"@id":"https:\/\/sanatmetal.calvus.xyz\/en\/#website"},"primaryImageOfPage":{"@id":"https:\/\/sanatmetal.calvus.xyz\/es\/product\/swing-tin-knee-prosthesis\/#primaryimage"},"image":{"@id":"https:\/\/sanatmetal.calvus.xyz\/es\/product\/swing-tin-knee-prosthesis\/#primaryimage"},"thumbnailUrl":"https:\/\/sanatmetal.calvus.xyz\/wp-content\/uploads\/2020\/03\/126-scaled.webp","datePublished":"2020-05-06T10:38:14+00:00","dateModified":"2020-10-20T11:54:27+00:00","breadcrumb":{"@id":"https:\/\/sanatmetal.calvus.xyz\/es\/product\/swing-tin-knee-prosthesis\/#breadcrumb"},"inLanguage":"es-ES","potentialAction":[{"@type":"ReadAction","target":["https:\/\/sanatmetal.calvus.xyz\/es\/product\/swing-tin-knee-prosthesis\/"]}]},{"@type":"ImageObject","inLanguage":"es-ES","@id":"https:\/\/sanatmetal.calvus.xyz\/es\/product\/swing-tin-knee-prosthesis\/#primaryimage","url":"https:\/\/sanatmetal.calvus.xyz\/wp-content\/uploads\/2020\/03\/126-scaled.webp","contentUrl":"https:\/\/sanatmetal.calvus.xyz\/wp-content\/uploads\/2020\/03\/126-scaled.webp","width":2560,"height":1920},{"@type":"BreadcrumbList","@id":"https:\/\/sanatmetal.calvus.xyz\/es\/product\/swing-tin-knee-prosthesis\/#breadcrumb","itemListElement":[{"@type":"ListItem","position":1,"name":"Home","item":"https:\/\/sanatmetal.calvus.xyz\/es\/"},{"@type":"ListItem","position":2,"name":"PRODUCTOS","item":"https:\/\/sanatmetal.calvus.xyz\/es\/our-products\/"},{"@type":"ListItem","position":3,"name":"Swing TiN knee prosthesis"}]},{"@type":"WebSite","@id":"https:\/\/sanatmetal.calvus.xyz\/en\/#website","url":"https:\/\/sanatmetal.calvus.xyz\/en\/","name":"Sanatmetal","description":"","publisher":{"@id":"https:\/\/sanatmetal.calvus.xyz\/en\/#organization"},"potentialAction":[{"@type":"SearchAction","target":{"@type":"EntryPoint","urlTemplate":"https:\/\/sanatmetal.calvus.xyz\/en\/?s={search_term_string}"},"query-input":{"@type":"PropertyValueSpecification","valueRequired":true,"valueName":"search_term_string"}}],"inLanguage":"es-ES"},{"@type":"Organization","@id":"https:\/\/sanatmetal.calvus.xyz\/en\/#organization","name":"Sanatmetal","url":"https:\/\/sanatmetal.calvus.xyz\/en\/","logo":{"@type":"ImageObject","inLanguage":"es-ES","@id":"https:\/\/sanatmetal.calvus.xyz\/en\/#\/schema\/logo\/image\/","url":"https:\/\/sanatmetal.calvus.xyz\/wp-content\/uploads\/2024\/10\/Nevtelen-terv-5-e1728647058747.png","contentUrl":"https:\/\/sanatmetal.calvus.xyz\/wp-content\/uploads\/2024\/10\/Nevtelen-terv-5-e1728647058747.png","width":1410,"height":1293,"caption":"Sanatmetal"},"image":{"@id":"https:\/\/sanatmetal.calvus.xyz\/en\/#\/schema\/logo\/image\/"}}]}},"_links":{"self":[{"href":"https:\/\/sanatmetal.calvus.xyz\/es\/wp-json\/wp\/v2\/product\/7182","targetHints":{"allow":["GET"]}}],"collection":[{"href":"https:\/\/sanatmetal.calvus.xyz\/es\/wp-json\/wp\/v2\/product"}],"about":[{"href":"https:\/\/sanatmetal.calvus.xyz\/es\/wp-json\/wp\/v2\/types\/product"}],"wp:featuredmedia":[{"embeddable":true,"href":"https:\/\/sanatmetal.calvus.xyz\/es\/wp-json\/wp\/v2\/media\/7183"}],"wp:attachment":[{"href":"https:\/\/sanatmetal.calvus.xyz\/es\/wp-json\/wp\/v2\/media?parent=7182"}],"wp:term":[{"taxonomy":"product_brand","embeddable":true,"href":"https:\/\/sanatmetal.calvus.xyz\/es\/wp-json\/wp\/v2\/product_brand?post=7182"},{"taxonomy":"product_cat","embeddable":true,"href":"https:\/\/sanatmetal.calvus.xyz\/es\/wp-json\/wp\/v2\/product_cat?post=7182"},{"taxonomy":"product_tag","embeddable":true,"href":"https:\/\/sanatmetal.calvus.xyz\/es\/wp-json\/wp\/v2\/product_tag?post=7182"}],"curies":[{"name":"wp","href":"https:\/\/api.w.org\/{rel}","templated":true}]}}