{"id":7159,"date":"2020-03-04T11:37:14","date_gmt":"2020-05-06T10:35:12","guid":{"rendered":"https:\/\/sanatmetal.calvus.xyz\/product\/cff-cage\/"},"modified":"2022-12-20T09:38:24","modified_gmt":"2022-12-20T09:38:24","slug":"cff-cage","status":"publish","type":"product","link":"https:\/\/sanatmetal.calvus.xyz\/es\/product\/cff-cage\/","title":{"rendered":"CFF cage"},"content":{"rendered":"<p>Sistema de jaula cervical de polieteretercetona que permite la visibilidad al usar rayos X y es apto para tornillos de polieteretercetona y titanio. La superficie serrada asegura la fijaci\u00f3n, mientras que el amplio orificio admite injertos \u00f3seos. Si se utilizan tornillos de polieteretercetona, la zona puede soportar sin prblemas pruebas de imagen por resonancia magn\u00e9tica. La plataforma interior es serrada y la superior est\u00e1 anat\u00f3micamente dise\u00f1ada en forma de b\u00f3veda para permitir una fusi\u00f3n estable.<\/p>\n","protected":false},"excerpt":{"rendered":"<p>Sistema de jaula cervical de polieteretercetona que permite la visibilidad al usar rayos X y es apto para tornillos de polieteretercetona y titanio. La superficie serrada asegura la fijaci\u00f3n, mientras que el amplio orificio admite injertos \u00f3seos. Si se utilizan tornillos de polieteretercetona, la zona puede soportar sin prblemas pruebas de imagen por resonancia magn\u00e9tica. [&hellip;]<\/p>\n","protected":false},"featured_media":7160,"template":"","meta":[],"product_brand":[],"product_cat":[748],"product_tag":[],"class_list":{"0":"post-7159","1":"product","2":"type-product","3":"status-publish","4":"has-post-thumbnail","6":"product_cat-cervical-es","7":"testtaj-cervical-vertebrae-es","8":"testtaj-cage-es","10":"first","11":"instock","12":"shipping-taxable","13":"product-type-simple"},"yoast_head":"<!-- This site is optimized with the Yoast SEO plugin v27.2 - https:\/\/yoast.com\/product\/yoast-seo-wordpress\/ -->\n<title>CFF cage - Sanatmetal<\/title>\n<meta name=\"robots\" content=\"index, follow, max-snippet:-1, max-image-preview:large, max-video-preview:-1\" \/>\n<link rel=\"canonical\" href=\"https:\/\/sanatmetal.calvus.xyz\/es\/product\/cff-cage\/\" \/>\n<meta property=\"og:locale\" content=\"es_ES\" \/>\n<meta property=\"og:type\" content=\"article\" \/>\n<meta property=\"og:title\" content=\"CFF cage - Sanatmetal\" \/>\n<meta property=\"og:description\" content=\"Sistema de jaula cervical de polieteretercetona que permite la visibilidad al usar rayos X y es apto para tornillos de polieteretercetona y titanio. La superficie serrada asegura la fijaci\u00f3n, mientras que el amplio orificio admite injertos \u00f3seos. Si se utilizan tornillos de polieteretercetona, la zona puede soportar sin prblemas pruebas de imagen por resonancia magn\u00e9tica. [&hellip;]\" \/>\n<meta property=\"og:url\" content=\"https:\/\/sanatmetal.calvus.xyz\/es\/product\/cff-cage\/\" \/>\n<meta property=\"og:site_name\" content=\"Sanatmetal\" \/>\n<meta property=\"article:modified_time\" content=\"2022-12-20T09:38:24+00:00\" \/>\n<meta property=\"og:image\" content=\"https:\/\/sanatmetal.calvus.xyz\/wp-content\/uploads\/2020\/05\/cff-cage4-scaled.jpg\" \/>\n\t<meta property=\"og:image:width\" content=\"2560\" \/>\n\t<meta property=\"og:image:height\" content=\"1599\" \/>\n\t<meta property=\"og:image:type\" content=\"image\/jpeg\" \/>\n<meta name=\"twitter:card\" content=\"summary_large_image\" \/>\n<script type=\"application\/ld+json\" class=\"yoast-schema-graph\">{\"@context\":\"https:\/\/schema.org\",\"@graph\":[{\"@type\":\"WebPage\",\"@id\":\"https:\/\/sanatmetal.calvus.xyz\/es\/product\/cff-cage\/\",\"url\":\"https:\/\/sanatmetal.calvus.xyz\/es\/product\/cff-cage\/\",\"name\":\"CFF cage - Sanatmetal\",\"isPartOf\":{\"@id\":\"https:\/\/sanatmetal.calvus.xyz\/en\/#website\"},\"primaryImageOfPage\":{\"@id\":\"https:\/\/sanatmetal.calvus.xyz\/es\/product\/cff-cage\/#primaryimage\"},\"image\":{\"@id\":\"https:\/\/sanatmetal.calvus.xyz\/es\/product\/cff-cage\/#primaryimage\"},\"thumbnailUrl\":\"https:\/\/sanatmetal.calvus.xyz\/wp-content\/uploads\/2020\/05\/cff-cage4-scaled.webp\",\"datePublished\":\"2020-05-06T10:35:12+00:00\",\"dateModified\":\"2022-12-20T09:38:24+00:00\",\"breadcrumb\":{\"@id\":\"https:\/\/sanatmetal.calvus.xyz\/es\/product\/cff-cage\/#breadcrumb\"},\"inLanguage\":\"es-ES\",\"potentialAction\":[{\"@type\":\"ReadAction\",\"target\":[\"https:\/\/sanatmetal.calvus.xyz\/es\/product\/cff-cage\/\"]}]},{\"@type\":\"ImageObject\",\"inLanguage\":\"es-ES\",\"@id\":\"https:\/\/sanatmetal.calvus.xyz\/es\/product\/cff-cage\/#primaryimage\",\"url\":\"https:\/\/sanatmetal.calvus.xyz\/wp-content\/uploads\/2020\/05\/cff-cage4-scaled.webp\",\"contentUrl\":\"https:\/\/sanatmetal.calvus.xyz\/wp-content\/uploads\/2020\/05\/cff-cage4-scaled.webp\",\"width\":2560,\"height\":1599},{\"@type\":\"BreadcrumbList\",\"@id\":\"https:\/\/sanatmetal.calvus.xyz\/es\/product\/cff-cage\/#breadcrumb\",\"itemListElement\":[{\"@type\":\"ListItem\",\"position\":1,\"name\":\"Home\",\"item\":\"https:\/\/sanatmetal.calvus.xyz\/es\/\"},{\"@type\":\"ListItem\",\"position\":2,\"name\":\"PRODUCTOS\",\"item\":\"https:\/\/sanatmetal.calvus.xyz\/es\/our-products\/\"},{\"@type\":\"ListItem\",\"position\":3,\"name\":\"CFF cage\"}]},{\"@type\":\"WebSite\",\"@id\":\"https:\/\/sanatmetal.calvus.xyz\/en\/#website\",\"url\":\"https:\/\/sanatmetal.calvus.xyz\/en\/\",\"name\":\"Sanatmetal\",\"description\":\"\",\"publisher\":{\"@id\":\"https:\/\/sanatmetal.calvus.xyz\/en\/#organization\"},\"potentialAction\":[{\"@type\":\"SearchAction\",\"target\":{\"@type\":\"EntryPoint\",\"urlTemplate\":\"https:\/\/sanatmetal.calvus.xyz\/en\/?s={search_term_string}\"},\"query-input\":{\"@type\":\"PropertyValueSpecification\",\"valueRequired\":true,\"valueName\":\"search_term_string\"}}],\"inLanguage\":\"es-ES\"},{\"@type\":\"Organization\",\"@id\":\"https:\/\/sanatmetal.calvus.xyz\/en\/#organization\",\"name\":\"Sanatmetal\",\"url\":\"https:\/\/sanatmetal.calvus.xyz\/en\/\",\"logo\":{\"@type\":\"ImageObject\",\"inLanguage\":\"es-ES\",\"@id\":\"https:\/\/sanatmetal.calvus.xyz\/en\/#\/schema\/logo\/image\/\",\"url\":\"https:\/\/sanatmetal.calvus.xyz\/wp-content\/uploads\/2024\/10\/Nevtelen-terv-5-e1728647058747.png\",\"contentUrl\":\"https:\/\/sanatmetal.calvus.xyz\/wp-content\/uploads\/2024\/10\/Nevtelen-terv-5-e1728647058747.png\",\"width\":1410,\"height\":1293,\"caption\":\"Sanatmetal\"},\"image\":{\"@id\":\"https:\/\/sanatmetal.calvus.xyz\/en\/#\/schema\/logo\/image\/\"}}]}<\/script>\n<!-- \/ Yoast SEO plugin. -->","yoast_head_json":{"title":"CFF cage - Sanatmetal","robots":{"index":"index","follow":"follow","max-snippet":"max-snippet:-1","max-image-preview":"max-image-preview:large","max-video-preview":"max-video-preview:-1"},"canonical":"https:\/\/sanatmetal.calvus.xyz\/es\/product\/cff-cage\/","og_locale":"es_ES","og_type":"article","og_title":"CFF cage - Sanatmetal","og_description":"Sistema de jaula cervical de polieteretercetona que permite la visibilidad al usar rayos X y es apto para tornillos de polieteretercetona y titanio. La superficie serrada asegura la fijaci\u00f3n, mientras que el amplio orificio admite injertos \u00f3seos. Si se utilizan tornillos de polieteretercetona, la zona puede soportar sin prblemas pruebas de imagen por resonancia magn\u00e9tica. [&hellip;]","og_url":"https:\/\/sanatmetal.calvus.xyz\/es\/product\/cff-cage\/","og_site_name":"Sanatmetal","article_modified_time":"2022-12-20T09:38:24+00:00","og_image":[{"width":2560,"height":1599,"url":"https:\/\/sanatmetal.calvus.xyz\/wp-content\/uploads\/2020\/05\/cff-cage4-scaled.jpg","type":"image\/jpeg"}],"twitter_card":"summary_large_image","schema":{"@context":"https:\/\/schema.org","@graph":[{"@type":"WebPage","@id":"https:\/\/sanatmetal.calvus.xyz\/es\/product\/cff-cage\/","url":"https:\/\/sanatmetal.calvus.xyz\/es\/product\/cff-cage\/","name":"CFF cage - Sanatmetal","isPartOf":{"@id":"https:\/\/sanatmetal.calvus.xyz\/en\/#website"},"primaryImageOfPage":{"@id":"https:\/\/sanatmetal.calvus.xyz\/es\/product\/cff-cage\/#primaryimage"},"image":{"@id":"https:\/\/sanatmetal.calvus.xyz\/es\/product\/cff-cage\/#primaryimage"},"thumbnailUrl":"https:\/\/sanatmetal.calvus.xyz\/wp-content\/uploads\/2020\/05\/cff-cage4-scaled.webp","datePublished":"2020-05-06T10:35:12+00:00","dateModified":"2022-12-20T09:38:24+00:00","breadcrumb":{"@id":"https:\/\/sanatmetal.calvus.xyz\/es\/product\/cff-cage\/#breadcrumb"},"inLanguage":"es-ES","potentialAction":[{"@type":"ReadAction","target":["https:\/\/sanatmetal.calvus.xyz\/es\/product\/cff-cage\/"]}]},{"@type":"ImageObject","inLanguage":"es-ES","@id":"https:\/\/sanatmetal.calvus.xyz\/es\/product\/cff-cage\/#primaryimage","url":"https:\/\/sanatmetal.calvus.xyz\/wp-content\/uploads\/2020\/05\/cff-cage4-scaled.webp","contentUrl":"https:\/\/sanatmetal.calvus.xyz\/wp-content\/uploads\/2020\/05\/cff-cage4-scaled.webp","width":2560,"height":1599},{"@type":"BreadcrumbList","@id":"https:\/\/sanatmetal.calvus.xyz\/es\/product\/cff-cage\/#breadcrumb","itemListElement":[{"@type":"ListItem","position":1,"name":"Home","item":"https:\/\/sanatmetal.calvus.xyz\/es\/"},{"@type":"ListItem","position":2,"name":"PRODUCTOS","item":"https:\/\/sanatmetal.calvus.xyz\/es\/our-products\/"},{"@type":"ListItem","position":3,"name":"CFF cage"}]},{"@type":"WebSite","@id":"https:\/\/sanatmetal.calvus.xyz\/en\/#website","url":"https:\/\/sanatmetal.calvus.xyz\/en\/","name":"Sanatmetal","description":"","publisher":{"@id":"https:\/\/sanatmetal.calvus.xyz\/en\/#organization"},"potentialAction":[{"@type":"SearchAction","target":{"@type":"EntryPoint","urlTemplate":"https:\/\/sanatmetal.calvus.xyz\/en\/?s={search_term_string}"},"query-input":{"@type":"PropertyValueSpecification","valueRequired":true,"valueName":"search_term_string"}}],"inLanguage":"es-ES"},{"@type":"Organization","@id":"https:\/\/sanatmetal.calvus.xyz\/en\/#organization","name":"Sanatmetal","url":"https:\/\/sanatmetal.calvus.xyz\/en\/","logo":{"@type":"ImageObject","inLanguage":"es-ES","@id":"https:\/\/sanatmetal.calvus.xyz\/en\/#\/schema\/logo\/image\/","url":"https:\/\/sanatmetal.calvus.xyz\/wp-content\/uploads\/2024\/10\/Nevtelen-terv-5-e1728647058747.png","contentUrl":"https:\/\/sanatmetal.calvus.xyz\/wp-content\/uploads\/2024\/10\/Nevtelen-terv-5-e1728647058747.png","width":1410,"height":1293,"caption":"Sanatmetal"},"image":{"@id":"https:\/\/sanatmetal.calvus.xyz\/en\/#\/schema\/logo\/image\/"}}]}},"_links":{"self":[{"href":"https:\/\/sanatmetal.calvus.xyz\/es\/wp-json\/wp\/v2\/product\/7159","targetHints":{"allow":["GET"]}}],"collection":[{"href":"https:\/\/sanatmetal.calvus.xyz\/es\/wp-json\/wp\/v2\/product"}],"about":[{"href":"https:\/\/sanatmetal.calvus.xyz\/es\/wp-json\/wp\/v2\/types\/product"}],"wp:featuredmedia":[{"embeddable":true,"href":"https:\/\/sanatmetal.calvus.xyz\/es\/wp-json\/wp\/v2\/media\/7160"}],"wp:attachment":[{"href":"https:\/\/sanatmetal.calvus.xyz\/es\/wp-json\/wp\/v2\/media?parent=7159"}],"wp:term":[{"taxonomy":"product_brand","embeddable":true,"href":"https:\/\/sanatmetal.calvus.xyz\/es\/wp-json\/wp\/v2\/product_brand?post=7159"},{"taxonomy":"product_cat","embeddable":true,"href":"https:\/\/sanatmetal.calvus.xyz\/es\/wp-json\/wp\/v2\/product_cat?post=7159"},{"taxonomy":"product_tag","embeddable":true,"href":"https:\/\/sanatmetal.calvus.xyz\/es\/wp-json\/wp\/v2\/product_tag?post=7159"}],"curies":[{"name":"wp","href":"https:\/\/api.w.org\/{rel}","templated":true}]}}