{"id":8089,"date":"2020-03-17T11:10:05","date_gmt":"2020-03-17T11:10:05","guid":{"rendered":"https:\/\/sanatmetal.calvus.xyz\/privacy-policy\/"},"modified":"2026-03-02T17:05:14","modified_gmt":"2026-03-02T16:05:14","slug":"privacy-policy","status":"publish","type":"page","link":"https:\/\/sanatmetal.calvus.xyz\/es\/privacy-policy\/","title":{"rendered":"Privacy Policy"},"content":{"rendered":"\r\n<h1 class=\"wp-block-heading\"><strong>Qui\u00e9nes somos<\/strong><\/h1>\r\n\r\n\r\n\r\n<p>Direcci\u00f3n de nuestro sitio web: https:\/\/sanatmetal.calvus.xyz.<\/p>\r\n<p>&nbsp;<\/p>\r\n\r\n\r\n\r\n\r\n<h1 class=\"wp-block-heading\"><strong>\u00bfQu\u00e9 datos personales recopilamos y con qu\u00e9 finalidad?<\/strong><\/h1>\r\n<p>&nbsp;<\/p>\r\n<h3><em>Comentarios<\/em><\/h3>\r\n\r\n\r\n\r\n\r\n\r\n<p>Al enviar un comentario, la IP del comentarista Se recopilar\u00e1n la direcci\u00f3n de correo electr\u00f3nico y el identificador del navegador, adem\u00e1s de los proporcionados en el formulario de comentarios. Se utilizar\u00e1 una cadena para filtrar el spam.<\/p>\r\n\r\n\r\n\r\n<p>Se env\u00eda al servicio Gravatar una cadena despersonalizada (a menudo denominada hash) generada a partir de la direcci\u00f3n de correo electr\u00f3nico, si se utiliza en el sitio. Los t\u00e9rminos del servicio Gravatar se pueden consultar en https:\/\/automattic.com\/privacy\/. Una vez aceptado el comentario, el contenido de nuestro comentario y nuestra foto de perfil se mostrar\u00e1n p\u00fablicamente.<\/p>\r\n\r\n\r\n\r\n<h3 class=\"wp-block-heading\"><em>Multimedia<\/em><\/h3>\r\n\r\n\r\n\r\n<p>Si un usuario registrado sube una imagen al sitio web, se deben evitar los EXIF \u200b\u200bque incluyan datos de posici\u00f3n GPS. Los visitantes del sitio web pueden descargarlos y extraer datos de ubicaci\u00f3n de las im\u00e1genes.<\/p>\r\n<p>&nbsp;<\/p>\r\n\r\n\r\n\r\n<h1 class=\"wp-block-heading\">Formularios de contacto<\/h1>\r\n<p>&nbsp;<\/p>\r\n<h3><em>Cookies<\/em><\/h3>\r\n\r\n\r\n\r\n\r\n\r\n<p>Si deja un comentario en nuestro sitio web, podemos mantener su sesi\u00f3n iniciada almacenando su nombre, correo electr\u00f3nico y sitio web en una cookie. Esto es para su comodidad, para que no tenga que volver a rellenar estos campos cuando vuelva a comentar. Estas cookies tienen una fecha de caducidad de 1 a\u00f1o.<\/p>\r\n\r\n\r\n\r\n\r\n<p>Cuando visite nuestra p\u00e1gina de inicio de sesi\u00f3n, instalaremos una cookie temporal para determinar si su navegador acepta cookies. Esta cookie no contiene informaci\u00f3n personal y se elimina al cerrar el navegador.<\/p>\r\n\r\n\r\n\r\n\r\n<p>Al iniciar sesi\u00f3n en el sitio web, crearemos varias cookies que guardan su informaci\u00f3n de inicio de sesi\u00f3n y las opciones de visualizaci\u00f3n del editor. Las cookies de inicio de sesi\u00f3n tienen una validez de dos d\u00edas, mientras que la cookie que almacena las opciones de visualizaci\u00f3n del editor dura un a\u00f1o. Si selecciona la opci\u00f3n &#8220;Recordarme&#8221;, el inicio de sesi\u00f3n se mantendr\u00e1 durante dos semanas. Al cerrar sesi\u00f3n, se eliminan las cookies de inicio de sesi\u00f3n.<\/p>\r\n\r\n\r\n\r\n<p>Al editar una publicaci\u00f3n o p\u00e1gina, tu navegador almacena otra cookie. Esta cookie no contiene datos personales, simplemente almacena el n\u00famero de identificaci\u00f3n de la publicaci\u00f3n que editaste. Caduca al cabo de un d\u00eda.<\/p>\r\n\r\n\r\n\r\n<h3 class=\"wp-block-heading\"><em>Contenido incrustado de otros sitios web<\/em><\/h3>\r\n\r\n\r\n\r\n<p>Las publicaciones disponibles en el sitio web pueden usar contenido incrustado de fuentes externas (por ejemplo, v\u00eddeos, im\u00e1genes, art\u00edculos, etc.). El contenido incrustado de fuentes externas se comporta exactamente como si hubi\u00e9ramos visitado otro sitio web.<\/p>\r\n\r\n\r\n\r\n<p>Estos sitios web pueden recopilar datos sobre los visitantes, utilizar cookies o c\u00f3digos de seguimiento de terceros, y monitorizar el comportamiento del usuario en relaci\u00f3n con el contenido incrustado si tenemos una cuenta de usuario y hemos iniciado sesi\u00f3n en el sitio.<\/p>\r\n<p>&nbsp;<\/p>\r\n<h1 data-start=\"1926\" data-end=\"1957\">Cookies utilizadas en el sitio web<\/h1>\r\n<h3 data-start=\"1959\" data-end=\"1990\">Cookies esenciales<\/h3>\r\n<p data-start=\"1992\" data-end=\"2183\">Estas cookies son necesarias para el funcionamiento del sitio web y no se pueden desactivar en nuestro sistema. Se pueden utilizar para garantizar, por ejemplo, la gesti\u00f3n de sesiones, la funcionalidad del carrito de compra o el inicio de sesi\u00f3n seguro.<\/p>\r\n<p data-start=\"2185\" data-end=\"2199\"><strong>PHPSESSID<\/strong><\/p>\r\n<p data-start=\"2201\" data-end=\"2436\"><strong data-start=\"2201\" data-end=\"2209\">Finalidad:<\/strong><br data-start=\"2209\" data-end=\"2212\" \/>La cookie PHPSESSID se utiliza para identificar la sesi\u00f3n del usuario. Permite que el sitio web recuerde datos relacionados con la sesi\u00f3n actual durante la navegaci\u00f3n (p. ej., contenido del carrito de compras, estado de inicio de sesi\u00f3n).<\/p>\r\n<p data-start=\"2438\" data-end=\"2493\"><strong data-start=\"2438\" data-end=\"2455\">Periodo de almacenamiento:<\/strong><br data-start=\"2455\" data-end=\"2458\" \/>Sesi\u00f3n (hasta que se cierra el navegador).<\/p>\r\n<p data-start=\"2495\" data-end=\"2612\"><strong data-start=\"2495\" data-end=\"2507\">Base legal:<\/strong><br data-start=\"2507\" data-end=\"2510\" \/>Necesario para la prestaci\u00f3n de servicios de comercio electr\u00f3nico y el funcionamiento del sitio web. Esencial para el funcionamiento del sitio web.<\/p>\r\n<h3 data-start=\"2619\" data-end=\"2691\">Cookies de an\u00e1lisis y marketing (WooCommerce \/ Sourcebuster)<\/h3>\r\n<p data-start=\"2693\" data-end=\"2888\">El sitio web utiliza un sistema de tienda online basado en WooCommerce. Las siguientes cookies se utilizan para analizar las fuentes de tr\u00e1fico y el comportamiento de los visitantes, en particular para medir la eficacia de las campa\u00f1as de marketing.<\/p>\r\n<p data-start=\"2890\" data-end=\"2941\">El uso de estas cookies se basa en su consentimiento.<\/p>\r\n<p data-start=\"2943\" data-end=\"2962\"><strong>sbjs_current<\/strong><\/p>\r\n<p data-start=\"2963\" data-end=\"3112\"><strong data-start=\"2963\" data-end=\"2971\">Finalidad:<\/strong> Registrar el origen de la visita actual (p. ej., motor de b\u00fasqueda, publicidad, redes sociales).<br data-start=\"3055\" data-end=\"3058\" \/><strong data-start=\"3058\" data-end=\"3075\">Periodo de almacenamiento:<\/strong> Permanente (6 meses por defecto).<\/p>\r\n<p data-start=\"3114\" data-end=\"3137\"><strong>sbjs_current_add<\/strong><br \/><strong data-start=\"3138\" data-end=\"3146\">Finalidad:<\/strong> Almacenar informaci\u00f3n adicional de la fuente relacionada con la visita actual.<br data-start=\"3221\" data-end=\"3224\" \/><strong data-start=\"3224\" data-end=\"3241\">Periodo de almacenamiento:<\/strong> Permanente (predeterminado: 6 meses).<\/p>\r\n<p data-start=\"3280\" data-end=\"3297\"><strong>sbjs_first<\/strong><br \/><strong data-start=\"3298\" data-end=\"3306\">Finalidad:<\/strong> Registrar la fuente de la primera visita para fines de an\u00e1lisis de marketing.<br data-start=\"3373\" data-end=\"3376\" \/><strong data-start=\"3376\" data-end=\"3393\">Tiempo de almacenamiento:<\/strong> Permanente (predeterminado: 6 meses).<\/p>\r\n<p data-start=\"3432\" data-end=\"3453\"><strong>sbjs_first_add<br \/><\/strong><strong data-start=\"3454\" data-end=\"3462\">Finalidad:<\/strong> Almacenar informaci\u00f3n de marketing adicional relacionada con la primera visita.<br data-start=\"3534\" data-end=\"3537\" \/><strong data-start=\"3537\" data-end=\"3554\">Tiempo de almacenamiento:<\/strong> Permanente (predeterminado: 6 meses).<\/p>\r\n<p data-start=\"3593\" data-end=\"3615\"><strong>sbjs_migrations<\/strong><br \/><strong data-start=\"3616\" data-end=\"3624\">Finalidad:<\/strong> Gestionar la migraci\u00f3n de los datos de seguimiento de origen y almacenar informaci\u00f3n de compatibilidad.<br data-start=\"3712\" data-end=\"3715\" \/><strong data-start=\"3715\" data-end=\"3732\">Tiempo de retenci\u00f3n:<\/strong> Permanente.<\/p>\r\n<p data-start=\"3743\" data-end=\"3762\"><strong>sbjs_session<\/strong><br \/><strong data-start=\"3763\" data-end=\"3771\">Finalidad:<\/strong> Almacenar temporalmente informaci\u00f3n de recursos relacionada con la sesi\u00f3n del usuario.<br data-start=\"3850\" data-end=\"3853\" \/><strong data-start=\"3853\" data-end=\"3870\">Tiempo de retenci\u00f3n:<\/strong> Sesi\u00f3n.<\/p>\r\n<p data-start=\"3884\" data-end=\"3901\"><strong>sbjs_udata<\/strong><br \/><strong data-start=\"3902\" data-end=\"3910\">Finalidad:<\/strong> Datos de recursos del usuario almacenados para fines de marketing y medici\u00f3n de conversiones.<br data-start=\"3983\" data-end=\"3986\" \/><strong data-start=\"3986\" data-end=\"4003\">Periodo de almacenamiento:<\/strong> Permanente (predeterminado: 6 meses).<\/p>\r\n<p data-start=\"4042\" data-end=\"4119\"><strong data-start=\"4042\" data-end=\"4054\" data-end=\"4057\" \/>Consentimiento del interesado (art\u00edculo 6 (1) (a) del RGPD).<\/p>\r\n<p>&nbsp;<\/p>\r\n\r\n\r\n\r\n<h1 class=\"wp-block-heading\">An\u00e1lisis<\/h1>\r\n<p>&nbsp;<\/p>\r\n\r\n\r\n\r\n<p><em>\r\n\r\n<\/em><\/p>\r\n<h3 class=\"wp-block-heading\"><em>\u00bfDurante cu\u00e1nto tiempo conservamos sus datos personales?<\/em><\/h3>\r\n\r\n\r\n\r\n<p>Si comenta, este y sus metadatos permanecer\u00e1n en el sistema indefinidamente. Esto se hace para garantizar que todos los comentarios posteriores sean conocidos y aprobados por nosotros, es decir, no se incluir\u00e1n en la lista de comentarios para moderaci\u00f3n.<\/p>\r\n\r\n\r\n\r\n<p>Los datos personales de los usuarios registrados en el sitio web (si los hay) tambi\u00e9n se almacenan en su propio perfil de usuario. Cada usuario puede ver, editar o eliminar sus datos personales en cualquier momento (excepto que no puede cambiar su nombre de usuario). Los administradores del sitio web tambi\u00e9n pueden ver y editar esta informaci\u00f3n.<\/p>\r\n<p>&nbsp;<\/p>\r\n\r\n\r\n\r\n\r\n<h3 class=\"wp-block-heading\"><em>\u00bfQu\u00e9 derechos tienen los usuarios con respecto a sus propios datos?<\/em><\/h3>\r\n\r\n\r\n\r\n\r\n<p>Si registra una cuenta en el sitio web o escribe un comentario, puede solicitar que se env\u00eden sus datos personales en un archivo de exportaci\u00f3n, que contiene cualquier informaci\u00f3n que el usuario nos haya proporcionado previamente. Tambi\u00e9n puede solicitar que eliminemos cualquier dato personal que nos haya proporcionado previamente. Esto no aplica a los datos que estamos obligados a conservar por razones administrativas, legales o de seguridad.<\/p>\r\n<p>&nbsp;<\/p>\r\n\r\n\r\n\r\n<h3 class=\"wp-block-heading\"><em>D\u00f3nde transferimos los datos<\/em><\/h3>\r\n\r\n\r\n\r\n<p>Los comentarios enviados por los visitantes pueden ser revisados \u200b\u200bpor un filtro autom\u00e1tico de spam.<\/p>\r\n<p>&nbsp;<\/p>\r\n\r\n\r\n\r\n\r\n\r\n<h1 class=\"wp-block-heading\">M\u00e1s informaci\u00f3n<\/h1>\r\n<p>&nbsp;<\/p>\r\n\r\n\r\n\r\n<h3 class=\"wp-block-heading\"><em>C\u00f3mo protegemos sus datos personales<\/em><\/h3>\r\n<p>Utilizamos medidas t\u00e9cnicas y organizativas adecuadas para proteger sus datos, incluyendo el control de acceso y el uso de conexiones de datos cifradas.<\/p>\r\n<p>&nbsp;<\/p>\r\n\r\n\r\n\r\n<h3 class=\"wp-block-heading\"><em>Procedimientos vigentes en caso de violaci\u00f3n de datos<\/em><\/h3>\r\n<p>En caso de un incidente de protecci\u00f3n de datos, tomaremos medidas inmediatas y, si es necesario, notificaremos a Los interesados \u200b\u200by las autoridades competentes, de conformidad con el RGPD y su normativa.<\/p>\r\n\r\n\r\n\r\n<h3 class=\"wp-block-heading\"> <\/h3>\r\n\r\n\r\n\r\n<h3 class=\"wp-block-heading\"><em>\u00bfQu\u00e9 procesos automatizados de toma de decisiones y\/o elaboraci\u00f3n de perfiles realizamos con los datos del usuario?<\/em><\/h3>\r\n<p>El sitio web no utiliza procesos automatizados de toma de decisiones ni elaboraci\u00f3n de perfiles basados \u200b\u200ben datos personales.<\/p>\r\n<p>&nbsp;<\/p>\r\n\r\n\r\n\r\n<h3 class=\"wp-block-heading\"><em>Requisitos de divulgaci\u00f3n regulados por la industria<\/em><\/h3>\r\n<p>Si una ley o un requisito reglamentario exige la conservaci\u00f3n obligatoria de datos, el responsable del tratamiento actuar\u00e1 en consecuencia.<\/p>\r\n","protected":false},"excerpt":{"rendered":"<p>Qui\u00e9nes somos Direcci\u00f3n de nuestro sitio web: https:\/\/sanatmetal.calvus.xyz. &nbsp; \u00bfQu\u00e9 datos personales recopilamos y con qu\u00e9 finalidad? &nbsp; Comentarios Al enviar un comentario, la IP del comentarista Se recopilar\u00e1n la direcci\u00f3n de correo electr\u00f3nico y el identificador del navegador, adem\u00e1s de los proporcionados en el formulario de comentarios. Se utilizar\u00e1 una cadena para filtrar el [&hellip;]<\/p>\n","protected":false},"author":1,"featured_media":0,"parent":0,"menu_order":0,"comment_status":"closed","ping_status":"open","template":"","meta":{"footnotes":""},"class_list":["post-8089","page","type-page","status-publish","hentry"],"yoast_head":"<!-- This site is optimized with the Yoast SEO plugin v27.2 - https:\/\/yoast.com\/product\/yoast-seo-wordpress\/ -->\n<title>Privacy Policy - Sanatmetal<\/title>\n<meta name=\"robots\" content=\"index, follow, max-snippet:-1, max-image-preview:large, max-video-preview:-1\" \/>\n<link rel=\"canonical\" href=\"https:\/\/sanatmetal.calvus.xyz\/es\/privacy-policy\/\" \/>\n<meta property=\"og:locale\" content=\"es_ES\" \/>\n<meta property=\"og:type\" content=\"article\" \/>\n<meta property=\"og:title\" content=\"Privacy Policy - Sanatmetal\" \/>\n<meta property=\"og:description\" content=\"Qui\u00e9nes somos Direcci\u00f3n de nuestro sitio web: https:\/\/sanatmetal.calvus.xyz. &nbsp; \u00bfQu\u00e9 datos personales recopilamos y con qu\u00e9 finalidad? &nbsp; Comentarios Al enviar un comentario, la IP del comentarista Se recopilar\u00e1n la direcci\u00f3n de correo electr\u00f3nico y el identificador del navegador, adem\u00e1s de los proporcionados en el formulario de comentarios. Se utilizar\u00e1 una cadena para filtrar el [&hellip;]\" \/>\n<meta property=\"og:url\" content=\"https:\/\/sanatmetal.calvus.xyz\/es\/privacy-policy\/\" \/>\n<meta property=\"og:site_name\" content=\"Sanatmetal\" \/>\n<meta property=\"article:modified_time\" content=\"2026-03-02T16:05:14+00:00\" \/>\n<meta name=\"twitter:card\" content=\"summary_large_image\" \/>\n<meta name=\"twitter:label1\" content=\"Est. reading time\" \/>\n\t<meta name=\"twitter:data1\" content=\"6 minutes\" \/>\n<script type=\"application\/ld+json\" class=\"yoast-schema-graph\">{\"@context\":\"https:\/\/schema.org\",\"@graph\":[{\"@type\":\"WebPage\",\"@id\":\"https:\/\/sanatmetal.calvus.xyz\/es\/privacy-policy\/\",\"url\":\"https:\/\/sanatmetal.calvus.xyz\/es\/privacy-policy\/\",\"name\":\"Privacy Policy - Sanatmetal\",\"isPartOf\":{\"@id\":\"https:\/\/sanatmetal.calvus.xyz\/en\/#website\"},\"datePublished\":\"2020-03-17T11:10:05+00:00\",\"dateModified\":\"2026-03-02T16:05:14+00:00\",\"breadcrumb\":{\"@id\":\"https:\/\/sanatmetal.calvus.xyz\/es\/privacy-policy\/#breadcrumb\"},\"inLanguage\":\"es-ES\",\"potentialAction\":[{\"@type\":\"ReadAction\",\"target\":[\"https:\/\/sanatmetal.calvus.xyz\/es\/privacy-policy\/\"]}]},{\"@type\":\"BreadcrumbList\",\"@id\":\"https:\/\/sanatmetal.calvus.xyz\/es\/privacy-policy\/#breadcrumb\",\"itemListElement\":[{\"@type\":\"ListItem\",\"position\":1,\"name\":\"Home\",\"item\":\"https:\/\/sanatmetal.calvus.xyz\/es\/\"},{\"@type\":\"ListItem\",\"position\":2,\"name\":\"Privacy Policy\"}]},{\"@type\":\"WebSite\",\"@id\":\"https:\/\/sanatmetal.calvus.xyz\/en\/#website\",\"url\":\"https:\/\/sanatmetal.calvus.xyz\/en\/\",\"name\":\"Sanatmetal\",\"description\":\"\",\"publisher\":{\"@id\":\"https:\/\/sanatmetal.calvus.xyz\/en\/#organization\"},\"potentialAction\":[{\"@type\":\"SearchAction\",\"target\":{\"@type\":\"EntryPoint\",\"urlTemplate\":\"https:\/\/sanatmetal.calvus.xyz\/en\/?s={search_term_string}\"},\"query-input\":{\"@type\":\"PropertyValueSpecification\",\"valueRequired\":true,\"valueName\":\"search_term_string\"}}],\"inLanguage\":\"es-ES\"},{\"@type\":\"Organization\",\"@id\":\"https:\/\/sanatmetal.calvus.xyz\/en\/#organization\",\"name\":\"Sanatmetal\",\"url\":\"https:\/\/sanatmetal.calvus.xyz\/en\/\",\"logo\":{\"@type\":\"ImageObject\",\"inLanguage\":\"es-ES\",\"@id\":\"https:\/\/sanatmetal.calvus.xyz\/en\/#\/schema\/logo\/image\/\",\"url\":\"https:\/\/sanatmetal.calvus.xyz\/wp-content\/uploads\/2024\/10\/Nevtelen-terv-5-e1728647058747.png\",\"contentUrl\":\"https:\/\/sanatmetal.calvus.xyz\/wp-content\/uploads\/2024\/10\/Nevtelen-terv-5-e1728647058747.png\",\"width\":1410,\"height\":1293,\"caption\":\"Sanatmetal\"},\"image\":{\"@id\":\"https:\/\/sanatmetal.calvus.xyz\/en\/#\/schema\/logo\/image\/\"}}]}<\/script>\n<!-- \/ Yoast SEO plugin. -->","yoast_head_json":{"title":"Privacy Policy - Sanatmetal","robots":{"index":"index","follow":"follow","max-snippet":"max-snippet:-1","max-image-preview":"max-image-preview:large","max-video-preview":"max-video-preview:-1"},"canonical":"https:\/\/sanatmetal.calvus.xyz\/es\/privacy-policy\/","og_locale":"es_ES","og_type":"article","og_title":"Privacy Policy - Sanatmetal","og_description":"Qui\u00e9nes somos Direcci\u00f3n de nuestro sitio web: https:\/\/sanatmetal.calvus.xyz. &nbsp; \u00bfQu\u00e9 datos personales recopilamos y con qu\u00e9 finalidad? &nbsp; Comentarios Al enviar un comentario, la IP del comentarista Se recopilar\u00e1n la direcci\u00f3n de correo electr\u00f3nico y el identificador del navegador, adem\u00e1s de los proporcionados en el formulario de comentarios. Se utilizar\u00e1 una cadena para filtrar el [&hellip;]","og_url":"https:\/\/sanatmetal.calvus.xyz\/es\/privacy-policy\/","og_site_name":"Sanatmetal","article_modified_time":"2026-03-02T16:05:14+00:00","twitter_card":"summary_large_image","twitter_misc":{"Est. reading time":"6 minutes"},"schema":{"@context":"https:\/\/schema.org","@graph":[{"@type":"WebPage","@id":"https:\/\/sanatmetal.calvus.xyz\/es\/privacy-policy\/","url":"https:\/\/sanatmetal.calvus.xyz\/es\/privacy-policy\/","name":"Privacy Policy - Sanatmetal","isPartOf":{"@id":"https:\/\/sanatmetal.calvus.xyz\/en\/#website"},"datePublished":"2020-03-17T11:10:05+00:00","dateModified":"2026-03-02T16:05:14+00:00","breadcrumb":{"@id":"https:\/\/sanatmetal.calvus.xyz\/es\/privacy-policy\/#breadcrumb"},"inLanguage":"es-ES","potentialAction":[{"@type":"ReadAction","target":["https:\/\/sanatmetal.calvus.xyz\/es\/privacy-policy\/"]}]},{"@type":"BreadcrumbList","@id":"https:\/\/sanatmetal.calvus.xyz\/es\/privacy-policy\/#breadcrumb","itemListElement":[{"@type":"ListItem","position":1,"name":"Home","item":"https:\/\/sanatmetal.calvus.xyz\/es\/"},{"@type":"ListItem","position":2,"name":"Privacy Policy"}]},{"@type":"WebSite","@id":"https:\/\/sanatmetal.calvus.xyz\/en\/#website","url":"https:\/\/sanatmetal.calvus.xyz\/en\/","name":"Sanatmetal","description":"","publisher":{"@id":"https:\/\/sanatmetal.calvus.xyz\/en\/#organization"},"potentialAction":[{"@type":"SearchAction","target":{"@type":"EntryPoint","urlTemplate":"https:\/\/sanatmetal.calvus.xyz\/en\/?s={search_term_string}"},"query-input":{"@type":"PropertyValueSpecification","valueRequired":true,"valueName":"search_term_string"}}],"inLanguage":"es-ES"},{"@type":"Organization","@id":"https:\/\/sanatmetal.calvus.xyz\/en\/#organization","name":"Sanatmetal","url":"https:\/\/sanatmetal.calvus.xyz\/en\/","logo":{"@type":"ImageObject","inLanguage":"es-ES","@id":"https:\/\/sanatmetal.calvus.xyz\/en\/#\/schema\/logo\/image\/","url":"https:\/\/sanatmetal.calvus.xyz\/wp-content\/uploads\/2024\/10\/Nevtelen-terv-5-e1728647058747.png","contentUrl":"https:\/\/sanatmetal.calvus.xyz\/wp-content\/uploads\/2024\/10\/Nevtelen-terv-5-e1728647058747.png","width":1410,"height":1293,"caption":"Sanatmetal"},"image":{"@id":"https:\/\/sanatmetal.calvus.xyz\/en\/#\/schema\/logo\/image\/"}}]}},"_links":{"self":[{"href":"https:\/\/sanatmetal.calvus.xyz\/es\/wp-json\/wp\/v2\/pages\/8089","targetHints":{"allow":["GET"]}}],"collection":[{"href":"https:\/\/sanatmetal.calvus.xyz\/es\/wp-json\/wp\/v2\/pages"}],"about":[{"href":"https:\/\/sanatmetal.calvus.xyz\/es\/wp-json\/wp\/v2\/types\/page"}],"author":[{"embeddable":true,"href":"https:\/\/sanatmetal.calvus.xyz\/es\/wp-json\/wp\/v2\/users\/1"}],"replies":[{"embeddable":true,"href":"https:\/\/sanatmetal.calvus.xyz\/es\/wp-json\/wp\/v2\/comments?post=8089"}],"version-history":[{"count":3,"href":"https:\/\/sanatmetal.calvus.xyz\/es\/wp-json\/wp\/v2\/pages\/8089\/revisions"}],"predecessor-version":[{"id":16444,"href":"https:\/\/sanatmetal.calvus.xyz\/es\/wp-json\/wp\/v2\/pages\/8089\/revisions\/16444"}],"wp:attachment":[{"href":"https:\/\/sanatmetal.calvus.xyz\/es\/wp-json\/wp\/v2\/media?parent=8089"}],"curies":[{"name":"wp","href":"https:\/\/api.w.org\/{rel}","templated":true}]}}