{"id":7822,"date":"2020-03-17T10:41:59","date_gmt":"2020-03-17T10:41:59","guid":{"rendered":"https:\/\/sanatmetal.calvus.xyz\/about-us\/"},"modified":"2020-10-20T15:24:32","modified_gmt":"2020-10-20T15:24:32","slug":"about-us","status":"publish","type":"page","link":"https:\/\/sanatmetal.calvus.xyz\/es\/about-us\/","title":{"rendered":"SOBRE NOSOTROS"},"content":{"rendered":"<h1><\/h1>\n<p>\u201eNosotros, en Sanatmetal SRL, llevamos m\u00e1s de medio siglo trabajando en mejorar la calidad de vida de la gente con nuestros productos m\u00e9dicos de nivel mundial. Para alcanzar el mejor resultado posible, creamos tanto nuestros implantes para traumatolog\u00eda, cirug\u00eda espinal y dental, y nuestros pr\u00f3tesis de reemplazo de articulaci\u00f3n como nuestros dispositivos de diagn\u00f3stico innovadores, en cooperaci\u00f3n con m\u00e9dicos internacionalmente reconocidos y empresas l\u00edder a nivel mundial. Nuestra presencia industrial est\u00e1 caracterizada por la apertura y el pensamiento innovador, estamos buscando las posibilidades de desarrollo y colaboraci\u00f3n constantemente. Adem\u00e1s, para nosotros es sumamente importante asegurar a nuestros m\u00e1s de 300 empleados un ambiente de trabajo seguro y agradable, adonde es un placer entrar cada d\u00eda y trabajar por nuestro objetivo com\u00fan, hacer la vida de las personas m\u00e1s f\u00e1cil.\u201d<\/p>\n<h1><\/h1>\n<p class=\"mb-0\"><strong>J\u00f3zsef Farkas<\/strong><\/p>\n<p class=\"mb-0\">\u00a0director general<\/p>\n","protected":false},"excerpt":{"rendered":"<p>\u201eNosotros, en Sanatmetal SRL, llevamos m\u00e1s de medio siglo trabajando en mejorar la calidad de vida de la gente con nuestros productos m\u00e9dicos de nivel mundial. Para alcanzar el mejor resultado posible, creamos tanto nuestros implantes para traumatolog\u00eda, cirug\u00eda espinal y dental, y nuestros pr\u00f3tesis de reemplazo de articulaci\u00f3n como nuestros dispositivos de diagn\u00f3stico innovadores, [&hellip;]<\/p>\n","protected":false},"author":1,"featured_media":7823,"parent":0,"menu_order":0,"comment_status":"closed","ping_status":"closed","template":"page-rolunk.php","meta":{"footnotes":""},"class_list":["post-7822","page","type-page","status-publish","has-post-thumbnail","hentry"],"yoast_head":"<!-- This site is optimized with the Yoast SEO plugin v27.2 - https:\/\/yoast.com\/product\/yoast-seo-wordpress\/ -->\n<title>SOBRE NOSOTROS - Sanatmetal<\/title>\n<meta name=\"robots\" content=\"index, follow, max-snippet:-1, max-image-preview:large, max-video-preview:-1\" \/>\n<link rel=\"canonical\" href=\"https:\/\/sanatmetal.calvus.xyz\/es\/about-us\/\" \/>\n<meta property=\"og:locale\" content=\"es_ES\" \/>\n<meta property=\"og:type\" content=\"article\" \/>\n<meta property=\"og:title\" content=\"SOBRE NOSOTROS - Sanatmetal\" \/>\n<meta property=\"og:description\" content=\"\u201eNosotros, en Sanatmetal SRL, llevamos m\u00e1s de medio siglo trabajando en mejorar la calidad de vida de la gente con nuestros productos m\u00e9dicos de nivel mundial. Para alcanzar el mejor resultado posible, creamos tanto nuestros implantes para traumatolog\u00eda, cirug\u00eda espinal y dental, y nuestros pr\u00f3tesis de reemplazo de articulaci\u00f3n como nuestros dispositivos de diagn\u00f3stico innovadores, [&hellip;]\" \/>\n<meta property=\"og:url\" content=\"https:\/\/sanatmetal.calvus.xyz\/es\/about-us\/\" \/>\n<meta property=\"og:site_name\" content=\"Sanatmetal\" \/>\n<meta property=\"article:modified_time\" content=\"2020-10-20T15:24:32+00:00\" \/>\n<meta property=\"og:image\" content=\"https:\/\/sanatmetal.calvus.xyz\/wp-content\/uploads\/2020\/01\/header_rolunk.jpg\" \/>\n\t<meta property=\"og:image:width\" content=\"1914\" \/>\n\t<meta property=\"og:image:height\" content=\"776\" \/>\n\t<meta property=\"og:image:type\" content=\"image\/jpeg\" \/>\n<meta name=\"twitter:card\" content=\"summary_large_image\" \/>\n<meta name=\"twitter:label1\" content=\"Est. reading time\" \/>\n\t<meta name=\"twitter:data1\" content=\"1 minute\" \/>\n<script type=\"application\/ld+json\" class=\"yoast-schema-graph\">{\"@context\":\"https:\/\/schema.org\",\"@graph\":[{\"@type\":\"WebPage\",\"@id\":\"https:\/\/sanatmetal.calvus.xyz\/es\/about-us\/\",\"url\":\"https:\/\/sanatmetal.calvus.xyz\/es\/about-us\/\",\"name\":\"SOBRE NOSOTROS - Sanatmetal\",\"isPartOf\":{\"@id\":\"https:\/\/sanatmetal.calvus.xyz\/en\/#website\"},\"primaryImageOfPage\":{\"@id\":\"https:\/\/sanatmetal.calvus.xyz\/es\/about-us\/#primaryimage\"},\"image\":{\"@id\":\"https:\/\/sanatmetal.calvus.xyz\/es\/about-us\/#primaryimage\"},\"thumbnailUrl\":\"https:\/\/sanatmetal.calvus.xyz\/wp-content\/uploads\/2020\/01\/header_rolunk.webp\",\"datePublished\":\"2020-03-17T10:41:59+00:00\",\"dateModified\":\"2020-10-20T15:24:32+00:00\",\"breadcrumb\":{\"@id\":\"https:\/\/sanatmetal.calvus.xyz\/es\/about-us\/#breadcrumb\"},\"inLanguage\":\"es-ES\",\"potentialAction\":[{\"@type\":\"ReadAction\",\"target\":[\"https:\/\/sanatmetal.calvus.xyz\/es\/about-us\/\"]}]},{\"@type\":\"ImageObject\",\"inLanguage\":\"es-ES\",\"@id\":\"https:\/\/sanatmetal.calvus.xyz\/es\/about-us\/#primaryimage\",\"url\":\"https:\/\/sanatmetal.calvus.xyz\/wp-content\/uploads\/2020\/01\/header_rolunk.webp\",\"contentUrl\":\"https:\/\/sanatmetal.calvus.xyz\/wp-content\/uploads\/2020\/01\/header_rolunk.webp\",\"width\":1914,\"height\":776},{\"@type\":\"BreadcrumbList\",\"@id\":\"https:\/\/sanatmetal.calvus.xyz\/es\/about-us\/#breadcrumb\",\"itemListElement\":[{\"@type\":\"ListItem\",\"position\":1,\"name\":\"Home\",\"item\":\"https:\/\/sanatmetal.calvus.xyz\/es\/\"},{\"@type\":\"ListItem\",\"position\":2,\"name\":\"SOBRE NOSOTROS\"}]},{\"@type\":\"WebSite\",\"@id\":\"https:\/\/sanatmetal.calvus.xyz\/en\/#website\",\"url\":\"https:\/\/sanatmetal.calvus.xyz\/en\/\",\"name\":\"Sanatmetal\",\"description\":\"\",\"publisher\":{\"@id\":\"https:\/\/sanatmetal.calvus.xyz\/en\/#organization\"},\"potentialAction\":[{\"@type\":\"SearchAction\",\"target\":{\"@type\":\"EntryPoint\",\"urlTemplate\":\"https:\/\/sanatmetal.calvus.xyz\/en\/?s={search_term_string}\"},\"query-input\":{\"@type\":\"PropertyValueSpecification\",\"valueRequired\":true,\"valueName\":\"search_term_string\"}}],\"inLanguage\":\"es-ES\"},{\"@type\":\"Organization\",\"@id\":\"https:\/\/sanatmetal.calvus.xyz\/en\/#organization\",\"name\":\"Sanatmetal\",\"url\":\"https:\/\/sanatmetal.calvus.xyz\/en\/\",\"logo\":{\"@type\":\"ImageObject\",\"inLanguage\":\"es-ES\",\"@id\":\"https:\/\/sanatmetal.calvus.xyz\/en\/#\/schema\/logo\/image\/\",\"url\":\"https:\/\/sanatmetal.calvus.xyz\/wp-content\/uploads\/2024\/10\/Nevtelen-terv-5-e1728647058747.png\",\"contentUrl\":\"https:\/\/sanatmetal.calvus.xyz\/wp-content\/uploads\/2024\/10\/Nevtelen-terv-5-e1728647058747.png\",\"width\":1410,\"height\":1293,\"caption\":\"Sanatmetal\"},\"image\":{\"@id\":\"https:\/\/sanatmetal.calvus.xyz\/en\/#\/schema\/logo\/image\/\"}}]}<\/script>\n<!-- \/ Yoast SEO plugin. -->","yoast_head_json":{"title":"SOBRE NOSOTROS - Sanatmetal","robots":{"index":"index","follow":"follow","max-snippet":"max-snippet:-1","max-image-preview":"max-image-preview:large","max-video-preview":"max-video-preview:-1"},"canonical":"https:\/\/sanatmetal.calvus.xyz\/es\/about-us\/","og_locale":"es_ES","og_type":"article","og_title":"SOBRE NOSOTROS - Sanatmetal","og_description":"\u201eNosotros, en Sanatmetal SRL, llevamos m\u00e1s de medio siglo trabajando en mejorar la calidad de vida de la gente con nuestros productos m\u00e9dicos de nivel mundial. Para alcanzar el mejor resultado posible, creamos tanto nuestros implantes para traumatolog\u00eda, cirug\u00eda espinal y dental, y nuestros pr\u00f3tesis de reemplazo de articulaci\u00f3n como nuestros dispositivos de diagn\u00f3stico innovadores, [&hellip;]","og_url":"https:\/\/sanatmetal.calvus.xyz\/es\/about-us\/","og_site_name":"Sanatmetal","article_modified_time":"2020-10-20T15:24:32+00:00","og_image":[{"width":1914,"height":776,"url":"https:\/\/sanatmetal.calvus.xyz\/wp-content\/uploads\/2020\/01\/header_rolunk.jpg","type":"image\/jpeg"}],"twitter_card":"summary_large_image","twitter_misc":{"Est. reading time":"1 minute"},"schema":{"@context":"https:\/\/schema.org","@graph":[{"@type":"WebPage","@id":"https:\/\/sanatmetal.calvus.xyz\/es\/about-us\/","url":"https:\/\/sanatmetal.calvus.xyz\/es\/about-us\/","name":"SOBRE NOSOTROS - Sanatmetal","isPartOf":{"@id":"https:\/\/sanatmetal.calvus.xyz\/en\/#website"},"primaryImageOfPage":{"@id":"https:\/\/sanatmetal.calvus.xyz\/es\/about-us\/#primaryimage"},"image":{"@id":"https:\/\/sanatmetal.calvus.xyz\/es\/about-us\/#primaryimage"},"thumbnailUrl":"https:\/\/sanatmetal.calvus.xyz\/wp-content\/uploads\/2020\/01\/header_rolunk.webp","datePublished":"2020-03-17T10:41:59+00:00","dateModified":"2020-10-20T15:24:32+00:00","breadcrumb":{"@id":"https:\/\/sanatmetal.calvus.xyz\/es\/about-us\/#breadcrumb"},"inLanguage":"es-ES","potentialAction":[{"@type":"ReadAction","target":["https:\/\/sanatmetal.calvus.xyz\/es\/about-us\/"]}]},{"@type":"ImageObject","inLanguage":"es-ES","@id":"https:\/\/sanatmetal.calvus.xyz\/es\/about-us\/#primaryimage","url":"https:\/\/sanatmetal.calvus.xyz\/wp-content\/uploads\/2020\/01\/header_rolunk.webp","contentUrl":"https:\/\/sanatmetal.calvus.xyz\/wp-content\/uploads\/2020\/01\/header_rolunk.webp","width":1914,"height":776},{"@type":"BreadcrumbList","@id":"https:\/\/sanatmetal.calvus.xyz\/es\/about-us\/#breadcrumb","itemListElement":[{"@type":"ListItem","position":1,"name":"Home","item":"https:\/\/sanatmetal.calvus.xyz\/es\/"},{"@type":"ListItem","position":2,"name":"SOBRE NOSOTROS"}]},{"@type":"WebSite","@id":"https:\/\/sanatmetal.calvus.xyz\/en\/#website","url":"https:\/\/sanatmetal.calvus.xyz\/en\/","name":"Sanatmetal","description":"","publisher":{"@id":"https:\/\/sanatmetal.calvus.xyz\/en\/#organization"},"potentialAction":[{"@type":"SearchAction","target":{"@type":"EntryPoint","urlTemplate":"https:\/\/sanatmetal.calvus.xyz\/en\/?s={search_term_string}"},"query-input":{"@type":"PropertyValueSpecification","valueRequired":true,"valueName":"search_term_string"}}],"inLanguage":"es-ES"},{"@type":"Organization","@id":"https:\/\/sanatmetal.calvus.xyz\/en\/#organization","name":"Sanatmetal","url":"https:\/\/sanatmetal.calvus.xyz\/en\/","logo":{"@type":"ImageObject","inLanguage":"es-ES","@id":"https:\/\/sanatmetal.calvus.xyz\/en\/#\/schema\/logo\/image\/","url":"https:\/\/sanatmetal.calvus.xyz\/wp-content\/uploads\/2024\/10\/Nevtelen-terv-5-e1728647058747.png","contentUrl":"https:\/\/sanatmetal.calvus.xyz\/wp-content\/uploads\/2024\/10\/Nevtelen-terv-5-e1728647058747.png","width":1410,"height":1293,"caption":"Sanatmetal"},"image":{"@id":"https:\/\/sanatmetal.calvus.xyz\/en\/#\/schema\/logo\/image\/"}}]}},"_links":{"self":[{"href":"https:\/\/sanatmetal.calvus.xyz\/es\/wp-json\/wp\/v2\/pages\/7822","targetHints":{"allow":["GET"]}}],"collection":[{"href":"https:\/\/sanatmetal.calvus.xyz\/es\/wp-json\/wp\/v2\/pages"}],"about":[{"href":"https:\/\/sanatmetal.calvus.xyz\/es\/wp-json\/wp\/v2\/types\/page"}],"author":[{"embeddable":true,"href":"https:\/\/sanatmetal.calvus.xyz\/es\/wp-json\/wp\/v2\/users\/1"}],"replies":[{"embeddable":true,"href":"https:\/\/sanatmetal.calvus.xyz\/es\/wp-json\/wp\/v2\/comments?post=7822"}],"version-history":[{"count":1,"href":"https:\/\/sanatmetal.calvus.xyz\/es\/wp-json\/wp\/v2\/pages\/7822\/revisions"}],"predecessor-version":[{"id":7824,"href":"https:\/\/sanatmetal.calvus.xyz\/es\/wp-json\/wp\/v2\/pages\/7822\/revisions\/7824"}],"wp:featuredmedia":[{"embeddable":true,"href":"https:\/\/sanatmetal.calvus.xyz\/es\/wp-json\/wp\/v2\/media\/7823"}],"wp:attachment":[{"href":"https:\/\/sanatmetal.calvus.xyz\/es\/wp-json\/wp\/v2\/media?parent=7822"}],"curies":[{"name":"wp","href":"https:\/\/api.w.org\/{rel}","templated":true}]}}